{"id":85281,"date":"2026-04-09T21:52:00","date_gmt":"2026-04-09T21:52:00","guid":{"rendered":"https:\/\/drop-shot.com\/store\/produto\/corda-tenis-solinco-confidential-rolo-200m-cinzento\/"},"modified":"2026-04-13T22:39:26","modified_gmt":"2026-04-13T22:39:26","slug":"corda-tenis-solinco-confidential-rolo-200m-cinzento","status":"publish","type":"product","link":"https:\/\/drop-shot.com\/store\/produto\/corda-tenis-solinco-confidential-rolo-200m-cinzento\/","title":{"rendered":"Corda T\u00e9nis Solinco Confidential Rolo 200m (Cinzento)"},"content":{"rendered":"<p>A corda de T\u00e9nis Solinco Confidential de 200m \u00e9 uma corda co-poli\u00e9ster de alto desempenho com pot\u00eancia, controlo e conforto melhorado para a pr\u00e1tica de t\u00e9nis competitivo.<\/p>\n<p>Caracter\u00edsticas principais:<br \/>\n&#8211; Rolo de 200 metros<br \/>\n&#8211; Co-poli\u00e9ster de alto desempenho<br \/>\n&#8211; Pot\u00eancia e controlo<br \/>\n&#8211; Conforto melhorado<br \/>\n&#8211; Toque exceciona<\/p>\n","protected":false},"excerpt":{"rendered":"<p>A corda de T\u00e9nis perfeita para jogadores que procuram pot\u00eancia, controlo e toque num co-poli\u00e9ster de alta qualidade.<\/p>\n","protected":false},"featured_media":85293,"template":"","meta":[],"pwb-brand":[2712],"product_brand":[],"product_cat":[1371,1368],"product_tag":[],"class_list":{"0":"post-85281","1":"product","2":"type-product","3":"status-publish","4":"has-post-thumbnail","6":"pwb-brand-solinco","7":"product_cat-cordas-tenis","8":"product_cat-tenis","10":"first","11":"instock","12":"sale","13":"taxable","14":"shipping-taxable","15":"purchasable","16":"product-type-variable","17":"wvs-archive-product-wrapper"},"brands":[{"id":2712,"name":"Solinco","slug":"solinco"}],"_links":{"self":[{"href":"https:\/\/drop-shot.com\/store\/wp-json\/wp\/v2\/product\/85281","targetHints":{"allow":["GET"]}}],"collection":[{"href":"https:\/\/drop-shot.com\/store\/wp-json\/wp\/v2\/product"}],"about":[{"href":"https:\/\/drop-shot.com\/store\/wp-json\/wp\/v2\/types\/product"}],"version-history":[{"count":6,"href":"https:\/\/drop-shot.com\/store\/wp-json\/wp\/v2\/product\/85281\/revisions"}],"predecessor-version":[{"id":85300,"href":"https:\/\/drop-shot.com\/store\/wp-json\/wp\/v2\/product\/85281\/revisions\/85300"}],"wp:featuredmedia":[{"embeddable":true,"href":"https:\/\/drop-shot.com\/store\/wp-json\/wp\/v2\/media\/85293"}],"wp:attachment":[{"href":"https:\/\/drop-shot.com\/store\/wp-json\/wp\/v2\/media?parent=85281"}],"wp:term":[{"taxonomy":"pwb-brand","embeddable":true,"href":"https:\/\/drop-shot.com\/store\/wp-json\/wp\/v2\/pwb-brand?post=85281"},{"taxonomy":"product_brand","embeddable":true,"href":"https:\/\/drop-shot.com\/store\/wp-json\/wp\/v2\/product_brand?post=85281"},{"taxonomy":"product_cat","embeddable":true,"href":"https:\/\/drop-shot.com\/store\/wp-json\/wp\/v2\/product_cat?post=85281"},{"taxonomy":"product_tag","embeddable":true,"href":"https:\/\/drop-shot.com\/store\/wp-json\/wp\/v2\/product_tag?post=85281"}],"curies":[{"name":"wp","href":"https:\/\/api.w.org\/{rel}","templated":true}]}}