{"id":85258,"date":"2026-04-02T23:14:31","date_gmt":"2026-04-02T23:14:31","guid":{"rendered":"https:\/\/drop-shot.com\/store\/produto\/corda-tenis-solinco-hyper-g-rolo-200m-verde\/"},"modified":"2026-04-14T09:18:57","modified_gmt":"2026-04-14T09:18:57","slug":"corda-tenis-solinco-hyper-g-rolo-200m-verde","status":"publish","type":"product","link":"https:\/\/drop-shot.com\/store\/produto\/corda-tenis-solinco-hyper-g-rolo-200m-verde\/","title":{"rendered":"Corda T\u00e9nis Solinco Hyper-G Rolo 200m (Verde)"},"content":{"rendered":"<p>A corda para T\u00e9nis Solinco Hyper-G \u00e9 uma refer\u00eancia na gama co-poli\u00e9ster.<\/p>\n<p>Este modelo de corda \u00e9 escolhida por jogadores de topo pelo seu equil\u00edbrio entre spin agressivo, pot\u00eancia controlada e conforto.<\/p>\n<p>Com perfil exclusivo e tecnologia avan\u00e7ada, oferece desempenho excecional.<\/p>\n<p>Caracter\u00edsticas principais:<br \/>\n&#8211; Rolo de 200 metros<br \/>\n&#8211; Co-poli\u00e9ster topo de gama<br \/>\n&#8211; Spin elevado e pot\u00eancia controlada<br \/>\n&#8211; Grande conforto<br \/>\n&#8211; Perfil exclusivo<br \/>\n&#8211; Escolha de jogadores de topo<\/p>\n","protected":false},"excerpt":{"rendered":"<p>A corda para T\u00e9nis perfeita para jogadores que procuram o melhor equil\u00edbrio entre spin, pot\u00eancia e conforto.<\/p>\n","protected":false},"featured_media":85270,"template":"","meta":[],"pwb-brand":[2712],"product_brand":[],"product_cat":[1371,1368],"product_tag":[],"class_list":{"0":"post-85258","1":"product","2":"type-product","3":"status-publish","4":"has-post-thumbnail","6":"pwb-brand-solinco","7":"product_cat-cordas-tenis","8":"product_cat-tenis","10":"first","11":"instock","12":"sale","13":"taxable","14":"shipping-taxable","15":"purchasable","16":"product-type-variable","17":"wvs-archive-product-wrapper"},"brands":[{"id":2712,"name":"Solinco","slug":"solinco"}],"_links":{"self":[{"href":"https:\/\/drop-shot.com\/store\/wp-json\/wp\/v2\/product\/85258","targetHints":{"allow":["GET"]}}],"collection":[{"href":"https:\/\/drop-shot.com\/store\/wp-json\/wp\/v2\/product"}],"about":[{"href":"https:\/\/drop-shot.com\/store\/wp-json\/wp\/v2\/types\/product"}],"version-history":[{"count":9,"href":"https:\/\/drop-shot.com\/store\/wp-json\/wp\/v2\/product\/85258\/revisions"}],"predecessor-version":[{"id":85305,"href":"https:\/\/drop-shot.com\/store\/wp-json\/wp\/v2\/product\/85258\/revisions\/85305"}],"wp:featuredmedia":[{"embeddable":true,"href":"https:\/\/drop-shot.com\/store\/wp-json\/wp\/v2\/media\/85270"}],"wp:attachment":[{"href":"https:\/\/drop-shot.com\/store\/wp-json\/wp\/v2\/media?parent=85258"}],"wp:term":[{"taxonomy":"pwb-brand","embeddable":true,"href":"https:\/\/drop-shot.com\/store\/wp-json\/wp\/v2\/pwb-brand?post=85258"},{"taxonomy":"product_brand","embeddable":true,"href":"https:\/\/drop-shot.com\/store\/wp-json\/wp\/v2\/product_brand?post=85258"},{"taxonomy":"product_cat","embeddable":true,"href":"https:\/\/drop-shot.com\/store\/wp-json\/wp\/v2\/product_cat?post=85258"},{"taxonomy":"product_tag","embeddable":true,"href":"https:\/\/drop-shot.com\/store\/wp-json\/wp\/v2\/product_tag?post=85258"}],"curies":[{"name":"wp","href":"https:\/\/api.w.org\/{rel}","templated":true}]}}