{"id":85121,"date":"2026-01-06T00:27:10","date_gmt":"2026-01-06T00:27:10","guid":{"rendered":"https:\/\/drop-shot.com\/store\/produto\/saia-dunlop-club-skirt-senhora-branco\/"},"modified":"2026-04-17T13:27:36","modified_gmt":"2026-04-17T13:27:36","slug":"saia-dunlop-club-skirt-senhora-branco","status":"publish","type":"product","link":"https:\/\/drop-shot.com\/store\/produto\/saia-dunlop-club-skirt-senhora-branco\/","title":{"rendered":"Saia Dunlop Club Skirt Senhora (Branco)"},"content":{"rendered":"<p>Feita de material macio, esta saia garante um ajuste confort\u00e1vel, mantendo um visual elegante.<\/p>\n<p>Parte da cole\u00e7\u00e3o Dunlop Clubwear, exibe o ic\u00f3nico log\u00f3tipo Flying D no lado esquerdo.<\/p>\n<p>A Dunlop \u00e9 uma marca de confian\u00e7a no mundo do t\u00e9nis h\u00e1 mais de 130 anos, com roupas concebidas para jogadores de todos os n\u00edveis. O nosso compromisso com tecidos de qualidade garante que os jogadores possam ter um desempenho confiante, independentemente de onde ou com que frequ\u00eancia jogam.<\/p>\n","protected":false},"excerpt":{"rendered":"<p>A Saia Dunlop Club Skirt oferece um conforto excepcional com uma cintura el\u00e1stica e cal\u00e7\u00f5es legging integrados para maior praticidade no campo.<\/p>\n","protected":false},"featured_media":85155,"template":"","meta":[],"pwb-brand":[],"product_brand":[],"product_cat":[1379,1377],"product_tag":[],"class_list":{"0":"post-85121","1":"product","2":"type-product","3":"status-publish","4":"has-post-thumbnail","6":"product_cat-senhora","7":"product_cat-textil","9":"first","10":"outofstock","11":"sale","12":"taxable","13":"shipping-taxable","14":"purchasable","15":"product-type-variable","16":"wvs-archive-product-wrapper"},"brands":[],"_links":{"self":[{"href":"https:\/\/drop-shot.com\/store\/wp-json\/wp\/v2\/product\/85121","targetHints":{"allow":["GET"]}}],"collection":[{"href":"https:\/\/drop-shot.com\/store\/wp-json\/wp\/v2\/product"}],"about":[{"href":"https:\/\/drop-shot.com\/store\/wp-json\/wp\/v2\/types\/product"}],"version-history":[{"count":1,"href":"https:\/\/drop-shot.com\/store\/wp-json\/wp\/v2\/product\/85121\/revisions"}],"predecessor-version":[{"id":85150,"href":"https:\/\/drop-shot.com\/store\/wp-json\/wp\/v2\/product\/85121\/revisions\/85150"}],"wp:featuredmedia":[{"embeddable":true,"href":"https:\/\/drop-shot.com\/store\/wp-json\/wp\/v2\/media\/85155"}],"wp:attachment":[{"href":"https:\/\/drop-shot.com\/store\/wp-json\/wp\/v2\/media?parent=85121"}],"wp:term":[{"taxonomy":"pwb-brand","embeddable":true,"href":"https:\/\/drop-shot.com\/store\/wp-json\/wp\/v2\/pwb-brand?post=85121"},{"taxonomy":"product_brand","embeddable":true,"href":"https:\/\/drop-shot.com\/store\/wp-json\/wp\/v2\/product_brand?post=85121"},{"taxonomy":"product_cat","embeddable":true,"href":"https:\/\/drop-shot.com\/store\/wp-json\/wp\/v2\/product_cat?post=85121"},{"taxonomy":"product_tag","embeddable":true,"href":"https:\/\/drop-shot.com\/store\/wp-json\/wp\/v2\/product_tag?post=85121"}],"curies":[{"name":"wp","href":"https:\/\/api.w.org\/{rel}","templated":true}]}}