{"id":85119,"date":"2026-01-06T00:27:06","date_gmt":"2026-01-06T00:27:06","guid":{"rendered":"https:\/\/drop-shot.com\/store\/produto\/polo-dunlop-club-senhora-azul-royal\/"},"modified":"2026-04-17T13:26:12","modified_gmt":"2026-04-17T13:26:12","slug":"polo-dunlop-club-senhora-azul-royal","status":"publish","type":"product","link":"https:\/\/drop-shot.com\/store\/produto\/polo-dunlop-club-senhora-azul-royal\/","title":{"rendered":"P\u00f3lo Dunlop Club Senhora (Azul Royal)"},"content":{"rendered":"<p>O log\u00f3tipo Flying-D adiciona um toque cl\u00e1ssico a este polo moderno, enquanto o corte regular garante conforto durante o jogo.<\/p>\n<p>A ventila\u00e7\u00e3o ideal atrav\u00e9s das sec\u00e7\u00f5es de malha nas laterais criam um sentimento fresco, tornando-o ideal tanto dentro como fora do campo.<\/p>\n<p>Este artigo faz parte da cole\u00e7\u00e3o Dunlop Clubwear, concebida para jogadores de todos os n\u00edveis.<\/p>\n<p>A Dunlop \u00e9 uma marca de confian\u00e7a no t\u00e9nis h\u00e1 mais de 130 anos, fornecendo vestu\u00e1rio de alta qualidade que satisfaz as necessidades dos atletas em todo o mundo.<\/p>\n","protected":false},"excerpt":{"rendered":"<p>O P\u00f3lo Dunlop Club Senhora foi concebido para oferecer desempenho e estilo, com um aperto perfeito e uma constru\u00e7\u00e3o muito leve. <\/p>\n","protected":false},"featured_media":85152,"template":"","meta":[],"pwb-brand":[],"product_brand":[],"product_cat":[1379,1377],"product_tag":[],"class_list":{"0":"post-85119","1":"product","2":"type-product","3":"status-publish","4":"has-post-thumbnail","6":"product_cat-senhora","7":"product_cat-textil","9":"first","10":"outofstock","11":"sale","12":"taxable","13":"shipping-taxable","14":"purchasable","15":"product-type-variable","16":"wvs-archive-product-wrapper"},"brands":[],"_links":{"self":[{"href":"https:\/\/drop-shot.com\/store\/wp-json\/wp\/v2\/product\/85119","targetHints":{"allow":["GET"]}}],"collection":[{"href":"https:\/\/drop-shot.com\/store\/wp-json\/wp\/v2\/product"}],"about":[{"href":"https:\/\/drop-shot.com\/store\/wp-json\/wp\/v2\/types\/product"}],"version-history":[{"count":1,"href":"https:\/\/drop-shot.com\/store\/wp-json\/wp\/v2\/product\/85119\/revisions"}],"predecessor-version":[{"id":85148,"href":"https:\/\/drop-shot.com\/store\/wp-json\/wp\/v2\/product\/85119\/revisions\/85148"}],"wp:featuredmedia":[{"embeddable":true,"href":"https:\/\/drop-shot.com\/store\/wp-json\/wp\/v2\/media\/85152"}],"wp:attachment":[{"href":"https:\/\/drop-shot.com\/store\/wp-json\/wp\/v2\/media?parent=85119"}],"wp:term":[{"taxonomy":"pwb-brand","embeddable":true,"href":"https:\/\/drop-shot.com\/store\/wp-json\/wp\/v2\/pwb-brand?post=85119"},{"taxonomy":"product_brand","embeddable":true,"href":"https:\/\/drop-shot.com\/store\/wp-json\/wp\/v2\/product_brand?post=85119"},{"taxonomy":"product_cat","embeddable":true,"href":"https:\/\/drop-shot.com\/store\/wp-json\/wp\/v2\/product_cat?post=85119"},{"taxonomy":"product_tag","embeddable":true,"href":"https:\/\/drop-shot.com\/store\/wp-json\/wp\/v2\/product_tag?post=85119"}],"curies":[{"name":"wp","href":"https:\/\/api.w.org\/{rel}","templated":true}]}}