{"id":85035,"date":"2026-01-05T00:46:37","date_gmt":"2026-01-05T00:46:37","guid":{"rendered":"https:\/\/drop-shot.com\/store\/produto\/casaco-dunlop-club-knitted-jacket-senhora-preto\/"},"modified":"2026-04-16T15:17:14","modified_gmt":"2026-04-16T15:17:14","slug":"casaco-dunlop-club-knitted-jacket-senhora-preto","status":"publish","type":"product","link":"https:\/\/drop-shot.com\/store\/produto\/casaco-dunlop-club-knitted-jacket-senhora-preto\/","title":{"rendered":"Casaco Dunlop Club Knitted Jacket Senhora (Preto)"},"content":{"rendered":"<p>Este casaco foi projetado para um ajuste justo mas confort\u00e1vel.<\/p>\n<p>Possui um fecho de comprimento complecto com uma gola de p\u00e9 para proteg\u00ea-lo em condi\u00e7\u00f5es mais frias e tem dois bolsos laterais profundos com fecho.<\/p>\n<p>O casaco ideal para usar antes e depois do exerc\u00edcio, mas tamb\u00e9m durante sess\u00f5es de actividades mais frias.<\/p>\n<p>Tecido: 100% Poli\u00e9ster de 220g<br \/>\nTamanhos: XS a XXL<\/p>\n","protected":false},"excerpt":{"rendered":"<p>O casaco \u00e9 confort\u00e1vel e elegante e pertence \u00e0 colec\u00e7\u00e3o Club Line.<br \/>\nEsta colec\u00e7\u00e3o cont\u00e9m roupas modernas projectadas para jogadores de todos os n\u00edveis.<\/p>\n","protected":false},"featured_media":85057,"template":"","meta":[],"pwb-brand":[],"product_brand":[],"product_cat":[1379,1377],"product_tag":[],"class_list":{"0":"post-85035","1":"product","2":"type-product","3":"status-publish","4":"has-post-thumbnail","6":"product_cat-senhora","7":"product_cat-textil","9":"first","10":"outofstock","11":"sale","12":"taxable","13":"shipping-taxable","14":"purchasable","15":"product-type-variable","16":"wvs-archive-product-wrapper"},"brands":[],"_links":{"self":[{"href":"https:\/\/drop-shot.com\/store\/wp-json\/wp\/v2\/product\/85035","targetHints":{"allow":["GET"]}}],"collection":[{"href":"https:\/\/drop-shot.com\/store\/wp-json\/wp\/v2\/product"}],"about":[{"href":"https:\/\/drop-shot.com\/store\/wp-json\/wp\/v2\/types\/product"}],"version-history":[{"count":1,"href":"https:\/\/drop-shot.com\/store\/wp-json\/wp\/v2\/product\/85035\/revisions"}],"predecessor-version":[{"id":85056,"href":"https:\/\/drop-shot.com\/store\/wp-json\/wp\/v2\/product\/85035\/revisions\/85056"}],"wp:featuredmedia":[{"embeddable":true,"href":"https:\/\/drop-shot.com\/store\/wp-json\/wp\/v2\/media\/85057"}],"wp:attachment":[{"href":"https:\/\/drop-shot.com\/store\/wp-json\/wp\/v2\/media?parent=85035"}],"wp:term":[{"taxonomy":"pwb-brand","embeddable":true,"href":"https:\/\/drop-shot.com\/store\/wp-json\/wp\/v2\/pwb-brand?post=85035"},{"taxonomy":"product_brand","embeddable":true,"href":"https:\/\/drop-shot.com\/store\/wp-json\/wp\/v2\/product_brand?post=85035"},{"taxonomy":"product_cat","embeddable":true,"href":"https:\/\/drop-shot.com\/store\/wp-json\/wp\/v2\/product_cat?post=85035"},{"taxonomy":"product_tag","embeddable":true,"href":"https:\/\/drop-shot.com\/store\/wp-json\/wp\/v2\/product_tag?post=85035"}],"curies":[{"name":"wp","href":"https:\/\/api.w.org\/{rel}","templated":true}]}}