{"id":84973,"date":"2026-01-05T00:15:56","date_gmt":"2026-01-05T00:15:56","guid":{"rendered":"https:\/\/drop-shot.com\/store\/produto\/t-shirt-dunlop-club-crew-tee-homem-azul-royal\/"},"modified":"2026-04-16T15:13:18","modified_gmt":"2026-04-16T15:13:18","slug":"t-shirt-dunlop-club-crew-tee-homem-azul-royal","status":"publish","type":"product","link":"https:\/\/drop-shot.com\/store\/produto\/t-shirt-dunlop-club-crew-tee-homem-azul-royal\/","title":{"rendered":"T-Shirt Dunlop Club Crew Tee Homem (Azul Royal)"},"content":{"rendered":"<p>Com um decote redondo e partes em malha sob os bra\u00e7os para uma ventila\u00e7\u00e3o ideal, esta t-shirt leve garante uma sensa\u00e7\u00e3o fresca e seca.<\/p>\n<p>O ic\u00f3nico log\u00f3tipo Flying-D no lado esquerdo do peito acrescenta um toque elegante, tornando-a perfeita para uso dentro ou fora do campo.<\/p>\n<p>A Dunlop \u00e9 uma marca de confian\u00e7a no mundo do t\u00e9nis h\u00e1 mais de 130 anos, fornecendo aos jogadores roupa de alta qualidade que satisfaz as suas necessidades de desempenho.<\/p>\n","protected":false},"excerpt":{"rendered":"<p>A T-Shirt Dunlop Club Crew Tee foi concebida para proporcionar o m\u00e1ximo conforto durante as suas sess\u00f5es de treino ou jogo.<\/p>\n","protected":false},"featured_media":84986,"template":"","meta":[],"pwb-brand":[],"product_brand":[],"product_cat":[1378,1377],"product_tag":[],"class_list":{"0":"post-84973","1":"product","2":"type-product","3":"status-publish","4":"has-post-thumbnail","6":"product_cat-homem","7":"product_cat-textil","9":"first","10":"instock","11":"sale","12":"taxable","13":"shipping-taxable","14":"purchasable","15":"product-type-variable","16":"wvs-archive-product-wrapper"},"brands":[],"_links":{"self":[{"href":"https:\/\/drop-shot.com\/store\/wp-json\/wp\/v2\/product\/84973","targetHints":{"allow":["GET"]}}],"collection":[{"href":"https:\/\/drop-shot.com\/store\/wp-json\/wp\/v2\/product"}],"about":[{"href":"https:\/\/drop-shot.com\/store\/wp-json\/wp\/v2\/types\/product"}],"version-history":[{"count":1,"href":"https:\/\/drop-shot.com\/store\/wp-json\/wp\/v2\/product\/84973\/revisions"}],"predecessor-version":[{"id":84983,"href":"https:\/\/drop-shot.com\/store\/wp-json\/wp\/v2\/product\/84973\/revisions\/84983"}],"wp:featuredmedia":[{"embeddable":true,"href":"https:\/\/drop-shot.com\/store\/wp-json\/wp\/v2\/media\/84986"}],"wp:attachment":[{"href":"https:\/\/drop-shot.com\/store\/wp-json\/wp\/v2\/media?parent=84973"}],"wp:term":[{"taxonomy":"pwb-brand","embeddable":true,"href":"https:\/\/drop-shot.com\/store\/wp-json\/wp\/v2\/pwb-brand?post=84973"},{"taxonomy":"product_brand","embeddable":true,"href":"https:\/\/drop-shot.com\/store\/wp-json\/wp\/v2\/product_brand?post=84973"},{"taxonomy":"product_cat","embeddable":true,"href":"https:\/\/drop-shot.com\/store\/wp-json\/wp\/v2\/product_cat?post=84973"},{"taxonomy":"product_tag","embeddable":true,"href":"https:\/\/drop-shot.com\/store\/wp-json\/wp\/v2\/product_tag?post=84973"}],"curies":[{"name":"wp","href":"https:\/\/api.w.org\/{rel}","templated":true}]}}