{"id":84909,"date":"2026-01-04T23:44:23","date_gmt":"2026-01-04T23:44:23","guid":{"rendered":"https:\/\/drop-shot.com\/store\/produto\/polo-dunlop-club-homem-navy\/"},"modified":"2026-04-16T15:13:51","modified_gmt":"2026-04-16T15:13:51","slug":"polo-dunlop-club-homem-navy","status":"publish","type":"product","link":"https:\/\/drop-shot.com\/store\/produto\/polo-dunlop-club-homem-navy\/","title":{"rendered":"P\u00f3lo Dunlop Club Homem (Navy)"},"content":{"rendered":"<p>Este P\u00f3lo proporciona uma excelente ventila\u00e7\u00e3o com elevada durabilidade.<\/p>\n<p>F\u00e1cil de combinar gra\u00e7as \u00e0 sua cor e formato, permite-lhe entrar em campo num estilo desportivo e confort\u00e1vel.<\/p>\n<p>Possui 2 bot\u00f5es e uma gola de formato pesco\u00e7o redondo, tudo com um ajuste regular.<\/p>\n<p>O material utilizado \u00e9 confort\u00e1vel e move-se suavemente consigo para uma total liberdade de movimentos exigida no campo.<\/p>\n<p>Tecido: 100% Poli\u00e9ster de 140g<br \/>\nTamanhos: S a XXXL<\/p>\n","protected":false},"excerpt":{"rendered":"<p>O P\u00f3lo Crew Tee \u00e9 confort\u00e1vel e elegante e pertence \u00e0 colec\u00e7\u00e3o Club Line.<\/p>\n<p>Esta colec\u00e7\u00e3o cont\u00e9m roupas modernas projectadas para jogadores de todos os n\u00edveis.<\/p>\n","protected":false},"featured_media":84938,"template":"","meta":[],"pwb-brand":[],"product_brand":[],"product_cat":[1378,1377],"product_tag":[],"class_list":{"0":"post-84909","1":"product","2":"type-product","3":"status-publish","4":"has-post-thumbnail","6":"product_cat-homem","7":"product_cat-textil","9":"first","10":"outofstock","11":"sale","12":"taxable","13":"shipping-taxable","14":"purchasable","15":"product-type-variable","16":"wvs-archive-product-wrapper"},"brands":[],"_links":{"self":[{"href":"https:\/\/drop-shot.com\/store\/wp-json\/wp\/v2\/product\/84909","targetHints":{"allow":["GET"]}}],"collection":[{"href":"https:\/\/drop-shot.com\/store\/wp-json\/wp\/v2\/product"}],"about":[{"href":"https:\/\/drop-shot.com\/store\/wp-json\/wp\/v2\/types\/product"}],"version-history":[{"count":1,"href":"https:\/\/drop-shot.com\/store\/wp-json\/wp\/v2\/product\/84909\/revisions"}],"predecessor-version":[{"id":84933,"href":"https:\/\/drop-shot.com\/store\/wp-json\/wp\/v2\/product\/84909\/revisions\/84933"}],"wp:featuredmedia":[{"embeddable":true,"href":"https:\/\/drop-shot.com\/store\/wp-json\/wp\/v2\/media\/84938"}],"wp:attachment":[{"href":"https:\/\/drop-shot.com\/store\/wp-json\/wp\/v2\/media?parent=84909"}],"wp:term":[{"taxonomy":"pwb-brand","embeddable":true,"href":"https:\/\/drop-shot.com\/store\/wp-json\/wp\/v2\/pwb-brand?post=84909"},{"taxonomy":"product_brand","embeddable":true,"href":"https:\/\/drop-shot.com\/store\/wp-json\/wp\/v2\/product_brand?post=84909"},{"taxonomy":"product_cat","embeddable":true,"href":"https:\/\/drop-shot.com\/store\/wp-json\/wp\/v2\/product_cat?post=84909"},{"taxonomy":"product_tag","embeddable":true,"href":"https:\/\/drop-shot.com\/store\/wp-json\/wp\/v2\/product_tag?post=84909"}],"curies":[{"name":"wp","href":"https:\/\/api.w.org\/{rel}","templated":true}]}}