{"id":84685,"date":"2026-01-04T20:29:24","date_gmt":"2026-01-04T20:29:24","guid":{"rendered":"https:\/\/drop-shot.com\/store\/produto\/calca-dunlop-club-knitted-pant-rapaz-preto\/"},"modified":"2026-04-17T13:30:11","modified_gmt":"2026-04-17T13:30:11","slug":"calca-dunlop-club-knitted-pant-rapaz-preto","status":"publish","type":"product","link":"https:\/\/drop-shot.com\/store\/produto\/calca-dunlop-club-knitted-pant-rapaz-preto\/","title":{"rendered":"Cal\u00e7a Dunlop Club Knitted Pant Rapaz (Preto)"},"content":{"rendered":"<p>A Cal\u00e7a de Malha proporciona uma excelente ventila\u00e7\u00e3o e tem uma elevada durabilidade.<\/p>\n<p>Possui um cinta el\u00e1stica que \u00e9 ajust\u00e1vel com a ajuda do cord\u00e3o.<\/p>\n<p>Os bolsos laterais s\u00e3o profundos o suficiente para segurar bolas de T\u00e9nis ou Padel enquanto voc\u00ea joga.<\/p>\n<p>A ba\u00ednha das pernas das cal\u00e7as possui fechos de forma a permitir que voc\u00ea vista e feche facilmente as mesmas sobre o cal\u00e7ado.<\/p>\n<p>Tamanhos: S a XXXL<br \/>\nTecido: 100% Poli\u00e9ster 240g<\/p>\n","protected":false},"excerpt":{"rendered":"<p>Cal\u00e7a confort\u00e1vel e elegante e pertence \u00e0 colec\u00e7\u00e3o Club Line.<br \/>\nEsta colec\u00e7\u00e3o cont\u00e9m roupas modernas projectadas para jogadores de todos os n\u00edveis.<\/p>\n","protected":false},"featured_media":84697,"template":"","meta":[],"pwb-brand":[],"product_brand":[],"product_cat":[1460,1377],"product_tag":[],"class_list":{"0":"post-84685","1":"product","2":"type-product","3":"status-publish","4":"has-post-thumbnail","6":"product_cat-crianca-masculino","7":"product_cat-textil","9":"first","10":"outofstock","11":"sale","12":"taxable","13":"shipping-taxable","14":"purchasable","15":"product-type-variable","16":"wvs-archive-product-wrapper"},"brands":[],"_links":{"self":[{"href":"https:\/\/drop-shot.com\/store\/wp-json\/wp\/v2\/product\/84685","targetHints":{"allow":["GET"]}}],"collection":[{"href":"https:\/\/drop-shot.com\/store\/wp-json\/wp\/v2\/product"}],"about":[{"href":"https:\/\/drop-shot.com\/store\/wp-json\/wp\/v2\/types\/product"}],"version-history":[{"count":1,"href":"https:\/\/drop-shot.com\/store\/wp-json\/wp\/v2\/product\/84685\/revisions"}],"predecessor-version":[{"id":84695,"href":"https:\/\/drop-shot.com\/store\/wp-json\/wp\/v2\/product\/84685\/revisions\/84695"}],"wp:featuredmedia":[{"embeddable":true,"href":"https:\/\/drop-shot.com\/store\/wp-json\/wp\/v2\/media\/84697"}],"wp:attachment":[{"href":"https:\/\/drop-shot.com\/store\/wp-json\/wp\/v2\/media?parent=84685"}],"wp:term":[{"taxonomy":"pwb-brand","embeddable":true,"href":"https:\/\/drop-shot.com\/store\/wp-json\/wp\/v2\/pwb-brand?post=84685"},{"taxonomy":"product_brand","embeddable":true,"href":"https:\/\/drop-shot.com\/store\/wp-json\/wp\/v2\/product_brand?post=84685"},{"taxonomy":"product_cat","embeddable":true,"href":"https:\/\/drop-shot.com\/store\/wp-json\/wp\/v2\/product_cat?post=84685"},{"taxonomy":"product_tag","embeddable":true,"href":"https:\/\/drop-shot.com\/store\/wp-json\/wp\/v2\/product_tag?post=84685"}],"curies":[{"name":"wp","href":"https:\/\/api.w.org\/{rel}","templated":true}]}}