{"id":84553,"date":"2026-01-04T14:54:08","date_gmt":"2026-01-04T14:54:08","guid":{"rendered":"https:\/\/drop-shot.com\/store\/produto\/casaco-dunlop-club-knitted-jacket-rapariga-atlantic-deep\/"},"modified":"2026-05-08T10:21:08","modified_gmt":"2026-05-08T10:21:08","slug":"casaco-dunlop-club-knitted-jacket-rapariga-atlantic-deep","status":"publish","type":"product","link":"https:\/\/drop-shot.com\/store\/produto\/casaco-dunlop-club-knitted-jacket-rapariga-atlantic-deep\/","title":{"rendered":"Casaco Dunlop Club Knitted Jacket Rapariga (Atlantic Deep)"},"content":{"rendered":"<p>Possui uma cintura el\u00e1stica para um ajuste confort\u00e1vel, dois bolsos laterais profundos com fecho de correr para um armazenamento seguro e um fecho de correr cont\u00ednuo para facilitar o uso.<\/p>\n<p>A gola alta adiciona um toque de sofistica\u00e7\u00e3o, tornando-a perfeita tanto para dentro como fora do campo. <\/p>\n<p>Parte da cole\u00e7\u00e3o Dunlop Clubwear, este casaco reflete mais de 130 anos de excel\u00eancia em vestu\u00e1rio de t\u00e9nis.<\/p>\n<p>A Dunlop est\u00e1 empenhada em garantir que os jogadores, independentemente do seu n\u00edvel de habilidade, experimentem conforto e desempenho no seu equipamento.<\/p>\n","protected":false},"excerpt":{"rendered":"<p>O Casaco Dunlop Club combina um elevado conforto com um design elegante. <\/p>\n","protected":false},"featured_media":84559,"template":"","meta":[],"pwb-brand":[],"product_brand":[],"product_cat":[1461,1377],"product_tag":[],"class_list":{"0":"post-84553","1":"product","2":"type-product","3":"status-publish","4":"has-post-thumbnail","6":"product_cat-crianca-feminino","7":"product_cat-textil","9":"first","10":"outofstock","11":"sale","12":"taxable","13":"shipping-taxable","14":"purchasable","15":"product-type-variable","16":"wvs-archive-product-wrapper"},"brands":[],"_links":{"self":[{"href":"https:\/\/drop-shot.com\/store\/wp-json\/wp\/v2\/product\/84553","targetHints":{"allow":["GET"]}}],"collection":[{"href":"https:\/\/drop-shot.com\/store\/wp-json\/wp\/v2\/product"}],"about":[{"href":"https:\/\/drop-shot.com\/store\/wp-json\/wp\/v2\/types\/product"}],"version-history":[{"count":3,"href":"https:\/\/drop-shot.com\/store\/wp-json\/wp\/v2\/product\/84553\/revisions"}],"predecessor-version":[{"id":84568,"href":"https:\/\/drop-shot.com\/store\/wp-json\/wp\/v2\/product\/84553\/revisions\/84568"}],"wp:featuredmedia":[{"embeddable":true,"href":"https:\/\/drop-shot.com\/store\/wp-json\/wp\/v2\/media\/84559"}],"wp:attachment":[{"href":"https:\/\/drop-shot.com\/store\/wp-json\/wp\/v2\/media?parent=84553"}],"wp:term":[{"taxonomy":"pwb-brand","embeddable":true,"href":"https:\/\/drop-shot.com\/store\/wp-json\/wp\/v2\/pwb-brand?post=84553"},{"taxonomy":"product_brand","embeddable":true,"href":"https:\/\/drop-shot.com\/store\/wp-json\/wp\/v2\/product_brand?post=84553"},{"taxonomy":"product_cat","embeddable":true,"href":"https:\/\/drop-shot.com\/store\/wp-json\/wp\/v2\/product_cat?post=84553"},{"taxonomy":"product_tag","embeddable":true,"href":"https:\/\/drop-shot.com\/store\/wp-json\/wp\/v2\/product_tag?post=84553"}],"curies":[{"name":"wp","href":"https:\/\/api.w.org\/{rel}","templated":true}]}}