{"id":84262,"date":"2026-01-03T22:53:28","date_gmt":"2026-01-03T22:53:28","guid":{"rendered":"https:\/\/drop-shot.com\/store\/produto\/calcado-k-swiss-court-express-2-clay-brancoroxo\/"},"modified":"2026-04-29T15:25:01","modified_gmt":"2026-04-29T15:25:01","slug":"calcado-k-swiss-court-express-2-clay-brancoroxo","status":"publish","type":"product","link":"https:\/\/drop-shot.com\/store\/produto\/calcado-k-swiss-court-express-2-clay-brancoroxo\/","title":{"rendered":"Cal\u00e7ado K.Swiss Court Express 2 Clay (Branco,Roxo)"},"content":{"rendered":"<p>A sua malha respir\u00e1vel combina-se com uma entressola K-EVA para m\u00e1ximo conforto e apoio.<\/p>\n<p>Uma sola de borracha Aosta 7.0 que n\u00e3o deixa marcas com um padr\u00e3o em espiga oferece uma tra\u00e7\u00e3o ideal e estende-se como prote\u00e7\u00e3o contra o arrasto para uma maior durabilidade.<\/p>\n<p>Este cal\u00e7ado combina uma estrutura sens\u00edvel \u00e0 luz com componentes de conforto melhorados, dando-lhe a vantagem de que precisa para melhorar o seu jogo.<\/p>\n<p>Composi\u00e7\u00e3o: 100% poli\u00e9ster<br \/>\nComposi\u00e7\u00e3o interior: 100% poli\u00e9ster<br \/>\nForro: T\u00eaxtil<br \/>\nPalmilha: N\u00e3o<br \/>\nTecnologia: Sola exterior em borracha<br \/>\nTipo de fecho: Fecho com atacadores<\/p>\n","protected":false},"excerpt":{"rendered":"<p>Constru\u00eddo com base na nossa plataforma Express mais vendida, o novo Court Express 2 \u00e9 a escolha perfeita para jogadores em desenvolvimento.<\/p>\n","protected":false},"featured_media":84316,"template":"","meta":[],"pwb-brand":[],"product_brand":[],"product_cat":[1350,1385,1386],"product_tag":[],"class_list":{"0":"post-84262","1":"product","2":"type-product","3":"status-publish","4":"has-post-thumbnail","6":"product_cat-calcado","7":"product_cat-padel-calcado","8":"product_cat-tenis-calcado","10":"first","11":"instock","12":"sale","13":"taxable","14":"shipping-taxable","15":"purchasable","16":"product-type-variable","17":"wvs-archive-product-wrapper"},"brands":[],"_links":{"self":[{"href":"https:\/\/drop-shot.com\/store\/wp-json\/wp\/v2\/product\/84262","targetHints":{"allow":["GET"]}}],"collection":[{"href":"https:\/\/drop-shot.com\/store\/wp-json\/wp\/v2\/product"}],"about":[{"href":"https:\/\/drop-shot.com\/store\/wp-json\/wp\/v2\/types\/product"}],"version-history":[{"count":7,"href":"https:\/\/drop-shot.com\/store\/wp-json\/wp\/v2\/product\/84262\/revisions"}],"predecessor-version":[{"id":85191,"href":"https:\/\/drop-shot.com\/store\/wp-json\/wp\/v2\/product\/84262\/revisions\/85191"}],"wp:featuredmedia":[{"embeddable":true,"href":"https:\/\/drop-shot.com\/store\/wp-json\/wp\/v2\/media\/84316"}],"wp:attachment":[{"href":"https:\/\/drop-shot.com\/store\/wp-json\/wp\/v2\/media?parent=84262"}],"wp:term":[{"taxonomy":"pwb-brand","embeddable":true,"href":"https:\/\/drop-shot.com\/store\/wp-json\/wp\/v2\/pwb-brand?post=84262"},{"taxonomy":"product_brand","embeddable":true,"href":"https:\/\/drop-shot.com\/store\/wp-json\/wp\/v2\/product_brand?post=84262"},{"taxonomy":"product_cat","embeddable":true,"href":"https:\/\/drop-shot.com\/store\/wp-json\/wp\/v2\/product_cat?post=84262"},{"taxonomy":"product_tag","embeddable":true,"href":"https:\/\/drop-shot.com\/store\/wp-json\/wp\/v2\/product_tag?post=84262"}],"curies":[{"name":"wp","href":"https:\/\/api.w.org\/{rel}","templated":true}]}}