{"id":84261,"date":"2026-01-03T22:53:25","date_gmt":"2026-01-03T22:53:25","guid":{"rendered":"https:\/\/drop-shot.com\/store\/produto\/calcado-k-swiss-express-light-3-clay-cinzentobege\/"},"modified":"2026-04-29T15:07:57","modified_gmt":"2026-04-29T15:07:57","slug":"calcado-k-swiss-express-light-3-clay-cinzentobege","status":"publish","type":"product","link":"https:\/\/drop-shot.com\/store\/produto\/calcado-k-swiss-express-light-3-clay-cinzentobege\/","title":{"rendered":"Cal\u00e7ado K.Swiss Express Light 3 Clay (Cinzento,Bege)"},"content":{"rendered":"<p>Como modelo atualizado de seu antecessor de sucesso, a parte superior apresenta DuraWrap Flex, uma estrutura de RPU moldada com novo design que oferece suporte flex\u00edvel e prote\u00e7\u00e3o contra atrito.<\/p>\n<p>No interior, uma base bem acolchoada proporciona conforto e estabilidade, enquanto um forro de espuma moldada adiciona amortecimento reativo sob os p\u00e9s.<\/p>\n<p>O Express Light 3 tem uma sola HB com padr\u00f5es de espiga profundamente ranhurados para uma trac\u00e7\u00e3o excecional em superf\u00edcies de terra batida.<\/p>\n<p>Composi\u00e7\u00e3o: 100% poli\u00e9ster<br \/>\nComposi\u00e7\u00e3o interior: 100% poli\u00e9ster<br \/>\nForro: T\u00eaxtil<br \/>\nPeso aproximado: 290 g<br \/>\nSola do cal\u00e7ado: A\u00f6sta 7.0<br \/>\nTipo de sola: HB<br \/>\nTecnologia: Sola exterior em EVA\/composto de borracha<br \/>\nTipo de fecho: Fecho com atacadores<\/p>\n","protected":false},"excerpt":{"rendered":"<p>O Express Light 3 HB \u00e9 um t\u00eanis leve projetado para desempenho na quadra e alto n\u00edvel de conforto. <\/p>\n","protected":false},"featured_media":84318,"template":"","meta":[],"pwb-brand":[],"product_brand":[],"product_cat":[1350,1385,1386],"product_tag":[],"class_list":{"0":"post-84261","1":"product","2":"type-product","3":"status-publish","4":"has-post-thumbnail","6":"product_cat-calcado","7":"product_cat-padel-calcado","8":"product_cat-tenis-calcado","10":"first","11":"instock","12":"sale","13":"taxable","14":"shipping-taxable","15":"purchasable","16":"product-type-variable","17":"wvs-archive-product-wrapper"},"brands":[],"_links":{"self":[{"href":"https:\/\/drop-shot.com\/store\/wp-json\/wp\/v2\/product\/84261","targetHints":{"allow":["GET"]}}],"collection":[{"href":"https:\/\/drop-shot.com\/store\/wp-json\/wp\/v2\/product"}],"about":[{"href":"https:\/\/drop-shot.com\/store\/wp-json\/wp\/v2\/types\/product"}],"version-history":[{"count":5,"href":"https:\/\/drop-shot.com\/store\/wp-json\/wp\/v2\/product\/84261\/revisions"}],"predecessor-version":[{"id":85174,"href":"https:\/\/drop-shot.com\/store\/wp-json\/wp\/v2\/product\/84261\/revisions\/85174"}],"wp:featuredmedia":[{"embeddable":true,"href":"https:\/\/drop-shot.com\/store\/wp-json\/wp\/v2\/media\/84318"}],"wp:attachment":[{"href":"https:\/\/drop-shot.com\/store\/wp-json\/wp\/v2\/media?parent=84261"}],"wp:term":[{"taxonomy":"pwb-brand","embeddable":true,"href":"https:\/\/drop-shot.com\/store\/wp-json\/wp\/v2\/pwb-brand?post=84261"},{"taxonomy":"product_brand","embeddable":true,"href":"https:\/\/drop-shot.com\/store\/wp-json\/wp\/v2\/product_brand?post=84261"},{"taxonomy":"product_cat","embeddable":true,"href":"https:\/\/drop-shot.com\/store\/wp-json\/wp\/v2\/product_cat?post=84261"},{"taxonomy":"product_tag","embeddable":true,"href":"https:\/\/drop-shot.com\/store\/wp-json\/wp\/v2\/product_tag?post=84261"}],"curies":[{"name":"wp","href":"https:\/\/api.w.org\/{rel}","templated":true}]}}