{"id":84260,"date":"2026-01-03T22:53:23","date_gmt":"2026-01-03T22:53:23","guid":{"rendered":"https:\/\/drop-shot.com\/store\/produto\/calcado-k-swiss-express-light-3-brancoazul\/"},"modified":"2026-04-17T13:10:11","modified_gmt":"2026-04-17T13:10:11","slug":"calcado-k-swiss-express-light-3-brancoazul","status":"publish","type":"product","link":"https:\/\/drop-shot.com\/store\/produto\/calcado-k-swiss-express-light-3-brancoazul\/","title":{"rendered":"Cal\u00e7ado K.Swiss Express Light 3 (Branco,Azul)"},"content":{"rendered":"<p>Como modelo atualizado de seu antecessor de sucesso, a parte superior apresenta DuraWrap Flex, uma estrutura de RPU moldada com novo design o que oferece suporte flex\u00edvel e prote\u00e7\u00e3o contra atrito.<\/p>\n<p>No interior, uma base de tornozelo bem acolchoada proporciona conforto e estabilidade, enquanto um forro de espuma moldada adiciona amortecimento reativo sob os p\u00e9s.<\/p>\n<p>A sola exterior do Express Light 3 \u00e9 feita de borracha de alta densidade A\u00f6sta 7.0 e apresenta um piso com padr\u00e3o em espiga profunda, criando um cal\u00e7ado concebido especificamente para uma durabilidade e desempenho insuper\u00e1veis em todos os campos.<\/p>\n<p>Composi\u00e7\u00e3o: 100% poli\u00e9ster<br \/>\nComposi\u00e7\u00e3o interior: 100% poli\u00e9ster<br \/>\nForro: T\u00eaxtil<br \/>\nPeso aproximado: 290 g<br \/>\nTecnologia: Sola exterior em EVA\/composto de borracha<br \/>\nTipo de fecho: Fecho com atacadores<\/p>\n","protected":false},"excerpt":{"rendered":"<p>O Express Light 3 \u00e9 um t\u00eanis leve projetado para desempenho na quadra e alto n\u00edvel de conforto.<\/p>\n","protected":false},"featured_media":84317,"template":"","meta":[],"pwb-brand":[],"product_brand":[],"product_cat":[1350,1386],"product_tag":[],"class_list":{"0":"post-84260","1":"product","2":"type-product","3":"status-publish","4":"has-post-thumbnail","6":"product_cat-calcado","7":"product_cat-tenis-calcado","9":"first","10":"instock","11":"sale","12":"taxable","13":"shipping-taxable","14":"purchasable","15":"product-type-variable","16":"wvs-archive-product-wrapper"},"brands":[],"_links":{"self":[{"href":"https:\/\/drop-shot.com\/store\/wp-json\/wp\/v2\/product\/84260","targetHints":{"allow":["GET"]}}],"collection":[{"href":"https:\/\/drop-shot.com\/store\/wp-json\/wp\/v2\/product"}],"about":[{"href":"https:\/\/drop-shot.com\/store\/wp-json\/wp\/v2\/types\/product"}],"version-history":[{"count":7,"href":"https:\/\/drop-shot.com\/store\/wp-json\/wp\/v2\/product\/84260\/revisions"}],"predecessor-version":[{"id":85190,"href":"https:\/\/drop-shot.com\/store\/wp-json\/wp\/v2\/product\/84260\/revisions\/85190"}],"wp:featuredmedia":[{"embeddable":true,"href":"https:\/\/drop-shot.com\/store\/wp-json\/wp\/v2\/media\/84317"}],"wp:attachment":[{"href":"https:\/\/drop-shot.com\/store\/wp-json\/wp\/v2\/media?parent=84260"}],"wp:term":[{"taxonomy":"pwb-brand","embeddable":true,"href":"https:\/\/drop-shot.com\/store\/wp-json\/wp\/v2\/pwb-brand?post=84260"},{"taxonomy":"product_brand","embeddable":true,"href":"https:\/\/drop-shot.com\/store\/wp-json\/wp\/v2\/product_brand?post=84260"},{"taxonomy":"product_cat","embeddable":true,"href":"https:\/\/drop-shot.com\/store\/wp-json\/wp\/v2\/product_cat?post=84260"},{"taxonomy":"product_tag","embeddable":true,"href":"https:\/\/drop-shot.com\/store\/wp-json\/wp\/v2\/product_tag?post=84260"}],"curies":[{"name":"wp","href":"https:\/\/api.w.org\/{rel}","templated":true}]}}