{"id":82534,"date":"2025-12-07T23:38:24","date_gmt":"2025-12-07T23:38:24","guid":{"rendered":"https:\/\/drop-shot.com\/store\/produto\/raquete-padel-dunlop-fx-start\/"},"modified":"2026-05-07T22:00:12","modified_gmt":"2026-05-07T22:00:12","slug":"raquete-padel-dunlop-fx-start","status":"publish","type":"product","link":"https:\/\/drop-shot.com\/store\/produto\/raquete-padel-dunlop-fx-start\/","title":{"rendered":"Raquete Padel Dunlop Fx Start"},"content":{"rendered":"<p>A raquete FX Start oferece excelente pot\u00eancia com uma ampla \u00e1rea de impacto ideal, perfeita para quem quer melhorar o seu jogo.<\/p>\n<p>Constru\u00e7\u00e3o em grafite combinada com geometria moderna do quadro e Pro EVA para um desempenho s\u00f3lido em toda o campo.<\/p>\n<p>Formato da cabe\u00e7a: H\u00edbrido<br \/>\nN\u00facleo: Pro EVA<br \/>\nPeso: 360g<br \/>\nBalan\u00e7o: M\u00e9dio<br \/>\nLargura: 38mm<br \/>\nTipo de jogador: Amador\/Iniciado<\/p>\n","protected":false},"excerpt":{"rendered":"<p>Power On<\/p>\n","protected":false},"featured_media":82555,"template":"","meta":[],"pwb-brand":[],"product_brand":[],"product_cat":[1358,1361],"product_tag":[],"class_list":{"0":"post-82534","1":"product","2":"type-product","3":"status-publish","4":"has-post-thumbnail","6":"product_cat-padel-2","7":"product_cat-raquetes-padel-2","9":"first","10":"instock","11":"sale","12":"taxable","13":"shipping-taxable","14":"purchasable","15":"product-type-simple"},"brands":[],"_links":{"self":[{"href":"https:\/\/drop-shot.com\/store\/wp-json\/wp\/v2\/product\/82534","targetHints":{"allow":["GET"]}}],"collection":[{"href":"https:\/\/drop-shot.com\/store\/wp-json\/wp\/v2\/product"}],"about":[{"href":"https:\/\/drop-shot.com\/store\/wp-json\/wp\/v2\/types\/product"}],"version-history":[{"count":3,"href":"https:\/\/drop-shot.com\/store\/wp-json\/wp\/v2\/product\/82534\/revisions"}],"predecessor-version":[{"id":83909,"href":"https:\/\/drop-shot.com\/store\/wp-json\/wp\/v2\/product\/82534\/revisions\/83909"}],"wp:featuredmedia":[{"embeddable":true,"href":"https:\/\/drop-shot.com\/store\/wp-json\/wp\/v2\/media\/82555"}],"wp:attachment":[{"href":"https:\/\/drop-shot.com\/store\/wp-json\/wp\/v2\/media?parent=82534"}],"wp:term":[{"taxonomy":"pwb-brand","embeddable":true,"href":"https:\/\/drop-shot.com\/store\/wp-json\/wp\/v2\/pwb-brand?post=82534"},{"taxonomy":"product_brand","embeddable":true,"href":"https:\/\/drop-shot.com\/store\/wp-json\/wp\/v2\/product_brand?post=82534"},{"taxonomy":"product_cat","embeddable":true,"href":"https:\/\/drop-shot.com\/store\/wp-json\/wp\/v2\/product_cat?post=82534"},{"taxonomy":"product_tag","embeddable":true,"href":"https:\/\/drop-shot.com\/store\/wp-json\/wp\/v2\/product_tag?post=82534"}],"curies":[{"name":"wp","href":"https:\/\/api.w.org\/{rel}","templated":true}]}}