{"id":82533,"date":"2025-12-07T23:38:22","date_gmt":"2025-12-07T23:38:22","guid":{"rendered":"https:\/\/drop-shot.com\/store\/produto\/raquete-padel-dunlop-fx-team\/"},"modified":"2026-05-07T22:00:11","modified_gmt":"2026-05-07T22:00:11","slug":"raquete-padel-dunlop-fx-team","status":"publish","type":"product","link":"https:\/\/drop-shot.com\/store\/produto\/raquete-padel-dunlop-fx-team\/","title":{"rendered":"Raquete Padel Dunlop Fx Team"},"content":{"rendered":"<p>Com muitas das caracter\u00edsticas da raquete Dunlop FX Pro, a FX Team oferece uma pot\u00eancia excepcional para jogadores ofensivos.<\/p>\n<p>Constru\u00e7\u00e3o em carbono Premium combinada com uma geometria moderna do quadro e Pro EVA para um desempenho extraordin\u00e1rio em todas as pancadas.<\/p>\n<p>Formato da cabe\u00e7a: Diamante<br \/>\nN\u00facleo: Pro EVA<br \/>\nPeso: 365g<br \/>\nBalan\u00e7o: M\u00e9dio<br \/>\nLargura: 38mm<br \/>\nTipo de jogador: Amador\/Avan\u00e7ado<\/p>\n","protected":false},"excerpt":{"rendered":"<p>Power On<\/p>\n","protected":false},"featured_media":82556,"template":"","meta":[],"pwb-brand":[],"product_brand":[],"product_cat":[1358,1361],"product_tag":[],"class_list":{"0":"post-82533","1":"product","2":"type-product","3":"status-publish","4":"has-post-thumbnail","6":"product_cat-padel-2","7":"product_cat-raquetes-padel-2","9":"first","10":"instock","11":"sale","12":"taxable","13":"shipping-taxable","14":"purchasable","15":"product-type-simple"},"brands":[],"_links":{"self":[{"href":"https:\/\/drop-shot.com\/store\/wp-json\/wp\/v2\/product\/82533","targetHints":{"allow":["GET"]}}],"collection":[{"href":"https:\/\/drop-shot.com\/store\/wp-json\/wp\/v2\/product"}],"about":[{"href":"https:\/\/drop-shot.com\/store\/wp-json\/wp\/v2\/types\/product"}],"version-history":[{"count":5,"href":"https:\/\/drop-shot.com\/store\/wp-json\/wp\/v2\/product\/82533\/revisions"}],"predecessor-version":[{"id":85241,"href":"https:\/\/drop-shot.com\/store\/wp-json\/wp\/v2\/product\/82533\/revisions\/85241"}],"wp:featuredmedia":[{"embeddable":true,"href":"https:\/\/drop-shot.com\/store\/wp-json\/wp\/v2\/media\/82556"}],"wp:attachment":[{"href":"https:\/\/drop-shot.com\/store\/wp-json\/wp\/v2\/media?parent=82533"}],"wp:term":[{"taxonomy":"pwb-brand","embeddable":true,"href":"https:\/\/drop-shot.com\/store\/wp-json\/wp\/v2\/pwb-brand?post=82533"},{"taxonomy":"product_brand","embeddable":true,"href":"https:\/\/drop-shot.com\/store\/wp-json\/wp\/v2\/product_brand?post=82533"},{"taxonomy":"product_cat","embeddable":true,"href":"https:\/\/drop-shot.com\/store\/wp-json\/wp\/v2\/product_cat?post=82533"},{"taxonomy":"product_tag","embeddable":true,"href":"https:\/\/drop-shot.com\/store\/wp-json\/wp\/v2\/product_tag?post=82533"}],"curies":[{"name":"wp","href":"https:\/\/api.w.org\/{rel}","templated":true}]}}