{"id":81894,"date":"2025-10-30T18:22:38","date_gmt":"2025-10-30T18:22:38","guid":{"rendered":"https:\/\/drop-shot.com\/store\/produto\/chapeu-dunlop-mesh-navy\/"},"modified":"2026-04-17T13:15:18","modified_gmt":"2026-04-17T13:15:18","slug":"chapeu-dunlop-mesh-navy","status":"publish","type":"product","link":"https:\/\/drop-shot.com\/store\/produto\/chapeu-dunlop-mesh-navy\/","title":{"rendered":"Chap\u00e9u Dunlop Mesh (Navy)"},"content":{"rendered":"<p>Desenvolvido para desporto, este chap\u00e9u protege-o do sol e mant\u00e9m-no mais fresco no campo.<\/p>\n<p>Microfibra de poli\u00e9ster.<br \/>\nTamanho \u00fanico &#8211; 58cm.<\/p>\n","protected":false},"excerpt":{"rendered":"<p>Chap\u00e9u especial para o proteger do sol.<\/p>\n","protected":false},"featured_media":81900,"template":"","meta":[],"pwb-brand":[],"product_brand":[],"product_cat":[1380,1377],"product_tag":[],"class_list":{"0":"post-81894","1":"product","2":"type-product","3":"status-publish","4":"has-post-thumbnail","6":"product_cat-essenciais","7":"product_cat-textil","9":"first","10":"instock","11":"sale","12":"taxable","13":"shipping-taxable","14":"purchasable","15":"product-type-simple"},"brands":[],"_links":{"self":[{"href":"https:\/\/drop-shot.com\/store\/wp-json\/wp\/v2\/product\/81894","targetHints":{"allow":["GET"]}}],"collection":[{"href":"https:\/\/drop-shot.com\/store\/wp-json\/wp\/v2\/product"}],"about":[{"href":"https:\/\/drop-shot.com\/store\/wp-json\/wp\/v2\/types\/product"}],"version-history":[{"count":5,"href":"https:\/\/drop-shot.com\/store\/wp-json\/wp\/v2\/product\/81894\/revisions"}],"predecessor-version":[{"id":83950,"href":"https:\/\/drop-shot.com\/store\/wp-json\/wp\/v2\/product\/81894\/revisions\/83950"}],"wp:featuredmedia":[{"embeddable":true,"href":"https:\/\/drop-shot.com\/store\/wp-json\/wp\/v2\/media\/81900"}],"wp:attachment":[{"href":"https:\/\/drop-shot.com\/store\/wp-json\/wp\/v2\/media?parent=81894"}],"wp:term":[{"taxonomy":"pwb-brand","embeddable":true,"href":"https:\/\/drop-shot.com\/store\/wp-json\/wp\/v2\/pwb-brand?post=81894"},{"taxonomy":"product_brand","embeddable":true,"href":"https:\/\/drop-shot.com\/store\/wp-json\/wp\/v2\/product_brand?post=81894"},{"taxonomy":"product_cat","embeddable":true,"href":"https:\/\/drop-shot.com\/store\/wp-json\/wp\/v2\/product_cat?post=81894"},{"taxonomy":"product_tag","embeddable":true,"href":"https:\/\/drop-shot.com\/store\/wp-json\/wp\/v2\/product_tag?post=81894"}],"curies":[{"name":"wp","href":"https:\/\/api.w.org\/{rel}","templated":true}]}}