{"id":81319,"date":"2025-05-25T19:29:12","date_gmt":"2025-05-25T19:29:12","guid":{"rendered":"https:\/\/drop-shot.com\/store\/produto\/punho-dunlop-125cm-pretoblister-2un\/"},"modified":"2026-04-17T13:15:19","modified_gmt":"2026-04-17T13:15:19","slug":"punho-dunlop-125cm-pretoblister-2un","status":"publish","type":"product","link":"https:\/\/drop-shot.com\/store\/produto\/punho-dunlop-125cm-pretoblister-2un\/","title":{"rendered":"Punho Dunlop 12,5cm (Preto,Blister 2un)"},"content":{"rendered":"<p>Feito de material expans\u00edvel, macio e confort\u00e1vel garantindo uma excelente absor\u00e7\u00e3o da transpira\u00e7\u00e3o\/humidade.<\/p>\n","protected":false},"excerpt":{"rendered":"<p>Punho com o log\u00f3tipo flying-D costurado com 12,5cm comprimento.<\/p>\n","protected":false},"featured_media":81326,"template":"","meta":[],"pwb-brand":[],"product_brand":[],"product_cat":[1380,1377],"product_tag":[],"class_list":{"0":"post-81319","1":"product","2":"type-product","3":"status-publish","4":"has-post-thumbnail","6":"product_cat-essenciais","7":"product_cat-textil","9":"first","10":"instock","11":"sale","12":"taxable","13":"shipping-taxable","14":"purchasable","15":"product-type-simple"},"brands":[],"_links":{"self":[{"href":"https:\/\/drop-shot.com\/store\/wp-json\/wp\/v2\/product\/81319","targetHints":{"allow":["GET"]}}],"collection":[{"href":"https:\/\/drop-shot.com\/store\/wp-json\/wp\/v2\/product"}],"about":[{"href":"https:\/\/drop-shot.com\/store\/wp-json\/wp\/v2\/types\/product"}],"version-history":[{"count":5,"href":"https:\/\/drop-shot.com\/store\/wp-json\/wp\/v2\/product\/81319\/revisions"}],"predecessor-version":[{"id":83952,"href":"https:\/\/drop-shot.com\/store\/wp-json\/wp\/v2\/product\/81319\/revisions\/83952"}],"wp:featuredmedia":[{"embeddable":true,"href":"https:\/\/drop-shot.com\/store\/wp-json\/wp\/v2\/media\/81326"}],"wp:attachment":[{"href":"https:\/\/drop-shot.com\/store\/wp-json\/wp\/v2\/media?parent=81319"}],"wp:term":[{"taxonomy":"pwb-brand","embeddable":true,"href":"https:\/\/drop-shot.com\/store\/wp-json\/wp\/v2\/pwb-brand?post=81319"},{"taxonomy":"product_brand","embeddable":true,"href":"https:\/\/drop-shot.com\/store\/wp-json\/wp\/v2\/product_brand?post=81319"},{"taxonomy":"product_cat","embeddable":true,"href":"https:\/\/drop-shot.com\/store\/wp-json\/wp\/v2\/product_cat?post=81319"},{"taxonomy":"product_tag","embeddable":true,"href":"https:\/\/drop-shot.com\/store\/wp-json\/wp\/v2\/product_tag?post=81319"}],"curies":[{"name":"wp","href":"https:\/\/api.w.org\/{rel}","templated":true}]}}