{"id":81054,"date":"2025-05-13T09:51:45","date_gmt":"2025-05-13T09:51:45","guid":{"rendered":"https:\/\/drop-shot.com\/store\/produto\/casaco-dunlop-club-line-knitted-jacket-homem-branco-preto-2\/"},"modified":"2026-04-17T13:24:50","modified_gmt":"2026-04-17T13:24:50","slug":"casaco-dunlop-club-line-knitted-jacket-homem-branco-preto-2","status":"publish","type":"product","link":"https:\/\/drop-shot.com\/store\/produto\/casaco-dunlop-club-line-knitted-jacket-homem-branco-preto-2\/","title":{"rendered":"Casaco Dunlop Club Knitted Jacket Homem (Branco)"},"content":{"rendered":"<p>Este casaco foi projetado para um ajuste justo mas confort\u00e1vel.<\/p>\n<p>Possui um fecho de comprimento complecto com uma gola de p\u00e9 para proteg\u00ea-lo em condi\u00e7\u00f5es mais frias e tem dois bolsos laterais profundos com fecho.<\/p>\n<p>O casaco ideal para usar antes e depois do exerc\u00edcio, mas tamb\u00e9m durante sess\u00f5es de actividades mais frias.<\/p>\n<p>Tecido: 100% Poli\u00e9ster de 220g<br \/>\nTamanhos: S a XXXL<\/p>\n","protected":false},"excerpt":{"rendered":"<p>O casaco \u00e9 confort\u00e1vel e elegante e pertence \u00e0 colec\u00e7\u00e3o Club Line.<br \/>\nEsta colec\u00e7\u00e3o cont\u00e9m roupas modernas projectadas para jogadores de todos os n\u00edveis.<\/p>\n","protected":false},"featured_media":84336,"template":"","meta":[],"pwb-brand":[],"product_brand":[],"product_cat":[1378,1377],"product_tag":[],"class_list":{"0":"post-81054","1":"product","2":"type-product","3":"status-publish","4":"has-post-thumbnail","6":"product_cat-homem","7":"product_cat-textil","9":"first","10":"instock","11":"sale","12":"taxable","13":"shipping-taxable","14":"purchasable","15":"product-type-variable","16":"wvs-archive-product-wrapper"},"brands":[],"_links":{"self":[{"href":"https:\/\/drop-shot.com\/store\/wp-json\/wp\/v2\/product\/81054","targetHints":{"allow":["GET"]}}],"collection":[{"href":"https:\/\/drop-shot.com\/store\/wp-json\/wp\/v2\/product"}],"about":[{"href":"https:\/\/drop-shot.com\/store\/wp-json\/wp\/v2\/types\/product"}],"version-history":[{"count":16,"href":"https:\/\/drop-shot.com\/store\/wp-json\/wp\/v2\/product\/81054\/revisions"}],"predecessor-version":[{"id":84335,"href":"https:\/\/drop-shot.com\/store\/wp-json\/wp\/v2\/product\/81054\/revisions\/84335"}],"wp:featuredmedia":[{"embeddable":true,"href":"https:\/\/drop-shot.com\/store\/wp-json\/wp\/v2\/media\/84336"}],"wp:attachment":[{"href":"https:\/\/drop-shot.com\/store\/wp-json\/wp\/v2\/media?parent=81054"}],"wp:term":[{"taxonomy":"pwb-brand","embeddable":true,"href":"https:\/\/drop-shot.com\/store\/wp-json\/wp\/v2\/pwb-brand?post=81054"},{"taxonomy":"product_brand","embeddable":true,"href":"https:\/\/drop-shot.com\/store\/wp-json\/wp\/v2\/product_brand?post=81054"},{"taxonomy":"product_cat","embeddable":true,"href":"https:\/\/drop-shot.com\/store\/wp-json\/wp\/v2\/product_cat?post=81054"},{"taxonomy":"product_tag","embeddable":true,"href":"https:\/\/drop-shot.com\/store\/wp-json\/wp\/v2\/product_tag?post=81054"}],"curies":[{"name":"wp","href":"https:\/\/api.w.org\/{rel}","templated":true}]}}