{"id":81050,"date":"2025-05-13T09:51:37","date_gmt":"2025-05-13T09:51:37","guid":{"rendered":"https:\/\/drop-shot.com\/store\/produto\/bola-tenis-dunlop-stage-3-vermelhopack-12un\/"},"modified":"2026-04-17T13:15:38","modified_gmt":"2026-04-17T13:15:38","slug":"bola-tenis-dunlop-stage-3-vermelhopack-12un","status":"publish","type":"product","link":"https:\/\/drop-shot.com\/store\/produto\/bola-tenis-dunlop-stage-3-vermelhopack-12un\/","title":{"rendered":"Bola T\u00e9nis Dunlop Stage 3 (Vermelho,Pack 12un)"},"content":{"rendered":"<p>Se voc\u00ea nunca jogou T\u00e9nis antes, esta \u00e9 a bola para voc\u00ea.<\/p>\n<p>Jogue com uma bola que voa mais devagar e \u00e9 mais tolerante em pancadas duros.<\/p>\n<p>Perfeito para iniciantes absolutos.<\/p>\n<p>A bola maior voa pelo ar mais lentamente, enquanto a constru\u00e7\u00e3o sem press\u00e3o significa que os iniciantes absolutos podem acertar chutes duros sem o medo de acertar a bola fora da campo.<\/p>\n<p>Ideal para coaching e treino.<\/p>\n<p>Pack de tr\u00eas bolas.<\/p>\n<p>Aprovado pela ITF.<\/p>\n","protected":false},"excerpt":{"rendered":"<p>Acerte com confian\u00e7a as suas primeiras pancadas.<\/p>\n","protected":false},"featured_media":81143,"template":"","meta":[],"pwb-brand":[],"product_brand":[],"product_cat":[1370,1368],"product_tag":[],"class_list":{"0":"post-81050","1":"product","2":"type-product","3":"status-publish","4":"has-post-thumbnail","6":"product_cat-bolas-tenis","7":"product_cat-tenis","9":"first","10":"instock","11":"taxable","12":"shipping-taxable","13":"purchasable","14":"product-type-simple"},"brands":[],"_links":{"self":[{"href":"https:\/\/drop-shot.com\/store\/wp-json\/wp\/v2\/product\/81050","targetHints":{"allow":["GET"]}}],"collection":[{"href":"https:\/\/drop-shot.com\/store\/wp-json\/wp\/v2\/product"}],"about":[{"href":"https:\/\/drop-shot.com\/store\/wp-json\/wp\/v2\/types\/product"}],"version-history":[{"count":5,"href":"https:\/\/drop-shot.com\/store\/wp-json\/wp\/v2\/product\/81050\/revisions"}],"predecessor-version":[{"id":85307,"href":"https:\/\/drop-shot.com\/store\/wp-json\/wp\/v2\/product\/81050\/revisions\/85307"}],"wp:featuredmedia":[{"embeddable":true,"href":"https:\/\/drop-shot.com\/store\/wp-json\/wp\/v2\/media\/81143"}],"wp:attachment":[{"href":"https:\/\/drop-shot.com\/store\/wp-json\/wp\/v2\/media?parent=81050"}],"wp:term":[{"taxonomy":"pwb-brand","embeddable":true,"href":"https:\/\/drop-shot.com\/store\/wp-json\/wp\/v2\/pwb-brand?post=81050"},{"taxonomy":"product_brand","embeddable":true,"href":"https:\/\/drop-shot.com\/store\/wp-json\/wp\/v2\/product_brand?post=81050"},{"taxonomy":"product_cat","embeddable":true,"href":"https:\/\/drop-shot.com\/store\/wp-json\/wp\/v2\/product_cat?post=81050"},{"taxonomy":"product_tag","embeddable":true,"href":"https:\/\/drop-shot.com\/store\/wp-json\/wp\/v2\/product_tag?post=81050"}],"curies":[{"name":"wp","href":"https:\/\/api.w.org\/{rel}","templated":true}]}}