{"id":81033,"date":"2025-05-06T22:01:49","date_gmt":"2025-05-06T22:01:49","guid":{"rendered":"https:\/\/drop-shot.com\/store\/produto\/bola-tenis-dunlop-stage-1-verdetubo-3un-2\/"},"modified":"2026-04-17T13:15:36","modified_gmt":"2026-04-17T13:15:36","slug":"bola-tenis-dunlop-stage-1-verdetubo-3un-2","status":"publish","type":"product","link":"https:\/\/drop-shot.com\/store\/produto\/bola-tenis-dunlop-stage-1-verdetubo-3un-2\/","title":{"rendered":"Bola T\u00e9nis Dunlop Stage 1 (Verde,Tubo 3un)"},"content":{"rendered":"<p>Comece a acertar pancadas mais fortes com mais controlo gra\u00e7as a uma bola com uma press\u00e3o interna mais baixa.<\/p>\n<p>Com uma press\u00e3o interna 25% menor do que uma bola de T\u00e9nis padr\u00e3o, as camadas em desenvolvimento podem acertar chutes mais dif\u00edceis enquanto ainda controlam a bola.<\/p>\n<p>Ideal para &#8220;coaching&#8221; e treino.<\/p>\n","protected":false},"excerpt":{"rendered":"<p>A bola de transi\u00e7\u00e3o perfeita.<\/p>\n","protected":false},"featured_media":81317,"template":"","meta":[],"pwb-brand":[],"product_brand":[],"product_cat":[1370,1368],"product_tag":[],"class_list":{"0":"post-81033","1":"product","2":"type-product","3":"status-publish","4":"has-post-thumbnail","6":"product_cat-bolas-tenis","7":"product_cat-tenis","9":"first","10":"instock","11":"taxable","12":"shipping-taxable","13":"purchasable","14":"product-type-simple"},"brands":[],"_links":{"self":[{"href":"https:\/\/drop-shot.com\/store\/wp-json\/wp\/v2\/product\/81033","targetHints":{"allow":["GET"]}}],"collection":[{"href":"https:\/\/drop-shot.com\/store\/wp-json\/wp\/v2\/product"}],"about":[{"href":"https:\/\/drop-shot.com\/store\/wp-json\/wp\/v2\/types\/product"}],"version-history":[{"count":5,"href":"https:\/\/drop-shot.com\/store\/wp-json\/wp\/v2\/product\/81033\/revisions"}],"predecessor-version":[{"id":83970,"href":"https:\/\/drop-shot.com\/store\/wp-json\/wp\/v2\/product\/81033\/revisions\/83970"}],"wp:featuredmedia":[{"embeddable":true,"href":"https:\/\/drop-shot.com\/store\/wp-json\/wp\/v2\/media\/81317"}],"wp:attachment":[{"href":"https:\/\/drop-shot.com\/store\/wp-json\/wp\/v2\/media?parent=81033"}],"wp:term":[{"taxonomy":"pwb-brand","embeddable":true,"href":"https:\/\/drop-shot.com\/store\/wp-json\/wp\/v2\/pwb-brand?post=81033"},{"taxonomy":"product_brand","embeddable":true,"href":"https:\/\/drop-shot.com\/store\/wp-json\/wp\/v2\/product_brand?post=81033"},{"taxonomy":"product_cat","embeddable":true,"href":"https:\/\/drop-shot.com\/store\/wp-json\/wp\/v2\/product_cat?post=81033"},{"taxonomy":"product_tag","embeddable":true,"href":"https:\/\/drop-shot.com\/store\/wp-json\/wp\/v2\/product_tag?post=81033"}],"curies":[{"name":"wp","href":"https:\/\/api.w.org\/{rel}","templated":true}]}}