{"id":80927,"date":"2025-04-08T21:50:00","date_gmt":"2025-04-08T21:50:00","guid":{"rendered":"https:\/\/drop-shot.com\/store\/produto\/bola-tenis-dunlop-fort-all-court-tubo-4un\/"},"modified":"2026-04-23T13:10:46","modified_gmt":"2026-04-23T13:10:46","slug":"bola-tenis-dunlop-fort-all-court-tubo-4un","status":"publish","type":"product","link":"https:\/\/drop-shot.com\/store\/produto\/bola-tenis-dunlop-fort-all-court-tubo-4un\/","title":{"rendered":"Bola T\u00e9nis Dunlop Fort All Court (Tubo 4un)"},"content":{"rendered":"<p>Esta ic\u00f3nica e muito amada bola de T\u00e9nis Premium Dunlop \u00e9 ideal para torneios de elite e jogos de clubes em todas as superf\u00edcies, gra\u00e7as \u00e0 sua constru\u00e7\u00e3o consistente e dur\u00e1vel.<\/p>\n","protected":false},"excerpt":{"rendered":"<p>Jogue com a bola dos Campe\u00f5es.<br \/>\nJogue com a ic\u00f3nica bola de T\u00e9nis Premium Dunlop.<\/p>\n","protected":false},"featured_media":81244,"template":"","meta":[],"pwb-brand":[],"product_brand":[],"product_cat":[1370,1368],"product_tag":[],"class_list":{"0":"post-80927","1":"product","2":"type-product","3":"status-publish","4":"has-post-thumbnail","6":"product_cat-bolas-tenis","7":"product_cat-tenis","9":"first","10":"instock","11":"taxable","12":"shipping-taxable","13":"purchasable","14":"product-type-simple"},"brands":[],"_links":{"self":[{"href":"https:\/\/drop-shot.com\/store\/wp-json\/wp\/v2\/product\/80927","targetHints":{"allow":["GET"]}}],"collection":[{"href":"https:\/\/drop-shot.com\/store\/wp-json\/wp\/v2\/product"}],"about":[{"href":"https:\/\/drop-shot.com\/store\/wp-json\/wp\/v2\/types\/product"}],"version-history":[{"count":15,"href":"https:\/\/drop-shot.com\/store\/wp-json\/wp\/v2\/product\/80927\/revisions"}],"predecessor-version":[{"id":83965,"href":"https:\/\/drop-shot.com\/store\/wp-json\/wp\/v2\/product\/80927\/revisions\/83965"}],"wp:featuredmedia":[{"embeddable":true,"href":"https:\/\/drop-shot.com\/store\/wp-json\/wp\/v2\/media\/81244"}],"wp:attachment":[{"href":"https:\/\/drop-shot.com\/store\/wp-json\/wp\/v2\/media?parent=80927"}],"wp:term":[{"taxonomy":"pwb-brand","embeddable":true,"href":"https:\/\/drop-shot.com\/store\/wp-json\/wp\/v2\/pwb-brand?post=80927"},{"taxonomy":"product_brand","embeddable":true,"href":"https:\/\/drop-shot.com\/store\/wp-json\/wp\/v2\/product_brand?post=80927"},{"taxonomy":"product_cat","embeddable":true,"href":"https:\/\/drop-shot.com\/store\/wp-json\/wp\/v2\/product_cat?post=80927"},{"taxonomy":"product_tag","embeddable":true,"href":"https:\/\/drop-shot.com\/store\/wp-json\/wp\/v2\/product_tag?post=80927"}],"curies":[{"name":"wp","href":"https:\/\/api.w.org\/{rel}","templated":true}]}}