{"id":80902,"date":"2025-03-20T11:49:48","date_gmt":"2025-03-20T11:49:48","guid":{"rendered":"https:\/\/drop-shot.com\/store\/produto\/bola-tenis-dunlop-atp-official-tubo-4un\/"},"modified":"2026-05-07T22:01:10","modified_gmt":"2026-05-07T22:01:10","slug":"bola-tenis-dunlop-atp-official-tubo-4un","status":"publish","type":"product","link":"https:\/\/drop-shot.com\/store\/produto\/bola-tenis-dunlop-atp-official-tubo-4un\/","title":{"rendered":"Bola T\u00e9nis Dunlop ATP Official (Tubo 4un)"},"content":{"rendered":"<p>Esta bola de T\u00e9nis de material super Premium inclui os componentes HD Pro Cloth e HD Pro Core o que lhe confere uma m\u00e1xima consist\u00eancia e desempenho.<\/p>\n<p>Esta \u00e9 tamb\u00e9m a Bola Oficial usada no final de temporada do Intesa San Paolo NextGen ATP Finals e Nitto ATP Finals.<\/p>\n<p>A bola de T\u00e9nis n.\u00ba 1* do ATP Tour.<\/p>\n<p>*Com base no facto de a Dunlop fornecer bolas de T\u00e9nis a mais torneios do ATP Tour do que qualquer outra marca.<\/p>\n","protected":false},"excerpt":{"rendered":"<p>A BOLA OFICIAL DO ATP TOUR.<br \/>\nA bola de T\u00e9nis n.\u00ba 1 do ATP Tour.<\/p>\n","protected":false},"featured_media":81268,"template":"","meta":[],"pwb-brand":[],"product_brand":[],"product_cat":[1370,1368],"product_tag":[],"class_list":{"0":"post-80902","1":"product","2":"type-product","3":"status-publish","4":"has-post-thumbnail","6":"product_cat-bolas-tenis","7":"product_cat-tenis","9":"first","10":"instock","11":"taxable","12":"shipping-taxable","13":"purchasable","14":"product-type-simple"},"brands":[],"_links":{"self":[{"href":"https:\/\/drop-shot.com\/store\/wp-json\/wp\/v2\/product\/80902","targetHints":{"allow":["GET"]}}],"collection":[{"href":"https:\/\/drop-shot.com\/store\/wp-json\/wp\/v2\/product"}],"about":[{"href":"https:\/\/drop-shot.com\/store\/wp-json\/wp\/v2\/types\/product"}],"version-history":[{"count":13,"href":"https:\/\/drop-shot.com\/store\/wp-json\/wp\/v2\/product\/80902\/revisions"}],"predecessor-version":[{"id":84194,"href":"https:\/\/drop-shot.com\/store\/wp-json\/wp\/v2\/product\/80902\/revisions\/84194"}],"wp:featuredmedia":[{"embeddable":true,"href":"https:\/\/drop-shot.com\/store\/wp-json\/wp\/v2\/media\/81268"}],"wp:attachment":[{"href":"https:\/\/drop-shot.com\/store\/wp-json\/wp\/v2\/media?parent=80902"}],"wp:term":[{"taxonomy":"pwb-brand","embeddable":true,"href":"https:\/\/drop-shot.com\/store\/wp-json\/wp\/v2\/pwb-brand?post=80902"},{"taxonomy":"product_brand","embeddable":true,"href":"https:\/\/drop-shot.com\/store\/wp-json\/wp\/v2\/product_brand?post=80902"},{"taxonomy":"product_cat","embeddable":true,"href":"https:\/\/drop-shot.com\/store\/wp-json\/wp\/v2\/product_cat?post=80902"},{"taxonomy":"product_tag","embeddable":true,"href":"https:\/\/drop-shot.com\/store\/wp-json\/wp\/v2\/product_tag?post=80902"}],"curies":[{"name":"wp","href":"https:\/\/api.w.org\/{rel}","templated":true}]}}