{"id":80228,"date":"2025-01-20T22:59:46","date_gmt":"2025-01-20T22:59:46","guid":{"rendered":"https:\/\/drop-shot.com\/store\/produto\/raquete-padel-dunlop-galactica-lite-2\/"},"modified":"2026-04-17T13:13:17","modified_gmt":"2026-04-17T13:13:17","slug":"raquete-padel-dunlop-galactica-lite-2","status":"publish","type":"product","link":"https:\/\/drop-shot.com\/store\/produto\/raquete-padel-dunlop-galactica-lite-2\/","title":{"rendered":"Raquete Padel Dunlop Galactica Lite"},"content":{"rendered":"<p>Com uma constru\u00e7\u00e3o super-premium de Carbono 16K esta raquete proporciona a<br \/>\nm\u00e1xima consist\u00eancia e desempenho em todas as pancadas.<\/p>\n<p>O refor\u00e7o Tri-Max proporciona estabilidade para um<br \/>\nmaior controlo e a Face lay-up de 45\u00ba cria um desempenho excepcional para os jogadores mais avan\u00e7ados.<\/p>\n<p>O padr\u00e3o exclusivo de furos Control Holes<br \/>\n cria um controlo adicional e o acabamento rugoso Extra Grip<br \/>\ngera uma rota\u00e7\u00e3o adicional para pancadas mais penetrantes.<\/p>\n<p>Balan\u00e7o : M\u00e9dio<br \/>\nCapa\/Saco protec\u00e7\u00e3o : N\u00e3o<br \/>\nColec\u00e7\u00e3o : 2025<br \/>\nCor : Preto, Azul<br \/>\nFormato cabe\u00e7a : H\u00edbrido<br \/>\nN\u00facleo : Soft EVA<br \/>\nPerfil : 38 mm<br \/>\nPeso : 350g<br \/>\nS\u00e9rie\/Gama : Galactica<br \/>\nTipo jogador : Avan\u00e7ado<\/p>\n","protected":false},"excerpt":{"rendered":"<p>Joga como um Profissional com este modelo de alto desempenho da nova s\u00e9rie Galactica.<\/p>\n","protected":false},"featured_media":80238,"template":"","meta":[],"pwb-brand":[],"product_brand":[],"product_cat":[1358,1361],"product_tag":[],"class_list":{"0":"post-80228","1":"product","2":"type-product","3":"status-publish","4":"has-post-thumbnail","6":"product_cat-padel-2","7":"product_cat-raquetes-padel-2","9":"first","10":"outofstock","11":"sale","12":"taxable","13":"shipping-taxable","14":"purchasable","15":"product-type-simple"},"brands":[],"_links":{"self":[{"href":"https:\/\/drop-shot.com\/store\/wp-json\/wp\/v2\/product\/80228","targetHints":{"allow":["GET"]}}],"collection":[{"href":"https:\/\/drop-shot.com\/store\/wp-json\/wp\/v2\/product"}],"about":[{"href":"https:\/\/drop-shot.com\/store\/wp-json\/wp\/v2\/types\/product"}],"version-history":[{"count":15,"href":"https:\/\/drop-shot.com\/store\/wp-json\/wp\/v2\/product\/80228\/revisions"}],"predecessor-version":[{"id":83869,"href":"https:\/\/drop-shot.com\/store\/wp-json\/wp\/v2\/product\/80228\/revisions\/83869"}],"wp:featuredmedia":[{"embeddable":true,"href":"https:\/\/drop-shot.com\/store\/wp-json\/wp\/v2\/media\/80238"}],"wp:attachment":[{"href":"https:\/\/drop-shot.com\/store\/wp-json\/wp\/v2\/media?parent=80228"}],"wp:term":[{"taxonomy":"pwb-brand","embeddable":true,"href":"https:\/\/drop-shot.com\/store\/wp-json\/wp\/v2\/pwb-brand?post=80228"},{"taxonomy":"product_brand","embeddable":true,"href":"https:\/\/drop-shot.com\/store\/wp-json\/wp\/v2\/product_brand?post=80228"},{"taxonomy":"product_cat","embeddable":true,"href":"https:\/\/drop-shot.com\/store\/wp-json\/wp\/v2\/product_cat?post=80228"},{"taxonomy":"product_tag","embeddable":true,"href":"https:\/\/drop-shot.com\/store\/wp-json\/wp\/v2\/product_tag?post=80228"}],"curies":[{"name":"wp","href":"https:\/\/api.w.org\/{rel}","templated":true}]}}