{"id":80067,"date":"2025-01-12T11:12:32","date_gmt":"2025-01-12T11:12:32","guid":{"rendered":"https:\/\/drop-shot.com\/store\/produto\/raquete-tenis-dunlop-sx-300-lite-2\/"},"modified":"2026-04-17T13:13:35","modified_gmt":"2026-04-17T13:13:35","slug":"raquete-tenis-dunlop-sx-300-lite-2","status":"publish","type":"product","link":"https:\/\/drop-shot.com\/store\/produto\/raquete-tenis-dunlop-sx-300-lite-2\/","title":{"rendered":"Raquete T\u00e9nis Dunlop SX 300 Lite"},"content":{"rendered":"<p>Esta raquete tem as caracter\u00edsticas da SX 300, mas peso mais leve de forma a permitir um manuseamento muito f\u00e1cil em todas as situa\u00e7\u00f5es em campo.<\/p>\n<p>O padr\u00e3o de cordas 16&#215;18 permite uma \u00f3ptima rota\u00e7\u00e3o e controlo.<\/p>\n<p>Perfeitamente adequada para jogadores mais jovens que procuram uma raquete de tamanho normal mas leve e que lhes permita alcan\u00e7ar o pr\u00f3ximo passo no seu desenvolvimento.<\/p>\n<p>N\u00e3o se trata apenas de mais rota\u00e7\u00e3o, trata-se de mais bolas dentro do campo.<br \/>\nBem-vindo \u00e0 Gera\u00e7\u00e3o Spin.<\/p>\n","protected":false},"excerpt":{"rendered":"<p>Uma maneira mais leve de jogar com rota\u00e7\u00e3o e controlo.<\/p>\n<p>O T\u00e9nis evoluiu. Com a gama SX voc\u00ea pode bater com confian\u00e7a.<\/p>\n","protected":false},"featured_media":80116,"template":"","meta":[],"pwb-brand":[],"product_brand":[],"product_cat":[2443,1375,1368],"product_tag":[],"class_list":{"0":"post-80067","1":"product","2":"type-product","3":"status-publish","4":"has-post-thumbnail","6":"product_cat-gama-sx","7":"product_cat-raquetes-avancado","8":"product_cat-tenis","10":"first","11":"instock","12":"sale","13":"taxable","14":"shipping-taxable","15":"purchasable","16":"product-type-variable","17":"wvs-archive-product-wrapper"},"brands":[],"_links":{"self":[{"href":"https:\/\/drop-shot.com\/store\/wp-json\/wp\/v2\/product\/80067","targetHints":{"allow":["GET"]}}],"collection":[{"href":"https:\/\/drop-shot.com\/store\/wp-json\/wp\/v2\/product"}],"about":[{"href":"https:\/\/drop-shot.com\/store\/wp-json\/wp\/v2\/types\/product"}],"version-history":[{"count":15,"href":"https:\/\/drop-shot.com\/store\/wp-json\/wp\/v2\/product\/80067\/revisions"}],"predecessor-version":[{"id":83877,"href":"https:\/\/drop-shot.com\/store\/wp-json\/wp\/v2\/product\/80067\/revisions\/83877"}],"wp:featuredmedia":[{"embeddable":true,"href":"https:\/\/drop-shot.com\/store\/wp-json\/wp\/v2\/media\/80116"}],"wp:attachment":[{"href":"https:\/\/drop-shot.com\/store\/wp-json\/wp\/v2\/media?parent=80067"}],"wp:term":[{"taxonomy":"pwb-brand","embeddable":true,"href":"https:\/\/drop-shot.com\/store\/wp-json\/wp\/v2\/pwb-brand?post=80067"},{"taxonomy":"product_brand","embeddable":true,"href":"https:\/\/drop-shot.com\/store\/wp-json\/wp\/v2\/product_brand?post=80067"},{"taxonomy":"product_cat","embeddable":true,"href":"https:\/\/drop-shot.com\/store\/wp-json\/wp\/v2\/product_cat?post=80067"},{"taxonomy":"product_tag","embeddable":true,"href":"https:\/\/drop-shot.com\/store\/wp-json\/wp\/v2\/product_tag?post=80067"}],"curies":[{"name":"wp","href":"https:\/\/api.w.org\/{rel}","templated":true}]}}