{"id":80066,"date":"2025-01-12T11:12:31","date_gmt":"2025-01-12T11:12:31","guid":{"rendered":"https:\/\/drop-shot.com\/store\/produto\/raquete-tenis-dunlop-sx-300-ls-2\/"},"modified":"2026-04-17T13:13:31","modified_gmt":"2026-04-17T13:13:31","slug":"raquete-tenis-dunlop-sx-300-ls-2","status":"publish","type":"product","link":"https:\/\/drop-shot.com\/store\/produto\/raquete-tenis-dunlop-sx-300-ls-2\/","title":{"rendered":"Raquete T\u00e9nis Dunlop SX 300 LS"},"content":{"rendered":"<p>Esta vers\u00e3o mais leve do modelo SX 300 oferece uma excelente manobrabilidade e desempenho.<\/p>\n<p>Perfeita para jogadores avan\u00e7ados e jogadores de alto desempenho que est\u00e3o \u00e0 procura de uma raquete com um peso mais leve para alcan\u00e7ar golpes r\u00e1pidos com um alto n\u00edvel de rota\u00e7\u00e3o.<\/p>\n<p>N\u00e3o se trata apenas de mais rota\u00e7\u00e3o, trata-se de mais bolas dentro do campo.<br \/>\nBem-vindo \u00e0 Gera\u00e7\u00e3o Spin.<\/p>\n","protected":false},"excerpt":{"rendered":"<p>Jogue com mais rota\u00e7\u00e3o e manobrabilidade.<\/p>\n<p>O T\u00e9nis evoluiu. Com a gama SX voc\u00ea pode bater com confian\u00e7a.<\/p>\n","protected":false},"featured_media":80121,"template":"","meta":[],"pwb-brand":[],"product_brand":[],"product_cat":[2443,1375,1368],"product_tag":[],"class_list":{"0":"post-80066","1":"product","2":"type-product","3":"status-publish","4":"has-post-thumbnail","6":"product_cat-gama-sx","7":"product_cat-raquetes-avancado","8":"product_cat-tenis","10":"first","11":"instock","12":"sale","13":"taxable","14":"shipping-taxable","15":"purchasable","16":"product-type-variable","17":"wvs-archive-product-wrapper"},"brands":[],"_links":{"self":[{"href":"https:\/\/drop-shot.com\/store\/wp-json\/wp\/v2\/product\/80066","targetHints":{"allow":["GET"]}}],"collection":[{"href":"https:\/\/drop-shot.com\/store\/wp-json\/wp\/v2\/product"}],"about":[{"href":"https:\/\/drop-shot.com\/store\/wp-json\/wp\/v2\/types\/product"}],"version-history":[{"count":15,"href":"https:\/\/drop-shot.com\/store\/wp-json\/wp\/v2\/product\/80066\/revisions"}],"predecessor-version":[{"id":83876,"href":"https:\/\/drop-shot.com\/store\/wp-json\/wp\/v2\/product\/80066\/revisions\/83876"}],"wp:featuredmedia":[{"embeddable":true,"href":"https:\/\/drop-shot.com\/store\/wp-json\/wp\/v2\/media\/80121"}],"wp:attachment":[{"href":"https:\/\/drop-shot.com\/store\/wp-json\/wp\/v2\/media?parent=80066"}],"wp:term":[{"taxonomy":"pwb-brand","embeddable":true,"href":"https:\/\/drop-shot.com\/store\/wp-json\/wp\/v2\/pwb-brand?post=80066"},{"taxonomy":"product_brand","embeddable":true,"href":"https:\/\/drop-shot.com\/store\/wp-json\/wp\/v2\/product_brand?post=80066"},{"taxonomy":"product_cat","embeddable":true,"href":"https:\/\/drop-shot.com\/store\/wp-json\/wp\/v2\/product_cat?post=80066"},{"taxonomy":"product_tag","embeddable":true,"href":"https:\/\/drop-shot.com\/store\/wp-json\/wp\/v2\/product_tag?post=80066"}],"curies":[{"name":"wp","href":"https:\/\/api.w.org\/{rel}","templated":true}]}}