{"id":79531,"date":"2024-12-03T00:20:27","date_gmt":"2024-12-03T00:20:27","guid":{"rendered":"https:\/\/drop-shot.com\/store\/produto\/hidow-spot\/"},"modified":"2026-04-17T13:32:12","modified_gmt":"2026-04-17T13:32:12","slug":"hidow-spot","status":"publish","type":"product","link":"https:\/\/drop-shot.com\/store\/produto\/hidow-spot\/","title":{"rendered":"Hidow Spot"},"content":{"rendered":"<p>CARACTER\u00cdSTICAS PRINCIPAIS:<br \/>\n&#8211; Conveni\u00eancia sem fios: Sem fios, mobilidade total;<br \/>\n&#8211; Terapia personaliz\u00e1vel: Defini\u00e7\u00f5es ajust\u00e1veis para uma utiliza\u00e7\u00e3o personalizada;<br \/>\n&#8211; Compacto e port\u00e1til: Al\u00edvio a qualquer hora, em qualquer lugar.<\/p>\n<p>O QUE EST\u00c1 INCLU\u00cdDO:<br \/>\n&#8211; Dispositivo HiDow Spot;<br \/>\n&#8211; Almofadas de gel para el\u00e9ctrodos Spartan e Butterfly;<br \/>\n&#8211; Cabo de carregamento USB;<br \/>\n&#8211; Guia de inicia\u00e7\u00e3o r\u00e1pida e manual do utilizador.<\/p>\n<p>ESPECIFICA\u00c7\u00d5ES T\u00c9CNICAS:<br \/>\n&#8211; Modalidades: 4;<br \/>\n&#8211; N\u00edveis de intensidade: 20;<br \/>\n&#8211; Fonte de alimenta\u00e7\u00e3o: Bateria recarreg\u00e1vel;<br \/>\n&#8211; Dimens\u00f5es: 6,35cm (di\u00e2metro);<br \/>\n&#8211; Peso: 298g;<br \/>\n&#8211; Desfrute de um al\u00edvio sem esfor\u00e7o onde quer que v\u00e1.<\/p>\n","protected":false},"excerpt":{"rendered":"<p>O HiDow Spot \u00e9 a sua escolha para al\u00edvio em movimento.<\/p>\n<p>Com quatro modos e 20 n\u00edveis de intensidade, oferece uma recupera\u00e7\u00e3o personalizada para \u00e1reas espec\u00edficas, como as costas e as ancas. <\/p>\n<p>O seu tamanho compacto e o design sem fios tornam-no f\u00e1cil de integrar na sua rotina di\u00e1ria, quer esteja em casa, no trabalho ou em viagem.<\/p>\n","protected":false},"featured_media":79533,"template":"","meta":[],"pwb-brand":[],"product_brand":[],"product_cat":[2629,2634],"product_tag":[],"class_list":{"0":"post-79531","1":"product","2":"type-product","3":"status-publish","4":"has-post-thumbnail","6":"product_cat-electroestimulacao-massagem-e-postura","7":"product_cat-tens-e-ems-wireless","9":"first","10":"instock","11":"taxable","12":"shipping-taxable","13":"purchasable","14":"product-type-simple"},"brands":[],"_links":{"self":[{"href":"https:\/\/drop-shot.com\/store\/wp-json\/wp\/v2\/product\/79531","targetHints":{"allow":["GET"]}}],"collection":[{"href":"https:\/\/drop-shot.com\/store\/wp-json\/wp\/v2\/product"}],"about":[{"href":"https:\/\/drop-shot.com\/store\/wp-json\/wp\/v2\/types\/product"}],"version-history":[{"count":5,"href":"https:\/\/drop-shot.com\/store\/wp-json\/wp\/v2\/product\/79531\/revisions"}],"predecessor-version":[{"id":84136,"href":"https:\/\/drop-shot.com\/store\/wp-json\/wp\/v2\/product\/79531\/revisions\/84136"}],"wp:featuredmedia":[{"embeddable":true,"href":"https:\/\/drop-shot.com\/store\/wp-json\/wp\/v2\/media\/79533"}],"wp:attachment":[{"href":"https:\/\/drop-shot.com\/store\/wp-json\/wp\/v2\/media?parent=79531"}],"wp:term":[{"taxonomy":"pwb-brand","embeddable":true,"href":"https:\/\/drop-shot.com\/store\/wp-json\/wp\/v2\/pwb-brand?post=79531"},{"taxonomy":"product_brand","embeddable":true,"href":"https:\/\/drop-shot.com\/store\/wp-json\/wp\/v2\/product_brand?post=79531"},{"taxonomy":"product_cat","embeddable":true,"href":"https:\/\/drop-shot.com\/store\/wp-json\/wp\/v2\/product_cat?post=79531"},{"taxonomy":"product_tag","embeddable":true,"href":"https:\/\/drop-shot.com\/store\/wp-json\/wp\/v2\/product_tag?post=79531"}],"curies":[{"name":"wp","href":"https:\/\/api.w.org\/{rel}","templated":true}]}}