{"id":79455,"date":"2024-12-01T21:18:40","date_gmt":"2024-12-01T21:18:40","guid":{"rendered":"https:\/\/drop-shot.com\/store\/produto\/hidow-acuknee-wrap\/"},"modified":"2026-04-17T13:32:13","modified_gmt":"2026-04-17T13:32:13","slug":"hidow-acuknee-wrap","status":"publish","type":"product","link":"https:\/\/drop-shot.com\/store\/produto\/hidow-acuknee-wrap\/","title":{"rendered":"Hidow AcuKnee Wrap"},"content":{"rendered":"<p>A joelheira AcuKnee \u00e9 uma solu\u00e7\u00e3o tudo-em-um para estimula\u00e7\u00e3o muscular, relaxamento, mobilidade melhorada e apoio do joelho.<\/p>\n<p>Com a avan\u00e7ada tecnologia TENS\/EMS da HiDow, consegue-se uma maior flexibilidade e mobilidade.<\/p>\n<p>O seu design discreto adapta-se confortavelmente \u00e0 roupa, oferecendo al\u00edvio e apoio onde quer que v\u00e1.<\/p>\n<p>Dur\u00e1vel, f\u00e1cil de utilizar e sem comich\u00e3o, \u00e9 a escolha ideal para o bem-estar total do joelho.<\/p>\n<p>Diga adeus \u00e0 dor no joelho e ol\u00e1 \u00e0 mobilidade e conforto melhorados.<\/p>\n<p>CARACTER\u00cdSTICAS PRINCIPAIS:<br \/>\n&#8211; Humidade e respirabilidade: O tecido de neopreno garante uma utiliza\u00e7\u00e3o prolongada e discreta, aumentando o conforto geral durante as sess\u00f5es de terapia;<br \/>\n&#8211; Al\u00edvio de precis\u00e3o: Um revestimento interior de silicone condutor actua com precis\u00e3o sobre os est\u00edmulos da dor, alimentado pelo seu dispositivo HiDow TENS\/EMS;<br \/>\n&#8211; Ajuste ajust\u00e1vel e movimentos sem restri\u00e7\u00f5es: O adesivo de velcro garante um ajuste confort\u00e1vel, permitindo movimentos sem restri\u00e7\u00f5es durante as sess\u00f5es de terapia;<br \/>\n&#8211; Maior flexibilidade e relaxamento personaliz\u00e1vel: Obtenha maior flexibilidade e mobilidade atrav\u00e9s de uma estimula\u00e7\u00e3o muscular eficaz. Intensidade da sess\u00e3o personalizada para relaxamento profundo e al\u00edvio, em qualquer lugar, a qualquer hora;<br \/>\n&#8211; Design duradouro: Concebida para uma utiliza\u00e7\u00e3o duradoura, mantendo-se firmemente no lugar durante v\u00e1rias actividades.<\/p>\n<p>O QUE EST\u00c1 INCLU\u00cdDO:<br \/>\n&#8211; Joelheira AcuKnee;<br \/>\n&#8211; Spray Condutor Perfeito (5 ml);<br \/>\n&#8211; Cart\u00e3o de informa\u00e7\u00e3o para o spray condutor.<\/p>\n<p>ESPECIFICA\u00c7\u00d5ES T\u00c9CNICAS:<br \/>\n&#8211; Dimens\u00f5es: 80cm x 26,67cm<br \/>\n&#8211; Peso: 379g<\/p>\n","protected":false},"excerpt":{"rendered":"<p>Descubra uma companheira vers\u00e1til para a estimula\u00e7\u00e3o muscular, o relaxamento, a mobilidade melhorada e o apoio do joelho com a joelheira AcuKnee.<\/p>\n<p>Concebida para um conforto e funcionalidade duradouros, esta joelheir combina a tecnologia TENS\/EMS da HiDow com um design superior, proporcionando uma mistura equilibrada de al\u00edvio e rejuvenescimento.<\/p>\n","protected":false},"featured_media":79457,"template":"","meta":[],"pwb-brand":[],"product_brand":[],"product_cat":[2630,2629],"product_tag":[],"class_list":{"0":"post-79455","1":"product","2":"type-product","3":"status-publish","4":"has-post-thumbnail","6":"product_cat-acessorios-abracadeiras-premium","7":"product_cat-electroestimulacao-massagem-e-postura","9":"first","10":"instock","11":"taxable","12":"shipping-taxable","13":"purchasable","14":"product-type-simple"},"brands":[],"_links":{"self":[{"href":"https:\/\/drop-shot.com\/store\/wp-json\/wp\/v2\/product\/79455","targetHints":{"allow":["GET"]}}],"collection":[{"href":"https:\/\/drop-shot.com\/store\/wp-json\/wp\/v2\/product"}],"about":[{"href":"https:\/\/drop-shot.com\/store\/wp-json\/wp\/v2\/types\/product"}],"version-history":[{"count":5,"href":"https:\/\/drop-shot.com\/store\/wp-json\/wp\/v2\/product\/79455\/revisions"}],"predecessor-version":[{"id":84138,"href":"https:\/\/drop-shot.com\/store\/wp-json\/wp\/v2\/product\/79455\/revisions\/84138"}],"wp:featuredmedia":[{"embeddable":true,"href":"https:\/\/drop-shot.com\/store\/wp-json\/wp\/v2\/media\/79457"}],"wp:attachment":[{"href":"https:\/\/drop-shot.com\/store\/wp-json\/wp\/v2\/media?parent=79455"}],"wp:term":[{"taxonomy":"pwb-brand","embeddable":true,"href":"https:\/\/drop-shot.com\/store\/wp-json\/wp\/v2\/pwb-brand?post=79455"},{"taxonomy":"product_brand","embeddable":true,"href":"https:\/\/drop-shot.com\/store\/wp-json\/wp\/v2\/product_brand?post=79455"},{"taxonomy":"product_cat","embeddable":true,"href":"https:\/\/drop-shot.com\/store\/wp-json\/wp\/v2\/product_cat?post=79455"},{"taxonomy":"product_tag","embeddable":true,"href":"https:\/\/drop-shot.com\/store\/wp-json\/wp\/v2\/product_tag?post=79455"}],"curies":[{"name":"wp","href":"https:\/\/api.w.org\/{rel}","templated":true}]}}