{"id":79449,"date":"2024-12-01T21:08:36","date_gmt":"2024-12-01T21:08:36","guid":{"rendered":"https:\/\/drop-shot.com\/store\/produto\/hidow-acugloves\/"},"modified":"2026-04-29T15:25:05","modified_gmt":"2026-04-29T15:25:05","slug":"hidow-acugloves","status":"publish","type":"product","link":"https:\/\/drop-shot.com\/store\/produto\/hidow-acugloves\/","title":{"rendered":"Hidow AcuGloves"},"content":{"rendered":"<p>Melhore a sua rotina de terapia das m\u00e3os com as HiDow AcuGloves, concebidas para um al\u00edvio abrangente e uma maior mobilidade.<\/p>\n<p>Estas luvas proporcionam uma eletroterapia TENS\/EMS de 360 graus desde a ponta dos dedos at\u00e9 aos pulsos, visando \u00e1reas-chave para aliviar a dor e melhorar a circula\u00e7\u00e3o.<\/p>\n<p>Infundidas com fibras de prata antimicrobianas, as AcuGloves n\u00e3o s\u00f3 melhoram a higiene como tamb\u00e9m garantem uma frescura duradoura.<\/p>\n<p>Ideais para o controlo da artrite, da s\u00edndrome do t\u00fanel c\u00e1rpico, da tendinite, da dor e do incha\u00e7o p\u00f3s-operat\u00f3rios e da dorm\u00eancia, as AcuGloves s\u00e3o fabricadas em tecido el\u00e1stico de alta qualidade para um ajuste universal.<\/p>\n<p>Compat\u00edveis com todos os dispositivos HiDow, estas luvas facilitam a integra\u00e7\u00e3o da terapia avan\u00e7ada das m\u00e3os na sua rotina di\u00e1ria. Reutiliz\u00e1veis e f\u00e1ceis de manter, basta lavar \u00e0 m\u00e3o e secar ao ar para um bem-estar duradouro.<\/p>\n<p>CARACTER\u00cdSTICAS PRINCIPAIS:<br \/>\n&#8211; Terapia abrangente de 360 graus: Proporciona eletroterapia desde a ponta dos dedos at\u00e9 aos pulsos, aumentando o al\u00edvio e a mobilidade;<br \/>\n&#8211; Infus\u00e3o de prata antimicrobiana: Elimina naturalmente os odores e oferece benef\u00edcios antimicrobianos para uma melhor higiene;<br \/>\n&#8211; Al\u00edvio vers\u00e1til: Resolve problemas comuns das m\u00e3os, melhorando a circula\u00e7\u00e3o sangu\u00ednea, a mobilidade e a destreza;<br \/>\n&#8211; Conforto personalizado: Tamanho \u00fanico, concebido para todos os tamanhos de m\u00e3os;<br \/>\n&#8211; Compatibilidade perfeita: Integra-se com todos os dispositivos HiDow TENS\/EMS para uma experi\u00eancia sem complica\u00e7\u00f5es;<br \/>\n&#8211; F\u00e1cil manuten\u00e7\u00e3o: Lav\u00e1vel \u00e0 m\u00e3o e reutiliz\u00e1vel para o bem-estar das m\u00e3os a longo prazo.<\/p>\n<p>IDEAL PARA:<br \/>\n&#8211; Artrite;<br \/>\n&#8211; S\u00edndrome do t\u00fanel c\u00e1rpico;<br \/>\n&#8211; Tendinite;<br \/>\n&#8211; Dor e incha\u00e7o p\u00f3s-operat\u00f3rios;<br \/>\n&#8211; Dorm\u00eancia;<br \/>\n&#8211; Les\u00f5es desportivas.<\/p>\n<p>O QUE EST\u00c1 INCLU\u00cdDO:<br \/>\n&#8211; Par de AcuGloves;<br \/>\n&#8211; Manual do utilizador<\/p>\n<p>ESPECIFICA\u00c7\u00d5ES T\u00c9CNICAS:<br \/>\n&#8211; Material: Algod\u00e3o de alta qualidade com infus\u00e3o de prata;<br \/>\n&#8211; Tamanho: Tamanho \u00fanico;<br \/>\n&#8211; Compatibilidade: Integra-se na perfei\u00e7\u00e3o com todos os dispositivos HiDow TENS\/EMS;<br \/>\n&#8211; Cuidados: Lavar \u00e0 m\u00e3o e secar ao ar para uma longevidade \u00f3ptima.<\/p>\n","protected":false},"excerpt":{"rendered":"<p>Descubra a pr\u00f3xima gera\u00e7\u00e3o de terapia para as m\u00e3os com as AcuGloves &#8211; concebidas para um al\u00edvio e mobilidade \u00f3ptimos.<\/p>\n<p>Estas luvas proporcionam uma eletroterapia TENS\/EMS de 360 graus desde a ponta dos dedos at\u00e9 aos pulsos, aliviando a artrite e a s\u00edndrome do t\u00fanel c\u00e1rpico com compatibilidade universal de dispositivos.<\/p>\n","protected":false},"featured_media":79451,"template":"","meta":[],"pwb-brand":[],"product_brand":[],"product_cat":[2630,2629],"product_tag":[],"class_list":{"0":"post-79449","1":"product","2":"type-product","3":"status-publish","4":"has-post-thumbnail","6":"product_cat-acessorios-abracadeiras-premium","7":"product_cat-electroestimulacao-massagem-e-postura","9":"first","10":"instock","11":"taxable","12":"shipping-taxable","13":"purchasable","14":"product-type-simple"},"brands":[],"_links":{"self":[{"href":"https:\/\/drop-shot.com\/store\/wp-json\/wp\/v2\/product\/79449","targetHints":{"allow":["GET"]}}],"collection":[{"href":"https:\/\/drop-shot.com\/store\/wp-json\/wp\/v2\/product"}],"about":[{"href":"https:\/\/drop-shot.com\/store\/wp-json\/wp\/v2\/types\/product"}],"version-history":[{"count":5,"href":"https:\/\/drop-shot.com\/store\/wp-json\/wp\/v2\/product\/79449\/revisions"}],"predecessor-version":[{"id":84132,"href":"https:\/\/drop-shot.com\/store\/wp-json\/wp\/v2\/product\/79449\/revisions\/84132"}],"wp:featuredmedia":[{"embeddable":true,"href":"https:\/\/drop-shot.com\/store\/wp-json\/wp\/v2\/media\/79451"}],"wp:attachment":[{"href":"https:\/\/drop-shot.com\/store\/wp-json\/wp\/v2\/media?parent=79449"}],"wp:term":[{"taxonomy":"pwb-brand","embeddable":true,"href":"https:\/\/drop-shot.com\/store\/wp-json\/wp\/v2\/pwb-brand?post=79449"},{"taxonomy":"product_brand","embeddable":true,"href":"https:\/\/drop-shot.com\/store\/wp-json\/wp\/v2\/product_brand?post=79449"},{"taxonomy":"product_cat","embeddable":true,"href":"https:\/\/drop-shot.com\/store\/wp-json\/wp\/v2\/product_cat?post=79449"},{"taxonomy":"product_tag","embeddable":true,"href":"https:\/\/drop-shot.com\/store\/wp-json\/wp\/v2\/product_tag?post=79449"}],"curies":[{"name":"wp","href":"https:\/\/api.w.org\/{rel}","templated":true}]}}