{"id":79419,"date":"2024-12-01T15:31:28","date_gmt":"2024-12-01T15:31:28","guid":{"rendered":"https:\/\/drop-shot.com\/store\/produto\/hidow-acuelbow-wrap\/"},"modified":"2026-04-17T13:32:13","modified_gmt":"2026-04-17T13:32:13","slug":"hidow-acuelbow-wrap","status":"publish","type":"product","link":"https:\/\/drop-shot.com\/store\/produto\/hidow-acuelbow-wrap\/","title":{"rendered":"Hidow AcuElbow Wrap"},"content":{"rendered":"<p>Diga adeus ao desconforto e as boas vindas ao al\u00edvio de distens\u00f5es, entorses, bursite, cotovelo de golfista e cotovelo de tenista.<\/p>\n<p>Fabricada em neoprene ultraleve e respir\u00e1vel, esta abra\u00e7adeira envolvente parece uma segunda pele, oferecendo um conforto inigual\u00e1vel.<\/p>\n<p>A abra\u00e7adeira AcuElbow Wrap integra-se perfeitamente com a avan\u00e7ada tecnologia TENS\/EMS da HiDow &#8211; imagine uma terapia de precis\u00e3o que visa a dor e aumenta a mobilidade exatamente onde \u00e9 necess\u00e1rio.<\/p>\n<p>Fixe a correia de velcro para um ajuste personalizado.<br \/>\nN\u00e3o h\u00e1 mais deslizamentos.N\u00e3o h\u00e1 mais ajustes &#8211; apenas movimento puro e sem restri\u00e7\u00f5es.<\/p>\n<p>Quer esteja a fazer um exerc\u00edcio f\u00edsico intenso, a realizar tarefas di\u00e1rias ou simplesmente a procurar cuidados preventivos, a AcuElbow Wrap \u00e9 a sua &#8220;companheira de confian\u00e7a&#8221;.<\/p>\n<p>CARACTER\u00cdSTICAS PRINCIPAIS:<\/p>\n<p>    &#8211; Neoprene leve como uma pena:<br \/>\nT\u00e3o leve e respir\u00e1vel que at\u00e9 se esquece que est\u00e1 l\u00e1;<br \/>\n    &#8211; Terapia de precis\u00e3o: O revestimento de silicone condutor proporciona uma eletroterapia exacta com os dispositivos HiDow;<br \/>\n    &#8211; Ajuste personalizado: A correia de velcro garante um ajuste seguro e personalizado;<br \/>\n    &#8211; Aumento da flexibilidade: Estimula os m\u00fasculos para uma maior flexibilidade e fluidez de movimentos;<\/p>\n<p>    &#8211; Constru\u00edda para durar: Design dur\u00e1vel que resiste aos rigores da vida quotidiana;<br \/>\n    &#8211; Compatibilidade universal: Sincroniza-se sem esfor\u00e7o com todos os dispositivos HiDow;<br \/>\n    &#8211; Terapia personalizada: Funciona com dispositivos com e sem fios para uma sess\u00e3o personalizada.<\/p>\n<p>O QUE EST\u00c1 INCLU\u00cdDO:<\/p>\n<p>    &#8211; Abra\u00e7adeira AcuElbow;<br \/>\n    &#8211; Spray condutor Ion Perfect (5 ml);<br \/>\n    &#8211; Cart\u00e3o de informa\u00e7\u00e3o para o spray condutor;<br \/>\n    &#8211; Capas de encaixe<\/p>\n<p>.<\/p>\n<p>ESPECIFICA\u00c7\u00d5ES T\u00c9CNICAS<br \/>\n    &#8211; Peso: 115g<\/p>\n<p>    &#8211; Dimens\u00f5es: 50cm x 19cm<\/p>\n","protected":false},"excerpt":{"rendered":"<p>Apresentamos o AcuElbow Wrap para uma terapia de precis\u00e3o e uma melhor sa\u00fade do cotovelo.<\/p>\n<p>Leve como uma pena e concebida para precis\u00e3o, esta abra\u00e7adeira transforma os cuidados com o cotovelo numa forma de arte, ajudando-o a movimentar-se livremente e a viver com coragem.<\/p>\n","protected":false},"featured_media":79422,"template":"","meta":[],"pwb-brand":[],"product_brand":[],"product_cat":[2630,2629],"product_tag":[],"class_list":{"0":"post-79419","1":"product","2":"type-product","3":"status-publish","4":"has-post-thumbnail","6":"product_cat-acessorios-abracadeiras-premium","7":"product_cat-electroestimulacao-massagem-e-postura","9":"first","10":"instock","11":"taxable","12":"shipping-taxable","13":"purchasable","14":"product-type-simple"},"brands":[],"_links":{"self":[{"href":"https:\/\/drop-shot.com\/store\/wp-json\/wp\/v2\/product\/79419","targetHints":{"allow":["GET"]}}],"collection":[{"href":"https:\/\/drop-shot.com\/store\/wp-json\/wp\/v2\/product"}],"about":[{"href":"https:\/\/drop-shot.com\/store\/wp-json\/wp\/v2\/types\/product"}],"version-history":[{"count":18,"href":"https:\/\/drop-shot.com\/store\/wp-json\/wp\/v2\/product\/79419\/revisions"}],"predecessor-version":[{"id":84137,"href":"https:\/\/drop-shot.com\/store\/wp-json\/wp\/v2\/product\/79419\/revisions\/84137"}],"wp:featuredmedia":[{"embeddable":true,"href":"https:\/\/drop-shot.com\/store\/wp-json\/wp\/v2\/media\/79422"}],"wp:attachment":[{"href":"https:\/\/drop-shot.com\/store\/wp-json\/wp\/v2\/media?parent=79419"}],"wp:term":[{"taxonomy":"pwb-brand","embeddable":true,"href":"https:\/\/drop-shot.com\/store\/wp-json\/wp\/v2\/pwb-brand?post=79419"},{"taxonomy":"product_brand","embeddable":true,"href":"https:\/\/drop-shot.com\/store\/wp-json\/wp\/v2\/product_brand?post=79419"},{"taxonomy":"product_cat","embeddable":true,"href":"https:\/\/drop-shot.com\/store\/wp-json\/wp\/v2\/product_cat?post=79419"},{"taxonomy":"product_tag","embeddable":true,"href":"https:\/\/drop-shot.com\/store\/wp-json\/wp\/v2\/product_tag?post=79419"}],"curies":[{"name":"wp","href":"https:\/\/api.w.org\/{rel}","templated":true}]}}