{"id":76720,"date":"2024-09-29T10:49:58","date_gmt":"2024-09-29T10:49:58","guid":{"rendered":"https:\/\/drop-shot.com\/store\/produto\/saco-dunlop-sx-performance-backpack-verde-azuladopretoamarelo\/"},"modified":"2026-04-29T15:10:33","modified_gmt":"2026-04-29T15:10:33","slug":"saco-dunlop-sx-performance-backpack-verde-azuladopretoamarelo","status":"publish","type":"product","link":"https:\/\/drop-shot.com\/store\/produto\/saco-dunlop-sx-performance-backpack-verde-azuladopretoamarelo\/","title":{"rendered":"Saco Dunlop SX Performance Backpack (Verde azulado,Preto,Amarelo)"},"content":{"rendered":"<p>Grande compartimento principal para roupas e cal\u00e7ado. Compartimento traseiro para acomodar at\u00e9 duas raquetes.<\/p>\n<p>Dois compartimentos frontais com fecho, um deles com bolsos menores integrados e para acess\u00f3rios.<\/p>\n<p>Bolso lateral para segurar com seguran\u00e7a uma garrafa de \u00e1gua ou tubo de bolas de T\u00e9nis Dunlop.<\/p>\n<p>Al\u00e7as ergon\u00f3micas para maior conforto no transporte.<\/p>\n<p>Tamanho (cm): L:49 x C:38 x A:25<br \/>\nVolume (l): 30<\/p>\n","protected":false},"excerpt":{"rendered":"<p>Carregue tudo o que precisa em grande estilo.<\/p>\n","protected":false},"featured_media":76726,"template":"","meta":[],"pwb-brand":[103],"product_brand":[],"product_cat":[1344,2443,1347],"product_tag":[],"class_list":{"0":"post-76720","1":"product","2":"type-product","3":"status-publish","4":"has-post-thumbnail","6":"pwb-brand-dunlop","7":"product_cat-bagagem","8":"product_cat-gama-sx","9":"product_cat-pequenos","11":"first","12":"instock","13":"taxable","14":"shipping-taxable","15":"purchasable","16":"product-type-simple"},"brands":[{"id":103,"name":"Dunlop","slug":"dunlop"}],"_links":{"self":[{"href":"https:\/\/drop-shot.com\/store\/wp-json\/wp\/v2\/product\/76720","targetHints":{"allow":["GET"]}}],"collection":[{"href":"https:\/\/drop-shot.com\/store\/wp-json\/wp\/v2\/product"}],"about":[{"href":"https:\/\/drop-shot.com\/store\/wp-json\/wp\/v2\/types\/product"}],"version-history":[{"count":9,"href":"https:\/\/drop-shot.com\/store\/wp-json\/wp\/v2\/product\/76720\/revisions"}],"predecessor-version":[{"id":83880,"href":"https:\/\/drop-shot.com\/store\/wp-json\/wp\/v2\/product\/76720\/revisions\/83880"}],"wp:featuredmedia":[{"embeddable":true,"href":"https:\/\/drop-shot.com\/store\/wp-json\/wp\/v2\/media\/76726"}],"wp:attachment":[{"href":"https:\/\/drop-shot.com\/store\/wp-json\/wp\/v2\/media?parent=76720"}],"wp:term":[{"taxonomy":"pwb-brand","embeddable":true,"href":"https:\/\/drop-shot.com\/store\/wp-json\/wp\/v2\/pwb-brand?post=76720"},{"taxonomy":"product_brand","embeddable":true,"href":"https:\/\/drop-shot.com\/store\/wp-json\/wp\/v2\/product_brand?post=76720"},{"taxonomy":"product_cat","embeddable":true,"href":"https:\/\/drop-shot.com\/store\/wp-json\/wp\/v2\/product_cat?post=76720"},{"taxonomy":"product_tag","embeddable":true,"href":"https:\/\/drop-shot.com\/store\/wp-json\/wp\/v2\/product_tag?post=76720"}],"curies":[{"name":"wp","href":"https:\/\/api.w.org\/{rel}","templated":true}]}}