{"id":76718,"date":"2024-09-29T10:49:56","date_gmt":"2024-09-29T10:49:56","guid":{"rendered":"https:\/\/drop-shot.com\/store\/produto\/saco-dunlop-sx-performance-thermo-12-verde-azuladopretoamarelo\/"},"modified":"2026-04-17T13:13:36","modified_gmt":"2026-04-17T13:13:36","slug":"saco-dunlop-sx-performance-thermo-12-verde-azuladopretoamarelo","status":"publish","type":"product","link":"https:\/\/drop-shot.com\/store\/produto\/saco-dunlop-sx-performance-thermo-12-verde-azuladopretoamarelo\/","title":{"rendered":"Saco Dunlop SX Performance Thermo 12 (Verde azulado,Preto,Amarelo)"},"content":{"rendered":"<p>Dois compartimentos principais para at\u00e9 12 raquetes, um com isolamento t\u00e9rmico para proteger raquetes e cordas em temperaturas extremas.<\/p>\n<p>O compartimento central pode ser dividido em um, dois ou tr\u00eas compartimentos separados com divis\u00f3rias de velcro.<\/p>\n<p>Bolso para cal\u00e7ado e bolsos internos separados para uma organiza\u00e7\u00e3o conveniente e f\u00e1cil dos pertences.<\/p>\n<p>Al\u00e7as ergon\u00f3micas para maior conforto no transporte.<\/p>\n<p>Tamanho (cm): L:78 x C:46 x A:35<br \/>\nVolume (l): 85<\/p>\n","protected":false},"excerpt":{"rendered":"<p>Saco em forma de raquete que oferece grande estabilidade e amplo armazenamento.<\/p>\n","protected":false},"featured_media":76724,"template":"","meta":[],"pwb-brand":[103],"product_brand":[],"product_cat":[1344,2443,1345],"product_tag":[],"class_list":{"0":"post-76718","1":"product","2":"type-product","3":"status-publish","4":"has-post-thumbnail","6":"pwb-brand-dunlop","7":"product_cat-bagagem","8":"product_cat-gama-sx","9":"product_cat-grandes","11":"first","12":"outofstock","13":"taxable","14":"shipping-taxable","15":"purchasable","16":"product-type-simple"},"brands":[{"id":103,"name":"Dunlop","slug":"dunlop"}],"_links":{"self":[{"href":"https:\/\/drop-shot.com\/store\/wp-json\/wp\/v2\/product\/76718","targetHints":{"allow":["GET"]}}],"collection":[{"href":"https:\/\/drop-shot.com\/store\/wp-json\/wp\/v2\/product"}],"about":[{"href":"https:\/\/drop-shot.com\/store\/wp-json\/wp\/v2\/types\/product"}],"version-history":[{"count":7,"href":"https:\/\/drop-shot.com\/store\/wp-json\/wp\/v2\/product\/76718\/revisions"}],"predecessor-version":[{"id":83878,"href":"https:\/\/drop-shot.com\/store\/wp-json\/wp\/v2\/product\/76718\/revisions\/83878"}],"wp:featuredmedia":[{"embeddable":true,"href":"https:\/\/drop-shot.com\/store\/wp-json\/wp\/v2\/media\/76724"}],"wp:attachment":[{"href":"https:\/\/drop-shot.com\/store\/wp-json\/wp\/v2\/media?parent=76718"}],"wp:term":[{"taxonomy":"pwb-brand","embeddable":true,"href":"https:\/\/drop-shot.com\/store\/wp-json\/wp\/v2\/pwb-brand?post=76718"},{"taxonomy":"product_brand","embeddable":true,"href":"https:\/\/drop-shot.com\/store\/wp-json\/wp\/v2\/product_brand?post=76718"},{"taxonomy":"product_cat","embeddable":true,"href":"https:\/\/drop-shot.com\/store\/wp-json\/wp\/v2\/product_cat?post=76718"},{"taxonomy":"product_tag","embeddable":true,"href":"https:\/\/drop-shot.com\/store\/wp-json\/wp\/v2\/product_tag?post=76718"}],"curies":[{"name":"wp","href":"https:\/\/api.w.org\/{rel}","templated":true}]}}