{"id":76653,"date":"2024-09-19T21:08:22","date_gmt":"2024-09-19T21:08:22","guid":{"rendered":"https:\/\/drop-shot.com\/store\/produto\/raquete-squash-dunlop-fx-125\/"},"modified":"2026-04-17T13:13:07","modified_gmt":"2026-04-17T13:13:07","slug":"raquete-squash-dunlop-fx-125","status":"publish","type":"product","link":"https:\/\/drop-shot.com\/store\/produto\/raquete-squash-dunlop-fx-125\/","title":{"rendered":"Raquete Squash Dunlop FX 125"},"content":{"rendered":"<p>Conhe\u00e7a a nova FX 125, com o \u201cF\u201d a significar Force\/Power (for\u00e7a\/pot\u00eancia).<\/p>\n<p>Esta raquete apresenta um tamanho de cabe\u00e7a maior e um feixe aerodin\u00e2mico mais espesso, que proporciona mais for\u00e7a ao seu jogo.<\/p>\n<p>O equil\u00edbrio extra da cabe\u00e7a leve nesta raquete de 125g proporciona a m\u00e1xima pot\u00eancia e manobrabilidade.<\/p>\n<p>A raquete de elei\u00e7\u00e3o de Aifa Aizman, Tinne Gilis, Sivasangari Subramaniam, Aira Azman, Ainaa Amani e Elise Romba.<\/p>\n","protected":false},"excerpt":{"rendered":"<p>Sente a For\u00e7a.<\/p>\n<p>Pratica o teu jogo com mais for\u00e7a.<\/p>\n","protected":false},"featured_media":76662,"template":"","meta":[],"pwb-brand":[103],"product_brand":[],"product_cat":[1367,1363],"product_tag":[],"class_list":{"0":"post-76653","1":"product","2":"type-product","3":"status-publish","4":"has-post-thumbnail","6":"pwb-brand-dunlop","7":"product_cat-raquetes-squash-2","8":"product_cat-squash-2","10":"first","11":"instock","12":"sale","13":"taxable","14":"shipping-taxable","15":"purchasable","16":"product-type-simple"},"brands":[{"id":103,"name":"Dunlop","slug":"dunlop"}],"_links":{"self":[{"href":"https:\/\/drop-shot.com\/store\/wp-json\/wp\/v2\/product\/76653","targetHints":{"allow":["GET"]}}],"collection":[{"href":"https:\/\/drop-shot.com\/store\/wp-json\/wp\/v2\/product"}],"about":[{"href":"https:\/\/drop-shot.com\/store\/wp-json\/wp\/v2\/types\/product"}],"version-history":[{"count":11,"href":"https:\/\/drop-shot.com\/store\/wp-json\/wp\/v2\/product\/76653\/revisions"}],"predecessor-version":[{"id":83858,"href":"https:\/\/drop-shot.com\/store\/wp-json\/wp\/v2\/product\/76653\/revisions\/83858"}],"wp:featuredmedia":[{"embeddable":true,"href":"https:\/\/drop-shot.com\/store\/wp-json\/wp\/v2\/media\/76662"}],"wp:attachment":[{"href":"https:\/\/drop-shot.com\/store\/wp-json\/wp\/v2\/media?parent=76653"}],"wp:term":[{"taxonomy":"pwb-brand","embeddable":true,"href":"https:\/\/drop-shot.com\/store\/wp-json\/wp\/v2\/pwb-brand?post=76653"},{"taxonomy":"product_brand","embeddable":true,"href":"https:\/\/drop-shot.com\/store\/wp-json\/wp\/v2\/product_brand?post=76653"},{"taxonomy":"product_cat","embeddable":true,"href":"https:\/\/drop-shot.com\/store\/wp-json\/wp\/v2\/product_cat?post=76653"},{"taxonomy":"product_tag","embeddable":true,"href":"https:\/\/drop-shot.com\/store\/wp-json\/wp\/v2\/product_tag?post=76653"}],"curies":[{"name":"wp","href":"https:\/\/api.w.org\/{rel}","templated":true}]}}