{"id":76652,"date":"2024-09-19T21:08:21","date_gmt":"2024-09-19T21:08:21","guid":{"rendered":"https:\/\/drop-shot.com\/store\/produto\/raquete-squash-dunlop-fx-130\/"},"modified":"2026-04-17T13:13:07","modified_gmt":"2026-04-17T13:13:07","slug":"raquete-squash-dunlop-fx-130","status":"publish","type":"product","link":"https:\/\/drop-shot.com\/store\/produto\/raquete-squash-dunlop-fx-130\/","title":{"rendered":"Raquete Squash Dunlop FX 130"},"content":{"rendered":"<p>Conhe\u00e7a a nova FX 130, com o \u201cF\u201d a significar Force (for\u00e7a), esta raquete tem mais pot\u00eancia gra\u00e7as \u00e0 mistura de uma cabe\u00e7a maior, um feixe aerodin\u00e2mico mais espesso e o padr\u00e3o de cordas Powermax 14&#215;18.<\/p>\n<p>A raquete FX mais potente da gama.<\/p>\n<p>A raquete de elei\u00e7\u00e3o de Eain Yow NG.<\/p>\n","protected":false},"excerpt":{"rendered":"<p>Bata com mais for\u00e7a do que nunca!<\/p>\n<p>Bata as bolas com for\u00e7a real, a raquete mais potente da gama FX.<\/p>\n","protected":false},"featured_media":76665,"template":"","meta":[],"pwb-brand":[103],"product_brand":[],"product_cat":[1367,1363],"product_tag":[],"class_list":{"0":"post-76652","1":"product","2":"type-product","3":"status-publish","4":"has-post-thumbnail","6":"pwb-brand-dunlop","7":"product_cat-raquetes-squash-2","8":"product_cat-squash-2","10":"first","11":"outofstock","12":"sale","13":"taxable","14":"shipping-taxable","15":"purchasable","16":"product-type-simple"},"brands":[{"id":103,"name":"Dunlop","slug":"dunlop"}],"_links":{"self":[{"href":"https:\/\/drop-shot.com\/store\/wp-json\/wp\/v2\/product\/76652","targetHints":{"allow":["GET"]}}],"collection":[{"href":"https:\/\/drop-shot.com\/store\/wp-json\/wp\/v2\/product"}],"about":[{"href":"https:\/\/drop-shot.com\/store\/wp-json\/wp\/v2\/types\/product"}],"version-history":[{"count":9,"href":"https:\/\/drop-shot.com\/store\/wp-json\/wp\/v2\/product\/76652\/revisions"}],"predecessor-version":[{"id":83857,"href":"https:\/\/drop-shot.com\/store\/wp-json\/wp\/v2\/product\/76652\/revisions\/83857"}],"wp:featuredmedia":[{"embeddable":true,"href":"https:\/\/drop-shot.com\/store\/wp-json\/wp\/v2\/media\/76665"}],"wp:attachment":[{"href":"https:\/\/drop-shot.com\/store\/wp-json\/wp\/v2\/media?parent=76652"}],"wp:term":[{"taxonomy":"pwb-brand","embeddable":true,"href":"https:\/\/drop-shot.com\/store\/wp-json\/wp\/v2\/pwb-brand?post=76652"},{"taxonomy":"product_brand","embeddable":true,"href":"https:\/\/drop-shot.com\/store\/wp-json\/wp\/v2\/product_brand?post=76652"},{"taxonomy":"product_cat","embeddable":true,"href":"https:\/\/drop-shot.com\/store\/wp-json\/wp\/v2\/product_cat?post=76652"},{"taxonomy":"product_tag","embeddable":true,"href":"https:\/\/drop-shot.com\/store\/wp-json\/wp\/v2\/product_tag?post=76652"}],"curies":[{"name":"wp","href":"https:\/\/api.w.org\/{rel}","templated":true}]}}