{"id":76651,"date":"2024-09-19T21:08:20","date_gmt":"2024-09-19T21:08:20","guid":{"rendered":"https:\/\/drop-shot.com\/store\/produto\/raquete-squash-dunlop-fx-125-pro-lite\/"},"modified":"2026-04-17T13:13:06","modified_gmt":"2026-04-17T13:13:06","slug":"raquete-squash-dunlop-fx-125-pro-lite","status":"publish","type":"product","link":"https:\/\/drop-shot.com\/store\/produto\/raquete-squash-dunlop-fx-125-pro-lite\/","title":{"rendered":"Raquete Squash Dunlop FX 125 Pro Lite"},"content":{"rendered":"<p>Conhe\u00e7a a nova FX 128 Pro Lite.<\/p>\n<p>Onde \u201cF\u201d significa Force\/Power (for\u00e7a\/pot\u00eancia).<\/p>\n<p>Esta atualiza\u00e7\u00e3o mais leve da FX 128 Pro apresenta um equil\u00edbrio de cabe\u00e7a mais leve, tornando-a manobr\u00e1vel e r\u00e1pida no campo.<\/p>\n<p>\u00c9 ideal para si se for um jogador interm\u00e9dio ou avan\u00e7ado que queira adicionar pot\u00eancia ao seu jogo.<\/p>\n<p>A raquete escolhida por Victor Crouin, Sabrina Sobhy, Katie Mallif, Ryunonsuke Tsukue e Millie Tomlinson.<\/p>\n","protected":false},"excerpt":{"rendered":"<p>Explode a tua pot\u00eancia de pancada!<\/p>\n<p>Pancadas com verdadeira FOR\u00c7A com esta atualiza\u00e7\u00e3o mais leve da FX 128 Pro.<\/p>\n","protected":false},"featured_media":76663,"template":"","meta":[],"pwb-brand":[103],"product_brand":[],"product_cat":[1367,1363],"product_tag":[],"class_list":{"0":"post-76651","1":"product","2":"type-product","3":"status-publish","4":"has-post-thumbnail","6":"pwb-brand-dunlop","7":"product_cat-raquetes-squash-2","8":"product_cat-squash-2","10":"first","11":"outofstock","12":"sale","13":"taxable","14":"shipping-taxable","15":"purchasable","16":"product-type-simple"},"brands":[{"id":103,"name":"Dunlop","slug":"dunlop"}],"_links":{"self":[{"href":"https:\/\/drop-shot.com\/store\/wp-json\/wp\/v2\/product\/76651","targetHints":{"allow":["GET"]}}],"collection":[{"href":"https:\/\/drop-shot.com\/store\/wp-json\/wp\/v2\/product"}],"about":[{"href":"https:\/\/drop-shot.com\/store\/wp-json\/wp\/v2\/types\/product"}],"version-history":[{"count":9,"href":"https:\/\/drop-shot.com\/store\/wp-json\/wp\/v2\/product\/76651\/revisions"}],"predecessor-version":[{"id":83856,"href":"https:\/\/drop-shot.com\/store\/wp-json\/wp\/v2\/product\/76651\/revisions\/83856"}],"wp:featuredmedia":[{"embeddable":true,"href":"https:\/\/drop-shot.com\/store\/wp-json\/wp\/v2\/media\/76663"}],"wp:attachment":[{"href":"https:\/\/drop-shot.com\/store\/wp-json\/wp\/v2\/media?parent=76651"}],"wp:term":[{"taxonomy":"pwb-brand","embeddable":true,"href":"https:\/\/drop-shot.com\/store\/wp-json\/wp\/v2\/pwb-brand?post=76651"},{"taxonomy":"product_brand","embeddable":true,"href":"https:\/\/drop-shot.com\/store\/wp-json\/wp\/v2\/product_brand?post=76651"},{"taxonomy":"product_cat","embeddable":true,"href":"https:\/\/drop-shot.com\/store\/wp-json\/wp\/v2\/product_cat?post=76651"},{"taxonomy":"product_tag","embeddable":true,"href":"https:\/\/drop-shot.com\/store\/wp-json\/wp\/v2\/product_tag?post=76651"}],"curies":[{"name":"wp","href":"https:\/\/api.w.org\/{rel}","templated":true}]}}