{"id":75640,"date":"2024-07-24T20:47:26","date_gmt":"2024-07-24T20:47:26","guid":{"rendered":"https:\/\/drop-shot.com\/store\/produto\/carro-para-bolas-diadem-com-saco-150-bolas\/"},"modified":"2026-04-29T15:25:03","modified_gmt":"2026-04-29T15:25:03","slug":"carro-para-bolas-diadem-com-saco-150-bolas","status":"publish","type":"product","link":"https:\/\/drop-shot.com\/store\/produto\/carro-para-bolas-diadem-com-saco-150-bolas\/","title":{"rendered":"Carro para bolas Diadem com cesto (150 bolas)"},"content":{"rendered":"<p>Carregue todas as bolas que voc\u00ea precisa at\u00e9 mesmo para a sess\u00e3o de treino mais longa.<\/p>\n<p>Este carrinho de ensino leve e dur\u00e1vel possui um saco de bola destac\u00e1vel, perfeito para os treinos e para que voc\u00ea possa passar mais tempo no campo.<\/p>\n<p>BOLAS N\u00c3O INCLU\u00cdDAS.<\/p>\n","protected":false},"excerpt":{"rendered":"<p>Prepare-se para cada sess\u00e3o de treino.<\/p>\n","protected":false},"featured_media":76833,"template":"","meta":[],"pwb-brand":[2608],"product_brand":[],"product_cat":[1330,1336],"product_tag":[],"class_list":{"0":"post-75640","1":"product","2":"type-product","3":"status-publish","4":"has-post-thumbnail","6":"pwb-brand-diadem","7":"product_cat-acessorios","8":"product_cat-sacos-cestos-e-carros-para-bolas","10":"first","11":"outofstock","12":"sale","13":"taxable","14":"shipping-taxable","15":"purchasable","16":"product-type-simple"},"brands":[{"id":2608,"name":"Diadem","slug":"diadem"}],"_links":{"self":[{"href":"https:\/\/drop-shot.com\/store\/wp-json\/wp\/v2\/product\/75640","targetHints":{"allow":["GET"]}}],"collection":[{"href":"https:\/\/drop-shot.com\/store\/wp-json\/wp\/v2\/product"}],"about":[{"href":"https:\/\/drop-shot.com\/store\/wp-json\/wp\/v2\/types\/product"}],"version-history":[{"count":14,"href":"https:\/\/drop-shot.com\/store\/wp-json\/wp\/v2\/product\/75640\/revisions"}],"predecessor-version":[{"id":84128,"href":"https:\/\/drop-shot.com\/store\/wp-json\/wp\/v2\/product\/75640\/revisions\/84128"}],"wp:featuredmedia":[{"embeddable":true,"href":"https:\/\/drop-shot.com\/store\/wp-json\/wp\/v2\/media\/76833"}],"wp:attachment":[{"href":"https:\/\/drop-shot.com\/store\/wp-json\/wp\/v2\/media?parent=75640"}],"wp:term":[{"taxonomy":"pwb-brand","embeddable":true,"href":"https:\/\/drop-shot.com\/store\/wp-json\/wp\/v2\/pwb-brand?post=75640"},{"taxonomy":"product_brand","embeddable":true,"href":"https:\/\/drop-shot.com\/store\/wp-json\/wp\/v2\/product_brand?post=75640"},{"taxonomy":"product_cat","embeddable":true,"href":"https:\/\/drop-shot.com\/store\/wp-json\/wp\/v2\/product_cat?post=75640"},{"taxonomy":"product_tag","embeddable":true,"href":"https:\/\/drop-shot.com\/store\/wp-json\/wp\/v2\/product_tag?post=75640"}],"curies":[{"name":"wp","href":"https:\/\/api.w.org\/{rel}","templated":true}]}}