{"id":75038,"date":"2024-06-30T22:00:22","date_gmt":"2024-06-30T22:00:22","guid":{"rendered":"https:\/\/drop-shot.com\/store\/produto\/t-shirt-dunlop-game-tee-5-homem-brancocinzento\/"},"modified":"2026-04-17T13:22:36","modified_gmt":"2026-04-17T13:22:36","slug":"t-shirt-dunlop-game-tee-5-homem-brancocinzento","status":"publish","type":"product","link":"https:\/\/drop-shot.com\/store\/produto\/t-shirt-dunlop-game-tee-5-homem-brancocinzento\/","title":{"rendered":"T-Shirt Dunlop Game Tee 5 Homem (Branco,Cinzento)"},"content":{"rendered":"<p>Esta T-Shirt de jogo faz parte da colec\u00e7\u00e3o Performance da Dunlop.<\/p>\n<p>Esta moderna colec\u00e7\u00e3o desportiva foi concebida para jogadores que procuram conforto e qualidade acima da m\u00e9dia.<\/p>\n<p>Com seu formato de formato de pesco\u00e7o redondo e material de alta qualidade, finalizado com um formato arrojado, possui um visual moderno e atl\u00e9tico.<\/p>\n<p>Tamanhos: S a XXXL<br \/>\n100% Poli\u00e9ster<\/p>\n","protected":false},"excerpt":{"rendered":"<p>A T-Shirt \u00e9 confort\u00e1vel e elegante e pertence \u00e0 colec\u00e7\u00e3o Performance.<\/p>\n<p>Esta colec\u00e7\u00e3o cont\u00e9m roupas modernas projectadas para jogadores de todos os n\u00edveis.<\/p>\n","protected":false},"featured_media":75049,"template":"","meta":[],"pwb-brand":[],"product_brand":[],"product_cat":[1814,1817],"product_tag":[],"class_list":{"0":"post-75038","1":"product","2":"type-product","3":"status-publish","4":"has-post-thumbnail","6":"product_cat-promocoes","7":"product_cat-textil-promocoes","9":"first","10":"instock","11":"sale","12":"taxable","13":"shipping-taxable","14":"purchasable","15":"product-type-variable","16":"wvs-archive-product-wrapper"},"brands":[],"_links":{"self":[{"href":"https:\/\/drop-shot.com\/store\/wp-json\/wp\/v2\/product\/75038","targetHints":{"allow":["GET"]}}],"collection":[{"href":"https:\/\/drop-shot.com\/store\/wp-json\/wp\/v2\/product"}],"about":[{"href":"https:\/\/drop-shot.com\/store\/wp-json\/wp\/v2\/types\/product"}],"version-history":[{"count":10,"href":"https:\/\/drop-shot.com\/store\/wp-json\/wp\/v2\/product\/75038\/revisions"}],"predecessor-version":[{"id":84505,"href":"https:\/\/drop-shot.com\/store\/wp-json\/wp\/v2\/product\/75038\/revisions\/84505"}],"wp:featuredmedia":[{"embeddable":true,"href":"https:\/\/drop-shot.com\/store\/wp-json\/wp\/v2\/media\/75049"}],"wp:attachment":[{"href":"https:\/\/drop-shot.com\/store\/wp-json\/wp\/v2\/media?parent=75038"}],"wp:term":[{"taxonomy":"pwb-brand","embeddable":true,"href":"https:\/\/drop-shot.com\/store\/wp-json\/wp\/v2\/pwb-brand?post=75038"},{"taxonomy":"product_brand","embeddable":true,"href":"https:\/\/drop-shot.com\/store\/wp-json\/wp\/v2\/product_brand?post=75038"},{"taxonomy":"product_cat","embeddable":true,"href":"https:\/\/drop-shot.com\/store\/wp-json\/wp\/v2\/product_cat?post=75038"},{"taxonomy":"product_tag","embeddable":true,"href":"https:\/\/drop-shot.com\/store\/wp-json\/wp\/v2\/product_tag?post=75038"}],"curies":[{"name":"wp","href":"https:\/\/api.w.org\/{rel}","templated":true}]}}