{"id":74865,"date":"2024-05-02T17:13:50","date_gmt":"2024-05-02T17:13:50","guid":{"rendered":"https:\/\/drop-shot.com\/store\/produto\/bola-tenis-media-dunlop-atp-5-m-estoril-open-amarelo\/"},"modified":"2026-04-17T13:10:23","modified_gmt":"2026-04-17T13:10:23","slug":"bola-tenis-media-dunlop-atp-5-m-estoril-open-amarelo","status":"publish","type":"product","link":"https:\/\/drop-shot.com\/store\/produto\/bola-tenis-media-dunlop-atp-5-m-estoril-open-amarelo\/","title":{"rendered":"Bola T\u00e9nis M\u00e9dia Dunlop ATP 5&#8221; M Estoril Open (Amarelo)"},"content":{"rendered":"<p>Esta vers\u00e3o grande de 5 polegadas da bola de T\u00e9nis Dunlop Fort \u00e9 um artigo divertido &#8211; excelente para crian\u00e7as e ideal para uso promocional.<\/p>\n","protected":false},"excerpt":{"rendered":"<p>Vers\u00e3o grande da bola de T\u00e9nis Dunlop Fort vers\u00e3o especial Millennium Estoril Open.<\/p>\n","protected":false},"featured_media":74959,"template":"","meta":[],"pwb-brand":[],"product_brand":[],"product_cat":[1354,1353],"product_tag":[],"class_list":{"0":"post-74865","1":"product","2":"type-product","3":"status-publish","4":"has-post-thumbnail","6":"product_cat-bolas","7":"product_cat-marketing","9":"first","10":"outofstock","11":"taxable","12":"shipping-taxable","13":"purchasable","14":"product-type-simple"},"brands":[],"_links":{"self":[{"href":"https:\/\/drop-shot.com\/store\/wp-json\/wp\/v2\/product\/74865","targetHints":{"allow":["GET"]}}],"collection":[{"href":"https:\/\/drop-shot.com\/store\/wp-json\/wp\/v2\/product"}],"about":[{"href":"https:\/\/drop-shot.com\/store\/wp-json\/wp\/v2\/types\/product"}],"version-history":[{"count":15,"href":"https:\/\/drop-shot.com\/store\/wp-json\/wp\/v2\/product\/74865\/revisions"}],"predecessor-version":[{"id":83764,"href":"https:\/\/drop-shot.com\/store\/wp-json\/wp\/v2\/product\/74865\/revisions\/83764"}],"wp:featuredmedia":[{"embeddable":true,"href":"https:\/\/drop-shot.com\/store\/wp-json\/wp\/v2\/media\/74959"}],"wp:attachment":[{"href":"https:\/\/drop-shot.com\/store\/wp-json\/wp\/v2\/media?parent=74865"}],"wp:term":[{"taxonomy":"pwb-brand","embeddable":true,"href":"https:\/\/drop-shot.com\/store\/wp-json\/wp\/v2\/pwb-brand?post=74865"},{"taxonomy":"product_brand","embeddable":true,"href":"https:\/\/drop-shot.com\/store\/wp-json\/wp\/v2\/product_brand?post=74865"},{"taxonomy":"product_cat","embeddable":true,"href":"https:\/\/drop-shot.com\/store\/wp-json\/wp\/v2\/product_cat?post=74865"},{"taxonomy":"product_tag","embeddable":true,"href":"https:\/\/drop-shot.com\/store\/wp-json\/wp\/v2\/product_tag?post=74865"}],"curies":[{"name":"wp","href":"https:\/\/api.w.org\/{rel}","templated":true}]}}