{"id":74861,"date":"2024-04-30T14:44:45","date_gmt":"2024-04-30T14:44:45","guid":{"rendered":"https:\/\/drop-shot.com\/store\/produto\/windbreaker-dunlop-12m-x-2m-2\/"},"modified":"2026-04-17T13:09:36","modified_gmt":"2026-04-17T13:09:36","slug":"windbreaker-dunlop-12m-x-2m-2","status":"publish","type":"product","link":"https:\/\/drop-shot.com\/store\/produto\/windbreaker-dunlop-12m-x-2m-2\/","title":{"rendered":"Windbreaker Dunlop (12m x 2m)"},"content":{"rendered":"<p>Corta-vento para campo de T\u00e9nis para coloca\u00e7\u00e3o ao longo da parte de tr\u00e1s do campo.<\/p>\n<p>As dimens\u00f5es s\u00e3o 12m x 2m.<\/p>\n","protected":false},"excerpt":{"rendered":"<p>Corta-vento de 12 metros para campo de T\u00e9nis.<\/p>\n","protected":false},"featured_media":81403,"template":"","meta":[],"pwb-brand":[],"product_brand":[],"product_cat":[1330,1333],"product_tag":[],"class_list":{"0":"post-74861","1":"product","2":"type-product","3":"status-publish","4":"has-post-thumbnail","6":"product_cat-acessorios","7":"product_cat-outros","9":"first","10":"outofstock","11":"sale","12":"taxable","13":"shipping-taxable","14":"purchasable","15":"product-type-simple"},"brands":[],"_links":{"self":[{"href":"https:\/\/drop-shot.com\/store\/wp-json\/wp\/v2\/product\/74861","targetHints":{"allow":["GET"]}}],"collection":[{"href":"https:\/\/drop-shot.com\/store\/wp-json\/wp\/v2\/product"}],"about":[{"href":"https:\/\/drop-shot.com\/store\/wp-json\/wp\/v2\/types\/product"}],"version-history":[{"count":9,"href":"https:\/\/drop-shot.com\/store\/wp-json\/wp\/v2\/product\/74861\/revisions"}],"predecessor-version":[{"id":84255,"href":"https:\/\/drop-shot.com\/store\/wp-json\/wp\/v2\/product\/74861\/revisions\/84255"}],"wp:featuredmedia":[{"embeddable":true,"href":"https:\/\/drop-shot.com\/store\/wp-json\/wp\/v2\/media\/81403"}],"wp:attachment":[{"href":"https:\/\/drop-shot.com\/store\/wp-json\/wp\/v2\/media?parent=74861"}],"wp:term":[{"taxonomy":"pwb-brand","embeddable":true,"href":"https:\/\/drop-shot.com\/store\/wp-json\/wp\/v2\/pwb-brand?post=74861"},{"taxonomy":"product_brand","embeddable":true,"href":"https:\/\/drop-shot.com\/store\/wp-json\/wp\/v2\/product_brand?post=74861"},{"taxonomy":"product_cat","embeddable":true,"href":"https:\/\/drop-shot.com\/store\/wp-json\/wp\/v2\/product_cat?post=74861"},{"taxonomy":"product_tag","embeddable":true,"href":"https:\/\/drop-shot.com\/store\/wp-json\/wp\/v2\/product_tag?post=74861"}],"curies":[{"name":"wp","href":"https:\/\/api.w.org\/{rel}","templated":true}]}}