{"id":74457,"date":"2023-11-30T14:36:20","date_gmt":"2023-11-30T14:36:20","guid":{"rendered":"https:\/\/drop-shot.com\/store\/produto\/calcado-joma-t-slam-world-padel-tour-clay\/"},"modified":"2026-04-29T15:26:10","modified_gmt":"2026-04-29T15:26:10","slug":"calcado-joma-t-slam-world-padel-tour-clay","status":"publish","type":"product","link":"https:\/\/drop-shot.com\/store\/produto\/calcado-joma-t-slam-world-padel-tour-clay\/","title":{"rendered":"Cal\u00e7ado Joma T.Slam World Padel Tour Clay"},"content":{"rendered":"<p>Um modelo baseado nas cores azul sombreado e amarelo n\u00e9on, personalizado com o logo WPT em diferentes lugares, com uma impress\u00e3o de \u00e1gua na lateral da sola exterior, na parte superior, no balc\u00e3o externo, na palmilha e na sobreposi\u00e7\u00e3o.<\/p>\n<p>A edi\u00e7\u00e3o limitada do modelo Slam World Padel Tour mant\u00e9m todas as caracter\u00edsticas t\u00e9cnicas e as \u00faltimas tecnologias aplicadas aos sapatos de padel.<\/p>\n<p>\u00c9 um sapato especialmente concebido para este desporto, que se caracteriza pelo seu amortecimento, estabilidade e alta resist\u00eancia ao desgaste.<\/p>\n<p>O excelente amortecimento \u00e9 conseguido atrav\u00e9s da utiliza\u00e7\u00e3o do sistema REBOUND 2.0 na entressola.<\/p>\n<p>Este \u00e9 um material que se expande facilmente, dando-lhe uma enorme capacidade de absor\u00e7\u00e3o no impacto com o solo e permitindo-lhe recuperar facilmente a sua forma e dar um impulso no arranque.<\/p>\n<p>Al\u00e9m disso, a entressola \u00e9 composta por uma base de fil\u00e3o de maior densidade, o que proporciona estabilidade.<\/p>\n<p>A estabilidade \u00e9 refor\u00e7ada pelo uso do sistema STABILIS, uma pe\u00e7a moldada por inje\u00e7\u00e3o que se estende do arco ao metatarso e estabiliza a transi\u00e7\u00e3o da passada, e a introdu\u00e7\u00e3o de um contador externo e r\u00edgido que suporta o p\u00e9.<\/p>\n<p>A parte superior \u00e9 caracterizada pela alta respirabilidade e pela sua estrutura em rede.<\/p>\n<p>Esta qualidade \u00e9 muito apreciada para a pr\u00e1tica desportiva em terrenos com elevada abras\u00e3o. Para proteger esta zona do p\u00e9, o modelo incorpora o sistema INYECTION PRINT, uma borracha moldada por injec\u00e7\u00e3o que suporta o p\u00e9 e proporciona conforto.<\/p>\n<p>Na zona interior do p\u00e9, onde ocorre o maior desgaste devido aos movimentos laterais durante a actividade, \u00e9 inserida uma pe\u00e7a adicional de borracha para proteger o p\u00e9. Os revestimentos internos inseridos, que envolvem o p\u00e9, t\u00eam duas caracter\u00edsticas diferentes. Nos lados, eles s\u00e3o mais resistentes para segurar o p\u00e9.<\/p>\n<p>Na parte de tr\u00e1s, \u00e9 mais confort\u00e1vel e acolchoado.<\/p>\n<p>A sola exterior \u00e9 feita utilizando o sistema DURABILITY, composto por borracha de alta densidade que resiste ao desgaste no solo.<\/p>\n<p>A sola exterior tem um padr\u00e3o de espinha de peixe profundo que proporciona uma boa ader\u00eancia na superf\u00edcie de jogo.<\/p>\n","protected":false},"excerpt":{"rendered":"<p>Edi\u00e7\u00e3o limitada do modelo Slam World Padel Tour<\/p>\n","protected":false},"featured_media":74498,"template":"","meta":[],"pwb-brand":[2609],"product_brand":[],"product_cat":[1350,1816,1385,1814],"product_tag":[],"class_list":{"0":"post-74457","1":"product","2":"type-product","3":"status-publish","4":"has-post-thumbnail","6":"pwb-brand-joma","7":"product_cat-calcado","8":"product_cat-calcado-promocoes","9":"product_cat-padel-calcado","10":"product_cat-promocoes","12":"first","13":"instock","14":"sale","15":"taxable","16":"shipping-taxable","17":"purchasable","18":"product-type-variable","19":"wvs-archive-product-wrapper"},"brands":[{"id":2609,"name":"Joma","slug":"joma"}],"_links":{"self":[{"href":"https:\/\/drop-shot.com\/store\/wp-json\/wp\/v2\/product\/74457","targetHints":{"allow":["GET"]}}],"collection":[{"href":"https:\/\/drop-shot.com\/store\/wp-json\/wp\/v2\/product"}],"about":[{"href":"https:\/\/drop-shot.com\/store\/wp-json\/wp\/v2\/types\/product"}],"version-history":[{"count":10,"href":"https:\/\/drop-shot.com\/store\/wp-json\/wp\/v2\/product\/74457\/revisions"}],"predecessor-version":[{"id":84392,"href":"https:\/\/drop-shot.com\/store\/wp-json\/wp\/v2\/product\/74457\/revisions\/84392"}],"wp:featuredmedia":[{"embeddable":true,"href":"https:\/\/drop-shot.com\/store\/wp-json\/wp\/v2\/media\/74498"}],"wp:attachment":[{"href":"https:\/\/drop-shot.com\/store\/wp-json\/wp\/v2\/media?parent=74457"}],"wp:term":[{"taxonomy":"pwb-brand","embeddable":true,"href":"https:\/\/drop-shot.com\/store\/wp-json\/wp\/v2\/pwb-brand?post=74457"},{"taxonomy":"product_brand","embeddable":true,"href":"https:\/\/drop-shot.com\/store\/wp-json\/wp\/v2\/product_brand?post=74457"},{"taxonomy":"product_cat","embeddable":true,"href":"https:\/\/drop-shot.com\/store\/wp-json\/wp\/v2\/product_cat?post=74457"},{"taxonomy":"product_tag","embeddable":true,"href":"https:\/\/drop-shot.com\/store\/wp-json\/wp\/v2\/product_tag?post=74457"}],"curies":[{"name":"wp","href":"https:\/\/api.w.org\/{rel}","templated":true}]}}