{"id":74456,"date":"2023-11-30T14:36:02","date_gmt":"2023-11-30T14:36:02","guid":{"rendered":"https:\/\/drop-shot.com\/store\/produto\/calcado-joma-t-pro-roland-2002-white-navy-clay\/"},"modified":"2026-04-29T15:25:54","modified_gmt":"2026-04-29T15:25:54","slug":"calcado-joma-t-pro-roland-2002-white-navy-clay","status":"publish","type":"product","link":"https:\/\/drop-shot.com\/store\/produto\/calcado-joma-t-pro-roland-2002-white-navy-clay\/","title":{"rendered":"Cal\u00e7ado Joma T.Pro Roland 2002 White-Navy Clay"},"content":{"rendered":"<p>Um modelo para os jogadores que exigem muito dos seus sapatos.<\/p>\n<p>N\u00e3o importa o que voc\u00ea espera dele, o sapato Pro-Roland sempre entrega mais.<\/p>\n<p>A parte superior \u00e9 feita de nylon, TPU e KPU com alta resist\u00eancia \u00e0 abras\u00e3o na frente para lidar com o atrito da pista.<\/p>\n<p>Incorpora o sistema de ventila\u00e7\u00e3o VTS, que permite a entrada e sa\u00edda de ar do sapato e mant\u00e9m a temperatura dos p\u00e9s.<\/p>\n<p>Todos os materiais s\u00e3o leves e resistentes.<\/p>\n<p>O modelo incorpora tecnologia 360, um sistema de fabrica\u00e7\u00e3o que melhora a montagem entre a sola exterior e a superior, facilitando assim a distribui\u00e7\u00e3o natural do peso durante o contato com o solo.<\/p>\n<p>Tamb\u00e9m incorpora a tecnologia JOMA SPORTECH, um sistema de borracha moldada por injec\u00e7\u00e3o que evita costuras e outros materiais r\u00edgidos, criando uma estrutura mais confort\u00e1vel com maior flexibilidade e um melhor ajuste ao p\u00e9. Refor\u00e7o do tornozelo com o sistema FIX COUNTER, para maior apoio, protec\u00e7\u00e3o e conforto gra\u00e7as \u00e0 sua forma ergon\u00f3mica.<\/p>\n<p>Sistema de PROTEC\u00c7\u00c3O para refor\u00e7ar e proteger as partes laterais. Palmilha de EVA+ pr\u00e9-moldada, que se adapta perfeitamente \u00e0 forma do p\u00e9, contribuindo para o amortecimento do cal\u00e7ado ao absorver o impacto de cada contacto com o solo.<\/p>\n<p>A palmilha de EVA de 2mm \u00e9 cosida na parte superior com a tecnologia GLOVE SYSTEM, gra\u00e7as \u00e0 qual as duas partes s\u00e3o cosidas juntas de forma plana e sem costuras salientes, mantendo assim as linhas arredondadas do p\u00e9.<\/p>\n<p>A entressola \u00e9 composta por tr\u00eas pe\u00e7as, uma em fil\u00e3o macio que ocupa toda a base da sola e proporciona acolchoamento.<\/p>\n<p>Uma segunda pe\u00e7a de fil\u00e3o, que chega aos dedos dos p\u00e9s, \u00e9 mais dura e favorece o movimento lateral, e a \u00faltima pe\u00e7a \u00e9 feita de PVC, colocada na parte central da sola, oferecendo mais rigidez \u00e0 sola a cada contato com o solo. Sistema de protec\u00e7\u00e3o lateral que aumenta a resist\u00eancia e durabilidade do sapato.<\/p>\n<p>Incorpora o sistema STABILIS, que consiste em uma pe\u00e7a de TPU localizada na parte mais estreita da sola para evitar rota\u00e7\u00e3o inadequada entre a parte frontal e traseira do p\u00e9, garantindo maior estabilidade e contato firme com o solo em movimentos laterais.<\/p>\n<p>A sola \u00e9 feita de borracha e incorpora o sistema DURABILITY, que proporciona maior resist\u00eancia, retarda o desgaste devido \u00e0 abras\u00e3o e prolonga a vida \u00fatil do sapato.<\/p>\n<p>N\u00e3o importa o que voc\u00ea espera dele, o sapato Pro-Roland sempre lhe oferece mais.<\/p>\n<p>Peso: aprox. 370 g.<\/p>\n","protected":false},"excerpt":{"rendered":"<p>Um sapato concebido para alta competi\u00e7\u00e3o e m\u00faltiplas superf\u00edcies.<\/p>\n","protected":false},"featured_media":74497,"template":"","meta":[],"pwb-brand":[2609],"product_brand":[],"product_cat":[1350,1816,1385,1814,1386],"product_tag":[],"class_list":{"0":"post-74456","1":"product","2":"type-product","3":"status-publish","4":"has-post-thumbnail","6":"pwb-brand-joma","7":"product_cat-calcado","8":"product_cat-calcado-promocoes","9":"product_cat-padel-calcado","10":"product_cat-promocoes","11":"product_cat-tenis-calcado","13":"first","14":"instock","15":"sale","16":"taxable","17":"shipping-taxable","18":"purchasable","19":"product-type-variable","20":"wvs-archive-product-wrapper"},"brands":[{"id":2609,"name":"Joma","slug":"joma"}],"_links":{"self":[{"href":"https:\/\/drop-shot.com\/store\/wp-json\/wp\/v2\/product\/74456","targetHints":{"allow":["GET"]}}],"collection":[{"href":"https:\/\/drop-shot.com\/store\/wp-json\/wp\/v2\/product"}],"about":[{"href":"https:\/\/drop-shot.com\/store\/wp-json\/wp\/v2\/types\/product"}],"version-history":[{"count":8,"href":"https:\/\/drop-shot.com\/store\/wp-json\/wp\/v2\/product\/74456\/revisions"}],"predecessor-version":[{"id":84389,"href":"https:\/\/drop-shot.com\/store\/wp-json\/wp\/v2\/product\/74456\/revisions\/84389"}],"wp:featuredmedia":[{"embeddable":true,"href":"https:\/\/drop-shot.com\/store\/wp-json\/wp\/v2\/media\/74497"}],"wp:attachment":[{"href":"https:\/\/drop-shot.com\/store\/wp-json\/wp\/v2\/media?parent=74456"}],"wp:term":[{"taxonomy":"pwb-brand","embeddable":true,"href":"https:\/\/drop-shot.com\/store\/wp-json\/wp\/v2\/pwb-brand?post=74456"},{"taxonomy":"product_brand","embeddable":true,"href":"https:\/\/drop-shot.com\/store\/wp-json\/wp\/v2\/product_brand?post=74456"},{"taxonomy":"product_cat","embeddable":true,"href":"https:\/\/drop-shot.com\/store\/wp-json\/wp\/v2\/product_cat?post=74456"},{"taxonomy":"product_tag","embeddable":true,"href":"https:\/\/drop-shot.com\/store\/wp-json\/wp\/v2\/product_tag?post=74456"}],"curies":[{"name":"wp","href":"https:\/\/api.w.org\/{rel}","templated":true}]}}