{"id":73162,"date":"2024-01-16T21:28:04","date_gmt":"2024-01-16T21:28:04","guid":{"rendered":"https:\/\/drop-shot.com\/store\/produto\/raquete-tenis-dunlop-cx-200-tour-18x20-2\/"},"modified":"2026-04-17T13:12:15","modified_gmt":"2026-04-17T13:12:15","slug":"raquete-tenis-dunlop-cx-200-tour-18x20-2","status":"publish","type":"product","link":"https:\/\/drop-shot.com\/store\/produto\/raquete-tenis-dunlop-cx-200-tour-18x20-2\/","title":{"rendered":"Raquete T\u00e9nis Dunlop CX 200 Tour 18&#215;20"},"content":{"rendered":"<p>Actualizada com um novo molde, esta raquete de jogador tradicional combina uma velocidade surpreendente com uma precis\u00e3o exacta e uma grande sensa\u00e7\u00e3o!<\/p>\n<p>A Dunlop acrescenta mais um cap\u00edtulo \u00e0 sua raquete mais cl\u00e1ssica e orientada para o controlo.<\/p>\n<p>Definida pela sua cabe\u00e7a compacta de 615cm\u00b2 e pelo seu aro &#8220;flex\u00edvel&#8221; de 20,5mm, a CX 200 Tour 18&#215;20 oferece uma precis\u00e3o fora do normal at\u00e9 da linha de fundo e um toque excepcional na rede.<\/p>\n<p>Tal como na gera\u00e7\u00e3o anterior, o peso manej\u00e1vel desta raquete faz dela um dos membros mais f\u00e1ceis de utilizar da sua classe.<\/p>\n<p>Para esta actualiza\u00e7\u00e3o, a Dunlop reestruturou internamente o aro, adicionando um formato de caixa abaixo do eixo 10\/2 para melhorar a estabilidade, o controlo e a sensa\u00e7\u00e3o.<\/p>\n<p>As altera\u00e7\u00f5es adicionais para 2024 incluem o Powergrid Stringtech+, que apresenta um maior espa\u00e7amento entre as cordas de forma a aumentar a rota\u00e7\u00e3o e a pot\u00eancia.<\/p>\n<p>A Dunlop tamb\u00e9m actualizou o perfil de rigidez, adicionando maior flexibilidade na parte interna da estrutura para melhorar o tempo de resposta e a pancada, ao mesmo tempo que endurece a face da raquete para aumentar a estabilidade e a pot\u00eancia.<\/p>\n<p>Para ajudar a reduzir as vibra\u00e7\u00f5es de impacto, foiadicionado um material altamente el\u00e1stico (denominado Vibroshield) \u00e0 sec\u00e7\u00e3o m\u00e9dia do aro e do eixo. Este material \u00e9 complementado pelo Sonic Core com Infinergy, um material flex\u00edvel \u00fanico aplicado no eixo 3\/9 da cabe\u00e7a permitindo aumento do conforto e da pot\u00eancia.<\/p>\n<p>Com esta atualiza\u00e7\u00e3o, a Dunlop mant\u00e9m o que tem de bom!<\/p>\n<p>Os jogadores experientes que procuram controlo cir\u00fargico, velocidade bruta e excelente sensa\u00e7\u00e3o v\u00e3o adorar este modelo de raquete.<\/p>\n","protected":false},"excerpt":{"rendered":"<p>Nova vers\u00e3o. Novo conceito.<br \/>\nVelocidade surpreendente com precis\u00e3o exacta!<\/p>\n","protected":false},"featured_media":74726,"template":"","meta":[],"pwb-brand":[103],"product_brand":[],"product_cat":[2440,1825,1375,1368],"product_tag":[],"class_list":{"0":"post-73162","1":"product","2":"type-product","3":"status-publish","4":"has-post-thumbnail","6":"pwb-brand-dunlop","7":"product_cat-gama-cx","8":"product_cat-novo-artigo","9":"product_cat-raquetes-avancado","10":"product_cat-tenis","12":"first","13":"instock","14":"sale","15":"taxable","16":"shipping-taxable","17":"purchasable","18":"product-type-variable","19":"wvs-archive-product-wrapper"},"brands":[{"id":103,"name":"Dunlop","slug":"dunlop"}],"_links":{"self":[{"href":"https:\/\/drop-shot.com\/store\/wp-json\/wp\/v2\/product\/73162","targetHints":{"allow":["GET"]}}],"collection":[{"href":"https:\/\/drop-shot.com\/store\/wp-json\/wp\/v2\/product"}],"about":[{"href":"https:\/\/drop-shot.com\/store\/wp-json\/wp\/v2\/types\/product"}],"version-history":[{"count":12,"href":"https:\/\/drop-shot.com\/store\/wp-json\/wp\/v2\/product\/73162\/revisions"}],"predecessor-version":[{"id":83833,"href":"https:\/\/drop-shot.com\/store\/wp-json\/wp\/v2\/product\/73162\/revisions\/83833"}],"wp:featuredmedia":[{"embeddable":true,"href":"https:\/\/drop-shot.com\/store\/wp-json\/wp\/v2\/media\/74726"}],"wp:attachment":[{"href":"https:\/\/drop-shot.com\/store\/wp-json\/wp\/v2\/media?parent=73162"}],"wp:term":[{"taxonomy":"pwb-brand","embeddable":true,"href":"https:\/\/drop-shot.com\/store\/wp-json\/wp\/v2\/pwb-brand?post=73162"},{"taxonomy":"product_brand","embeddable":true,"href":"https:\/\/drop-shot.com\/store\/wp-json\/wp\/v2\/product_brand?post=73162"},{"taxonomy":"product_cat","embeddable":true,"href":"https:\/\/drop-shot.com\/store\/wp-json\/wp\/v2\/product_cat?post=73162"},{"taxonomy":"product_tag","embeddable":true,"href":"https:\/\/drop-shot.com\/store\/wp-json\/wp\/v2\/product_tag?post=73162"}],"curies":[{"name":"wp","href":"https:\/\/api.w.org\/{rel}","templated":true}]}}