{"id":72678,"date":"2023-05-01T12:37:31","date_gmt":"2023-05-01T12:37:31","guid":{"rendered":"https:\/\/drop-shot.com\/store\/produto\/t-shirt-dunlop-essential-crew-tee-kids-laranja-cinzento\/"},"modified":"2026-04-17T13:19:33","modified_gmt":"2026-04-17T13:19:33","slug":"t-shirt-dunlop-essential-crew-tee-kids-laranja-cinzento","status":"publish","type":"product","link":"https:\/\/drop-shot.com\/store\/produto\/t-shirt-dunlop-essential-crew-tee-kids-laranja-cinzento\/","title":{"rendered":"T-Shirt Dunlop Essential Crew Tee Kids (Laranja,Preto)"},"content":{"rendered":"<p>Esta T-Shirt tem mangas curtas e um formato de pesco\u00e7o redondo bem acabado.<\/p>\n<p>O material utilizado \u00e9 macio e confort\u00e1vel.<\/p>\n<p>Esta T-Shirt \u00e9 muito confort\u00e1vel para desportos, mas tamb\u00e9m pode ser usada de forma casual.<\/p>\n<p>100% Algod\u00e3o<br \/>\nTamanhos: 128cm altura a 176cm altura<\/p>\n","protected":false},"excerpt":{"rendered":"<p>A T-Shirt Crew Tee \u00e9 confort\u00e1vel e elegante e pertence \u00e0 colec\u00e7\u00e3o Club Line.<\/p>\n<p>Esta colec\u00e7\u00e3o cont\u00e9m roupas modernas projectadas para jogadores de todos os n\u00edveis.<\/p>\n","protected":false},"featured_media":72893,"template":"","meta":[],"pwb-brand":[103],"product_brand":[],"product_cat":[1814,1817],"product_tag":[],"class_list":{"0":"post-72678","1":"product","2":"type-product","3":"status-publish","4":"has-post-thumbnail","6":"pwb-brand-dunlop","7":"product_cat-promocoes","8":"product_cat-textil-promocoes","10":"first","11":"instock","12":"sale","13":"taxable","14":"shipping-taxable","15":"purchasable","16":"product-type-variable","17":"wvs-archive-product-wrapper"},"brands":[{"id":103,"name":"Dunlop","slug":"dunlop"}],"_links":{"self":[{"href":"https:\/\/drop-shot.com\/store\/wp-json\/wp\/v2\/product\/72678","targetHints":{"allow":["GET"]}}],"collection":[{"href":"https:\/\/drop-shot.com\/store\/wp-json\/wp\/v2\/product"}],"about":[{"href":"https:\/\/drop-shot.com\/store\/wp-json\/wp\/v2\/types\/product"}],"version-history":[{"count":8,"href":"https:\/\/drop-shot.com\/store\/wp-json\/wp\/v2\/product\/72678\/revisions"}],"predecessor-version":[{"id":84483,"href":"https:\/\/drop-shot.com\/store\/wp-json\/wp\/v2\/product\/72678\/revisions\/84483"}],"wp:featuredmedia":[{"embeddable":true,"href":"https:\/\/drop-shot.com\/store\/wp-json\/wp\/v2\/media\/72893"}],"wp:attachment":[{"href":"https:\/\/drop-shot.com\/store\/wp-json\/wp\/v2\/media?parent=72678"}],"wp:term":[{"taxonomy":"pwb-brand","embeddable":true,"href":"https:\/\/drop-shot.com\/store\/wp-json\/wp\/v2\/pwb-brand?post=72678"},{"taxonomy":"product_brand","embeddable":true,"href":"https:\/\/drop-shot.com\/store\/wp-json\/wp\/v2\/product_brand?post=72678"},{"taxonomy":"product_cat","embeddable":true,"href":"https:\/\/drop-shot.com\/store\/wp-json\/wp\/v2\/product_cat?post=72678"},{"taxonomy":"product_tag","embeddable":true,"href":"https:\/\/drop-shot.com\/store\/wp-json\/wp\/v2\/product_tag?post=72678"}],"curies":[{"name":"wp","href":"https:\/\/api.w.org\/{rel}","templated":true}]}}