{"id":72474,"date":"2023-02-10T12:57:48","date_gmt":"2023-02-10T12:57:48","guid":{"rendered":"https:\/\/drop-shot.com\/store\/produto\/raquete-squash-dunlop-sonic-core-ultimate-132-2\/"},"modified":"2026-04-17T13:11:36","modified_gmt":"2026-04-17T13:11:36","slug":"raquete-squash-dunlop-sonic-core-ultimate-132-2","status":"publish","type":"product","link":"https:\/\/drop-shot.com\/store\/produto\/raquete-squash-dunlop-sonic-core-ultimate-132-2\/","title":{"rendered":"Raquete Squash Dunlop Sonic Core Ultimate 132"},"content":{"rendered":"<p>Obtenha um grande controlo e pot\u00eancia melhorada a partir de uma combina\u00e7\u00e3o da forma de \u201ccabe\u00e7a\u201d convencional e do tamanho de \u201ccabe\u00e7a\u201d maior de 500cm2.<\/p>\n<p>A raquete usada por Diego Elias.<\/p>\n","protected":false},"excerpt":{"rendered":"<p>Combina\u00e7\u00e3o de energia e controlo.<br \/>\n Controle o seu poder.<\/p>\n<p>Raquete usada por Diego Elias.<\/p>\n","protected":false},"featured_media":72492,"template":"","meta":[],"pwb-brand":[103],"product_brand":[],"product_cat":[1367,1363],"product_tag":[1515,1512,1511,1698,1697],"class_list":{"0":"post-72474","1":"product","2":"type-product","3":"status-publish","4":"has-post-thumbnail","6":"pwb-brand-dunlop","7":"product_cat-raquetes-squash-2","8":"product_cat-squash-2","9":"product_tag-drop-shot","10":"product_tag-dunlop","11":"product_tag-raquete","12":"product_tag-sonic-core","13":"product_tag-squash","15":"first","16":"instock","17":"sale","18":"taxable","19":"shipping-taxable","20":"purchasable","21":"product-type-simple"},"brands":[{"id":103,"name":"Dunlop","slug":"dunlop"}],"_links":{"self":[{"href":"https:\/\/drop-shot.com\/store\/wp-json\/wp\/v2\/product\/72474","targetHints":{"allow":["GET"]}}],"collection":[{"href":"https:\/\/drop-shot.com\/store\/wp-json\/wp\/v2\/product"}],"about":[{"href":"https:\/\/drop-shot.com\/store\/wp-json\/wp\/v2\/types\/product"}],"version-history":[{"count":11,"href":"https:\/\/drop-shot.com\/store\/wp-json\/wp\/v2\/product\/72474\/revisions"}],"predecessor-version":[{"id":83812,"href":"https:\/\/drop-shot.com\/store\/wp-json\/wp\/v2\/product\/72474\/revisions\/83812"}],"wp:featuredmedia":[{"embeddable":true,"href":"https:\/\/drop-shot.com\/store\/wp-json\/wp\/v2\/media\/72492"}],"wp:attachment":[{"href":"https:\/\/drop-shot.com\/store\/wp-json\/wp\/v2\/media?parent=72474"}],"wp:term":[{"taxonomy":"pwb-brand","embeddable":true,"href":"https:\/\/drop-shot.com\/store\/wp-json\/wp\/v2\/pwb-brand?post=72474"},{"taxonomy":"product_brand","embeddable":true,"href":"https:\/\/drop-shot.com\/store\/wp-json\/wp\/v2\/product_brand?post=72474"},{"taxonomy":"product_cat","embeddable":true,"href":"https:\/\/drop-shot.com\/store\/wp-json\/wp\/v2\/product_cat?post=72474"},{"taxonomy":"product_tag","embeddable":true,"href":"https:\/\/drop-shot.com\/store\/wp-json\/wp\/v2\/product_tag?post=72474"}],"curies":[{"name":"wp","href":"https:\/\/api.w.org\/{rel}","templated":true}]}}