{"id":71723,"date":"2023-12-06T00:30:00","date_gmt":"2023-12-06T00:30:00","guid":{"rendered":"https:\/\/drop-shot.com\/store\/produto\/raquete-padel-dunlop-aero-star-pro-ramiro-moyano-3\/"},"modified":"2026-04-17T13:11:37","modified_gmt":"2026-04-17T13:11:37","slug":"raquete-padel-dunlop-aero-star-pro-ramiro-moyano-3","status":"publish","type":"product","link":"https:\/\/drop-shot.com\/store\/produto\/raquete-padel-dunlop-aero-star-pro-ramiro-moyano-3\/","title":{"rendered":"Raquete Padel Dunlop Aero Star Pro (Ramiro Moyano)"},"content":{"rendered":"<p>Constru\u00e7\u00e3o em carbono de 16K super Premium para m\u00e1xima consist\u00eancia e desempenho.<\/p>\n<p>O refor\u00e7o Tri-Clamp proporciona estabilidade para maior controlo e menor arrasto para maiores velocidades e pot\u00eancia nas pancadas de ataque.<\/p>\n<p>O padr\u00e3o de perfura\u00e7\u00e3o exclusivo Power Holes gera pot\u00eancia adicional em pancadas de ataque e o acabamento texturizado Hyper Gryp gera rota\u00e7\u00e3o adicional para pancadas mais penetrantes.<\/p>\n<p>A raquete usada por Ramiro Moyano.<\/p>\n<p>Balan\u00e7o : Elevado<br \/>\nCapa\/Saco protec\u00e7\u00e3o : N\u00e3o<br \/>\nColec\u00e7\u00e3o : 2023-2025<br \/>\nCor : Preto, Dourado<br \/>\nFormato cabe\u00e7a : Diamante<br \/>\nN\u00facleo : Pro EVA<br \/>\nPerfil : 38 mm<br \/>\nPeso : 370g<br \/>\nS\u00e9rie\/Gama : Aero Star<br \/>\nTipo jogador : Avan\u00e7ado<\/p>\n","protected":false},"excerpt":{"rendered":"<p>Poder supremo.<\/p>\n<p>A raquete usada por Ramiro Moyano.<\/p>\n","protected":false},"featured_media":71791,"template":"","meta":[],"pwb-brand":[],"product_brand":[],"product_cat":[1358,1361],"product_tag":[1514,1515,1512,1513,1511],"class_list":{"0":"post-71723","1":"product","2":"type-product","3":"status-publish","4":"has-post-thumbnail","6":"product_cat-padel-2","7":"product_cat-raquetes-padel-2","8":"product_tag-aero-star","9":"product_tag-drop-shot","10":"product_tag-dunlop","11":"product_tag-padel","12":"product_tag-raquete","14":"first","15":"instock","16":"sale","17":"taxable","18":"shipping-taxable","19":"purchasable","20":"product-type-simple"},"brands":[],"_links":{"self":[{"href":"https:\/\/drop-shot.com\/store\/wp-json\/wp\/v2\/product\/71723","targetHints":{"allow":["GET"]}}],"collection":[{"href":"https:\/\/drop-shot.com\/store\/wp-json\/wp\/v2\/product"}],"about":[{"href":"https:\/\/drop-shot.com\/store\/wp-json\/wp\/v2\/types\/product"}],"version-history":[{"count":20,"href":"https:\/\/drop-shot.com\/store\/wp-json\/wp\/v2\/product\/71723\/revisions"}],"predecessor-version":[{"id":83813,"href":"https:\/\/drop-shot.com\/store\/wp-json\/wp\/v2\/product\/71723\/revisions\/83813"}],"wp:featuredmedia":[{"embeddable":true,"href":"https:\/\/drop-shot.com\/store\/wp-json\/wp\/v2\/media\/71791"}],"wp:attachment":[{"href":"https:\/\/drop-shot.com\/store\/wp-json\/wp\/v2\/media?parent=71723"}],"wp:term":[{"taxonomy":"pwb-brand","embeddable":true,"href":"https:\/\/drop-shot.com\/store\/wp-json\/wp\/v2\/pwb-brand?post=71723"},{"taxonomy":"product_brand","embeddable":true,"href":"https:\/\/drop-shot.com\/store\/wp-json\/wp\/v2\/product_brand?post=71723"},{"taxonomy":"product_cat","embeddable":true,"href":"https:\/\/drop-shot.com\/store\/wp-json\/wp\/v2\/product_cat?post=71723"},{"taxonomy":"product_tag","embeddable":true,"href":"https:\/\/drop-shot.com\/store\/wp-json\/wp\/v2\/product_tag?post=71723"}],"curies":[{"name":"wp","href":"https:\/\/api.w.org\/{rel}","templated":true}]}}