{"id":70358,"date":"2022-12-19T11:38:19","date_gmt":"2022-12-19T11:38:19","guid":{"rendered":"https:\/\/drop-shot.com\/store\/produto\/v-impulse-lady-902-white\/"},"modified":"2026-04-29T15:26:20","modified_gmt":"2026-04-29T15:26:20","slug":"v-impulse-lady-902-white","status":"publish","type":"product","link":"https:\/\/drop-shot.com\/store\/produto\/v-impulse-lady-902-white\/","title":{"rendered":"Cal\u00e7ado Squash Joma V.Impulse Lady 902 White"},"content":{"rendered":"<p>Cal\u00e7ado destinado a desportos de INTERIOR e a todo o tipo de jogadores, destacando-se pela sua grande respirabilidade e apoio extra para os p\u00e9s.<\/p>\n<p>A parte superior \u00e9 feita de KPU vulcanizada com refor\u00e7o interno de microfibra.<\/p>\n<p>Destaca-se pela incorpora\u00e7\u00e3o do sistema VTS que permite a entrada e sa\u00edda de ar do cal\u00e7ado, mantendo uma temperatura constante do p\u00e9.<\/p>\n<p>Tem uma palmilha de EVA pr\u00e9-moldada ajustada \u00e0 forma do p\u00e9 com perfura\u00e7\u00f5es para aumentar a ventila\u00e7\u00e3o.<\/p>\n<p>A palmilha \u00e9 feita de EVA natural de 2mm costurada na parte superior.<\/p>\n<p>A entressola \u00e9 feita com materiais de dupla densidade. <\/p>\n<p>A parte superior \u00e9 mais firme para proporcionar estabilidade.<\/p>\n<p>A parte inferior \u00e9 feita com a nova tecnologia Rebound 2.0.<\/p>\n<p>A sola \u00e9 feita de borracha de alta qualidade.<\/p>\n<p>Incorpora tecnologia Stabilis para proteger e apoiar o p\u00e9.<\/p>\n","protected":false},"excerpt":{"rendered":"<p>Para desportos de interior e todo o tipo de jogadores.<\/p>\n","protected":false},"featured_media":72627,"template":"","meta":[],"pwb-brand":[2609],"product_brand":[],"product_cat":[1350,1816,1814,1351],"product_tag":[],"class_list":{"0":"post-70358","1":"product","2":"type-product","3":"status-publish","4":"has-post-thumbnail","6":"pwb-brand-joma","7":"product_cat-calcado","8":"product_cat-calcado-promocoes","9":"product_cat-promocoes","10":"product_cat-squash-calcado","12":"first","13":"instock","14":"sale","15":"taxable","16":"shipping-taxable","17":"purchasable","18":"product-type-variable","19":"wvs-archive-product-wrapper"},"brands":[{"id":2609,"name":"Joma","slug":"joma"}],"_links":{"self":[{"href":"https:\/\/drop-shot.com\/store\/wp-json\/wp\/v2\/product\/70358","targetHints":{"allow":["GET"]}}],"collection":[{"href":"https:\/\/drop-shot.com\/store\/wp-json\/wp\/v2\/product"}],"about":[{"href":"https:\/\/drop-shot.com\/store\/wp-json\/wp\/v2\/types\/product"}],"version-history":[{"count":8,"href":"https:\/\/drop-shot.com\/store\/wp-json\/wp\/v2\/product\/70358\/revisions"}],"predecessor-version":[{"id":84393,"href":"https:\/\/drop-shot.com\/store\/wp-json\/wp\/v2\/product\/70358\/revisions\/84393"}],"wp:featuredmedia":[{"embeddable":true,"href":"https:\/\/drop-shot.com\/store\/wp-json\/wp\/v2\/media\/72627"}],"wp:attachment":[{"href":"https:\/\/drop-shot.com\/store\/wp-json\/wp\/v2\/media?parent=70358"}],"wp:term":[{"taxonomy":"pwb-brand","embeddable":true,"href":"https:\/\/drop-shot.com\/store\/wp-json\/wp\/v2\/pwb-brand?post=70358"},{"taxonomy":"product_brand","embeddable":true,"href":"https:\/\/drop-shot.com\/store\/wp-json\/wp\/v2\/product_brand?post=70358"},{"taxonomy":"product_cat","embeddable":true,"href":"https:\/\/drop-shot.com\/store\/wp-json\/wp\/v2\/product_cat?post=70358"},{"taxonomy":"product_tag","embeddable":true,"href":"https:\/\/drop-shot.com\/store\/wp-json\/wp\/v2\/product_tag?post=70358"}],"curies":[{"name":"wp","href":"https:\/\/api.w.org\/{rel}","templated":true}]}}