{"id":70355,"date":"2022-12-19T11:37:27","date_gmt":"2022-12-19T11:37:27","guid":{"rendered":"https:\/\/drop-shot.com\/store\/produto\/t-slam-lady-2004-neige-gold-clay\/"},"modified":"2026-04-29T15:26:01","modified_gmt":"2026-04-29T15:26:01","slug":"t-slam-lady-2004-neige-gold-clay","status":"publish","type":"product","link":"https:\/\/drop-shot.com\/store\/produto\/t-slam-lady-2004-neige-gold-clay\/","title":{"rendered":"Cal\u00e7ado Padel Joma T.Slam Lady 2025 Neige-Gold Clay"},"content":{"rendered":"<p>Um \u00f3ptimo modelo de cal\u00e7ado de Padel projetado para jogadores de alto desempenho e muito exigentes e que procuram estabilidade no jogo.<\/p>\n<p>Uma boa escolha se voc\u00ea est\u00e1 procurando contacto leve com o solo para se mover confortavelmente no campo.<\/p>\n<p>Parte superior em Nylon com inser\u00e7\u00f5es TPU para protec\u00e7\u00e3o e estabilidade.<\/p>\n<p>Incorpora refor\u00e7o adicional na \u00e1rea do dedo do p\u00e9 e uma palmilha EVA termo-formada para se ajustar \u00e0 forma do p\u00e9.<\/p>\n<p>A entressola \u00e9 composta por duas pe\u00e7as, uma para proporcionar estabilidade e outra feita de um peda\u00e7o de PVC que mant\u00e9m a sola r\u00edgida quando em contacto com o solo.<\/p>\n<p>Peso aproximado: 258 g.<\/p>\n","protected":false},"excerpt":{"rendered":"<p>Cal\u00e7ado de alta performance para jogadores que procuram muita estabilidade em campo.<\/p>\n","protected":false},"featured_media":72617,"template":"","meta":[],"pwb-brand":[2609],"product_brand":[],"product_cat":[1350,1816,1385,1814,1386],"product_tag":[],"class_list":{"0":"post-70355","1":"product","2":"type-product","3":"status-publish","4":"has-post-thumbnail","6":"pwb-brand-joma","7":"product_cat-calcado","8":"product_cat-calcado-promocoes","9":"product_cat-padel-calcado","10":"product_cat-promocoes","11":"product_cat-tenis-calcado","13":"first","14":"outofstock","15":"sale","16":"taxable","17":"shipping-taxable","18":"purchasable","19":"product-type-variable","20":"wvs-archive-product-wrapper"},"brands":[{"id":2609,"name":"Joma","slug":"joma"}],"_links":{"self":[{"href":"https:\/\/drop-shot.com\/store\/wp-json\/wp\/v2\/product\/70355","targetHints":{"allow":["GET"]}}],"collection":[{"href":"https:\/\/drop-shot.com\/store\/wp-json\/wp\/v2\/product"}],"about":[{"href":"https:\/\/drop-shot.com\/store\/wp-json\/wp\/v2\/types\/product"}],"version-history":[{"count":14,"href":"https:\/\/drop-shot.com\/store\/wp-json\/wp\/v2\/product\/70355\/revisions"}],"predecessor-version":[{"id":84391,"href":"https:\/\/drop-shot.com\/store\/wp-json\/wp\/v2\/product\/70355\/revisions\/84391"}],"wp:featuredmedia":[{"embeddable":true,"href":"https:\/\/drop-shot.com\/store\/wp-json\/wp\/v2\/media\/72617"}],"wp:attachment":[{"href":"https:\/\/drop-shot.com\/store\/wp-json\/wp\/v2\/media?parent=70355"}],"wp:term":[{"taxonomy":"pwb-brand","embeddable":true,"href":"https:\/\/drop-shot.com\/store\/wp-json\/wp\/v2\/pwb-brand?post=70355"},{"taxonomy":"product_brand","embeddable":true,"href":"https:\/\/drop-shot.com\/store\/wp-json\/wp\/v2\/product_brand?post=70355"},{"taxonomy":"product_cat","embeddable":true,"href":"https:\/\/drop-shot.com\/store\/wp-json\/wp\/v2\/product_cat?post=70355"},{"taxonomy":"product_tag","embeddable":true,"href":"https:\/\/drop-shot.com\/store\/wp-json\/wp\/v2\/product_tag?post=70355"}],"curies":[{"name":"wp","href":"https:\/\/api.w.org\/{rel}","templated":true}]}}