{"id":70354,"date":"2022-12-19T11:37:09","date_gmt":"2022-12-19T11:37:09","guid":{"rendered":"https:\/\/drop-shot.com\/store\/produto\/t-slam-lady-2004-blue-fuchsia-clay\/"},"modified":"2026-04-29T15:25:57","modified_gmt":"2026-04-29T15:25:57","slug":"t-slam-lady-2004-blue-fuchsia-clay","status":"publish","type":"product","link":"https:\/\/drop-shot.com\/store\/produto\/t-slam-lady-2004-blue-fuchsia-clay\/","title":{"rendered":"Cal\u00e7ado Padel Joma T.Slam Lady 2004 Blue-Fuchsia Clay"},"content":{"rendered":"<p>Um T\u00e9nis projetado para jogadores exigentes.<\/p>\n<p>Uma boa escolha se voc\u00ea estiver procurando um cal\u00e7ado leve para movimentos agrad\u00e1veis no campo.<\/p>\n<p>\u00c9 feito de Nylon com inser\u00e7\u00e3o de PU para proteger e dar estabilidade ao cal\u00e7ado.<\/p>\n<p>A parte frontal para apoio ao dedo do p\u00e9 \u00e9 feita de microfibra e tem um refor\u00e7o.<\/p>\n<p>A palmilha \u00e9 feita de EVA termo-formada para melhorar a adapta\u00e7\u00e3o \u00e0 forma do p\u00e9.<\/p>\n<p>A meia-sola \u00e9 projectada em duas partes: uma para maior estabilidade e outra feita de PVC para manter a rigidez da sola durante a passada.<\/p>\n","protected":false},"excerpt":{"rendered":"<p>Cal\u00e7ado de alta performance para jogadores que procuram muita estabilidade em campo.<\/p>\n","protected":false},"featured_media":72609,"template":"","meta":[],"pwb-brand":[2609],"product_brand":[],"product_cat":[1350,1816,1385,1814],"product_tag":[],"class_list":{"0":"post-70354","1":"product","2":"type-product","3":"status-publish","4":"has-post-thumbnail","6":"pwb-brand-joma","7":"product_cat-calcado","8":"product_cat-calcado-promocoes","9":"product_cat-padel-calcado","10":"product_cat-promocoes","12":"first","13":"instock","14":"sale","15":"taxable","16":"shipping-taxable","17":"purchasable","18":"product-type-variable","19":"wvs-archive-product-wrapper"},"brands":[{"id":2609,"name":"Joma","slug":"joma"}],"_links":{"self":[{"href":"https:\/\/drop-shot.com\/store\/wp-json\/wp\/v2\/product\/70354","targetHints":{"allow":["GET"]}}],"collection":[{"href":"https:\/\/drop-shot.com\/store\/wp-json\/wp\/v2\/product"}],"about":[{"href":"https:\/\/drop-shot.com\/store\/wp-json\/wp\/v2\/types\/product"}],"version-history":[{"count":10,"href":"https:\/\/drop-shot.com\/store\/wp-json\/wp\/v2\/product\/70354\/revisions"}],"predecessor-version":[{"id":84390,"href":"https:\/\/drop-shot.com\/store\/wp-json\/wp\/v2\/product\/70354\/revisions\/84390"}],"wp:featuredmedia":[{"embeddable":true,"href":"https:\/\/drop-shot.com\/store\/wp-json\/wp\/v2\/media\/72609"}],"wp:attachment":[{"href":"https:\/\/drop-shot.com\/store\/wp-json\/wp\/v2\/media?parent=70354"}],"wp:term":[{"taxonomy":"pwb-brand","embeddable":true,"href":"https:\/\/drop-shot.com\/store\/wp-json\/wp\/v2\/pwb-brand?post=70354"},{"taxonomy":"product_brand","embeddable":true,"href":"https:\/\/drop-shot.com\/store\/wp-json\/wp\/v2\/product_brand?post=70354"},{"taxonomy":"product_cat","embeddable":true,"href":"https:\/\/drop-shot.com\/store\/wp-json\/wp\/v2\/product_cat?post=70354"},{"taxonomy":"product_tag","embeddable":true,"href":"https:\/\/drop-shot.com\/store\/wp-json\/wp\/v2\/product_tag?post=70354"}],"curies":[{"name":"wp","href":"https:\/\/api.w.org\/{rel}","templated":true}]}}