{"id":70353,"date":"2022-12-19T11:36:48","date_gmt":"2022-12-19T11:36:48","guid":{"rendered":"https:\/\/drop-shot.com\/store\/produto\/t-pro-roland-2002-white-navy-all-court\/"},"modified":"2026-04-29T15:25:49","modified_gmt":"2026-04-29T15:25:49","slug":"t-pro-roland-2002-white-navy-all-court","status":"publish","type":"product","link":"https:\/\/drop-shot.com\/store\/produto\/t-pro-roland-2002-white-navy-all-court\/","title":{"rendered":"Cal\u00e7ado T\u00e9nis Joma T.Pro Roland 2002 White-Navy All Court"},"content":{"rendered":"<p>Estabilidade:<br \/>\n&#8211; Um peda\u00e7o de TPU localizado na parte mais estreita da sola para evitar uma rota\u00e7\u00e3o inc\u00f3moda entre a parte dianteira e traseira do p\u00e9, conseguindo assim uma maior estabilidade. Na gama superior dos modelos em funcionamento \u00e9 complementada por uma pe\u00e7a triangular central que aumenta a consist\u00eancia da sola. Num cal\u00e7ado de T\u00e9nis localiza-se na entressola para manter o piso firme durante os movimentos laterais.<\/p>\n<p>Durabilidade:<br \/>\n&#8211; Uma tecnologia que proporciona \u00e0 sola uma maior durabilidade gra\u00e7as \u00e0 borracha de alta resist\u00eancia que retarda o desgaste causado pela abras\u00e3o, prolongando assim a vida \u00fatil do cal\u00e7ado.<\/p>\n<p>Sportech:<br \/>\n&#8211; Borracha injetada, o que significa que n\u00e3o h\u00e1 costuras ou outros materiais r\u00edgidos na parte superior do cal\u00e7ado. Proporcionando leveza, conforto, maior flexibilidade e melhor ajuste ao p\u00e9. A espessura \u00e9 vari\u00e1vel dependendo da protec\u00e7\u00e3o e resist\u00eancia exigidas por cada \u00e1rea.<\/p>\n<p>VTS:<br \/>\n&#8211; Um sistema de ventila\u00e7\u00e3o que permite um maior fluxo de ar dentro do cal\u00e7ado, mantendo a temperatura do p\u00e9 constante.<\/p>\n<p>Contador Exo:<br \/>\n&#8211; Um contraforte no calcanhar proporcionando melhor protec\u00e7\u00e3o e maior conforto gra\u00e7as \u00e0 forma mais ergon\u00f3mica do novo \u00faltimo. As sec\u00e7\u00f5es exteriores s\u00e3o fabricadas com microfibra altamente resistente e o contraforte no interior \u00e9 feito de PVC e espuma.<\/p>\n<p>Sistema Glove:<br \/>\n&#8211; Um sistema de montagem entre a entressola e a parte superior proporcionando maior conforto e redu\u00e7\u00e3o de peso resultando numa \u00fanica pe\u00e7a. Ambas as partes s\u00e3o costuradas planas e sem costuras proeminentes.<\/p>\n<p>360\u00ba:<br \/>\n&#8211; Sistema de fabrica\u00e7\u00e3o para sola e montagem superior proporcionando distribui\u00e7\u00e3o natural de peso em golpes de p\u00e9.<\/p>\n<p>Eva+:<br \/>\n&#8211; Material utilizado para a entressola e a palmilha real\u00e7ando o amortecimento absorvendo a batida do p\u00e9. Este componente caracteriza-se por recuperar a sua forma com maior facilidade na fase de movimento de transi\u00e7\u00e3o.<\/p>\n<p>Protec\u00e7\u00e3o:<br \/>\n&#8211; Um material utilizado em diferentes \u00e1reas do cal\u00e7ado para refor\u00e7ar a sua resist\u00eancia e durabilidade.<\/p>\n<p>Rota\u00e7\u00e3o:<br \/>\n&#8211; Uma estrutura geom\u00e9trica localizada na sola que auxilia as voltas e rota\u00e7\u00f5es. Previne les\u00f5es principalmente no joelho e tornozelo.<\/p>\n","protected":false},"excerpt":{"rendered":"<p>Cal\u00e7ado para a pr\u00e1tica de T\u00e9nis em piso r\u00e1pido e terra de alta qualidade.<\/p>\n","protected":false},"featured_media":72631,"template":"","meta":[],"pwb-brand":[2609],"product_brand":[],"product_cat":[1350,1816,1814,1386],"product_tag":[],"class_list":{"0":"post-70353","1":"product","2":"type-product","3":"status-publish","4":"has-post-thumbnail","6":"pwb-brand-joma","7":"product_cat-calcado","8":"product_cat-calcado-promocoes","9":"product_cat-promocoes","10":"product_cat-tenis-calcado","12":"first","13":"instock","14":"sale","15":"taxable","16":"shipping-taxable","17":"purchasable","18":"product-type-variable","19":"wvs-archive-product-wrapper"},"brands":[{"id":2609,"name":"Joma","slug":"joma"}],"_links":{"self":[{"href":"https:\/\/drop-shot.com\/store\/wp-json\/wp\/v2\/product\/70353","targetHints":{"allow":["GET"]}}],"collection":[{"href":"https:\/\/drop-shot.com\/store\/wp-json\/wp\/v2\/product"}],"about":[{"href":"https:\/\/drop-shot.com\/store\/wp-json\/wp\/v2\/types\/product"}],"version-history":[{"count":8,"href":"https:\/\/drop-shot.com\/store\/wp-json\/wp\/v2\/product\/70353\/revisions"}],"predecessor-version":[{"id":84388,"href":"https:\/\/drop-shot.com\/store\/wp-json\/wp\/v2\/product\/70353\/revisions\/84388"}],"wp:featuredmedia":[{"embeddable":true,"href":"https:\/\/drop-shot.com\/store\/wp-json\/wp\/v2\/media\/72631"}],"wp:attachment":[{"href":"https:\/\/drop-shot.com\/store\/wp-json\/wp\/v2\/media?parent=70353"}],"wp:term":[{"taxonomy":"pwb-brand","embeddable":true,"href":"https:\/\/drop-shot.com\/store\/wp-json\/wp\/v2\/pwb-brand?post=70353"},{"taxonomy":"product_brand","embeddable":true,"href":"https:\/\/drop-shot.com\/store\/wp-json\/wp\/v2\/product_brand?post=70353"},{"taxonomy":"product_cat","embeddable":true,"href":"https:\/\/drop-shot.com\/store\/wp-json\/wp\/v2\/product_cat?post=70353"},{"taxonomy":"product_tag","embeddable":true,"href":"https:\/\/drop-shot.com\/store\/wp-json\/wp\/v2\/product_tag?post=70353"}],"curies":[{"name":"wp","href":"https:\/\/api.w.org\/{rel}","templated":true}]}}