{"id":70351,"date":"2022-12-19T11:36:12","date_gmt":"2022-12-19T11:36:12","guid":{"rendered":"https:\/\/drop-shot.com\/store\/produto\/t-ace-pro-lady-2012-green-clay\/"},"modified":"2026-04-17T13:32:44","modified_gmt":"2026-04-17T13:32:44","slug":"t-ace-pro-lady-2012-green-clay","status":"publish","type":"product","link":"https:\/\/drop-shot.com\/store\/produto\/t-ace-pro-lady-2012-green-clay\/","title":{"rendered":"Cal\u00e7ado Padel Joma T.Ace Pro Lady 2012 Green Clay"},"content":{"rendered":"<p>Para T\u00e9nis e Padel.<\/p>\n<p>Nylon e KPU superior, que elimina a abras\u00e3o em movimentos laterais no campo.<\/p>\n<p>Possui uma protec\u00e7\u00e3o exterior no calcanhar para proteger o cal\u00e7ado.<\/p>\n<p>Parte frontal refor\u00e7ada para melhorar a durabilidade e prote\u00e7\u00e3o dos dedos do p\u00e9.<\/p>\n<p>Possui um sistema de ventila\u00e7\u00e3o VTS, que permite que o ar saia pela parte de tr\u00e1s, mantendo a temperatura do p\u00e9 constante.<\/p>\n<p>Todos os materiais s\u00e3o leves e resistentes.<\/p>\n<p>Projetado com a tecnologia JOMA SPORTECH \u2013 um sistema de borracha injetada que evita costuras e outros materiais r\u00edgidos e que cria uma estrutura mais confort\u00e1vel com maior capacidade de flex\u00e3o e melhor ajuste ao p\u00e9.<\/p>\n<p>Possui um refor\u00e7o no tornozelo gra\u00e7as ao sistema FIX COUNTER, que proporciona maior apoio, protec\u00e7\u00e3o e conforto gra\u00e7as \u00e0 sua forma ergon\u00f3mica.<\/p>\n<p>Palmilha natural EVA+ preformada e palmilha interior para se ajustar ao ajuste de largura e contribuir para o amortecimento, absorvendo o impacto em cada passo.<\/p>\n<p>Uni\u00e3o entre a palmilha interior e a parte superior atrav\u00e9s da tecnologia GLOVE SYSTEM \u2013 um m\u00e9todo em que ambas as pe\u00e7as s\u00e3o costuradas sem pontos salientes para manter as linhas arredondadas do p\u00e9.<\/p>\n<p>A entressola \u00e9 composta por duas pe\u00e7as: uma na parte superior para dar estabilidade ao cal\u00e7ado, e outra incluindo a sola Rebound para fornecer o ressalto necess\u00e1rio para impulsionar durante a corrida e facilitar o trabalho do atleta, bem como um material para maior conforto, resist\u00eancia e amortecimento em cada passo.<\/p>\n<p>Sola de borracha altamente resistente, que retarda o desgaste devido \u00e0 abras\u00e3o e melhora a vida \u00fatil do cal\u00e7ado.<\/p>\n","protected":false},"excerpt":{"rendered":"<p>Modelo concebido para competi\u00e7\u00e3o de alto n\u00edvel, destinado a desportistas muito exigentes que procuram protec\u00e7\u00e3o, capacidade de transpira\u00e7\u00e3o e conforto.<\/p>\n","protected":false},"featured_media":72608,"template":"","meta":[],"pwb-brand":[2609],"product_brand":[],"product_cat":[1350,1816,1385,1814],"product_tag":[],"class_list":{"0":"post-70351","1":"product","2":"type-product","3":"status-publish","4":"has-post-thumbnail","6":"pwb-brand-joma","7":"product_cat-calcado","8":"product_cat-calcado-promocoes","9":"product_cat-padel-calcado","10":"product_cat-promocoes","12":"first","13":"instock","14":"sale","15":"taxable","16":"shipping-taxable","17":"purchasable","18":"product-type-variable","19":"wvs-archive-product-wrapper"},"brands":[{"id":2609,"name":"Joma","slug":"joma"}],"_links":{"self":[{"href":"https:\/\/drop-shot.com\/store\/wp-json\/wp\/v2\/product\/70351","targetHints":{"allow":["GET"]}}],"collection":[{"href":"https:\/\/drop-shot.com\/store\/wp-json\/wp\/v2\/product"}],"about":[{"href":"https:\/\/drop-shot.com\/store\/wp-json\/wp\/v2\/types\/product"}],"version-history":[{"count":10,"href":"https:\/\/drop-shot.com\/store\/wp-json\/wp\/v2\/product\/70351\/revisions"}],"predecessor-version":[{"id":84386,"href":"https:\/\/drop-shot.com\/store\/wp-json\/wp\/v2\/product\/70351\/revisions\/84386"}],"wp:featuredmedia":[{"embeddable":true,"href":"https:\/\/drop-shot.com\/store\/wp-json\/wp\/v2\/media\/72608"}],"wp:attachment":[{"href":"https:\/\/drop-shot.com\/store\/wp-json\/wp\/v2\/media?parent=70351"}],"wp:term":[{"taxonomy":"pwb-brand","embeddable":true,"href":"https:\/\/drop-shot.com\/store\/wp-json\/wp\/v2\/pwb-brand?post=70351"},{"taxonomy":"product_brand","embeddable":true,"href":"https:\/\/drop-shot.com\/store\/wp-json\/wp\/v2\/product_brand?post=70351"},{"taxonomy":"product_cat","embeddable":true,"href":"https:\/\/drop-shot.com\/store\/wp-json\/wp\/v2\/product_cat?post=70351"},{"taxonomy":"product_tag","embeddable":true,"href":"https:\/\/drop-shot.com\/store\/wp-json\/wp\/v2\/product_tag?post=70351"}],"curies":[{"name":"wp","href":"https:\/\/api.w.org\/{rel}","templated":true}]}}