{"id":70349,"date":"2022-12-19T11:35:33","date_gmt":"2022-12-19T11:35:33","guid":{"rendered":"https:\/\/drop-shot.com\/store\/produto\/j-master-1000-jr-2033-navy-pink\/"},"modified":"2026-04-30T16:28:15","modified_gmt":"2026-04-30T16:28:15","slug":"j-master-1000-jr-2033-navy-pink","status":"publish","type":"product","link":"https:\/\/drop-shot.com\/store\/produto\/j-master-1000-jr-2033-navy-pink\/","title":{"rendered":"Cal\u00e7ado J\u00fanior Joma J.Master 1000 Jr 2033 Navy-Pink"},"content":{"rendered":"<p>Cal\u00e7ado pensado para os mais novos e para a pr\u00e1tica de desportos de raquete.<\/p>\n<p>A parte superior \u00e9 feita de micro PU e Nylon, com perfura\u00e7\u00f5es para transpira\u00e7\u00e3o do p\u00e9 e palmilha EVA lisa e palmilha Texon.<\/p>\n<p>A sola interm\u00e9dia de pe\u00e7a \u00fanica, dividida em se\u00e7\u00f5es serve para facilitar a adapta\u00e7\u00e3o ao terreno, e \u00e9 feita de borracha com resist\u00eancia \u00e0 abras\u00e3o DIN-90.<\/p>\n","protected":false},"excerpt":{"rendered":"<p>Todos os profissionais come\u00e7aram como amadores.<\/p>\n","protected":false},"featured_media":72607,"template":"","meta":[],"pwb-brand":[2609],"product_brand":[],"product_cat":[1350,1816,1387,1814],"product_tag":[],"class_list":{"0":"post-70349","1":"product","2":"type-product","3":"status-publish","4":"has-post-thumbnail","6":"pwb-brand-joma","7":"product_cat-calcado","8":"product_cat-calcado-promocoes","9":"product_cat-junior","10":"product_cat-promocoes","12":"first","13":"instock","14":"sale","15":"taxable","16":"shipping-taxable","17":"purchasable","18":"product-type-variable","19":"wvs-archive-product-wrapper"},"brands":[{"id":2609,"name":"Joma","slug":"joma"}],"_links":{"self":[{"href":"https:\/\/drop-shot.com\/store\/wp-json\/wp\/v2\/product\/70349","targetHints":{"allow":["GET"]}}],"collection":[{"href":"https:\/\/drop-shot.com\/store\/wp-json\/wp\/v2\/product"}],"about":[{"href":"https:\/\/drop-shot.com\/store\/wp-json\/wp\/v2\/types\/product"}],"version-history":[{"count":8,"href":"https:\/\/drop-shot.com\/store\/wp-json\/wp\/v2\/product\/70349\/revisions"}],"predecessor-version":[{"id":84384,"href":"https:\/\/drop-shot.com\/store\/wp-json\/wp\/v2\/product\/70349\/revisions\/84384"}],"wp:featuredmedia":[{"embeddable":true,"href":"https:\/\/drop-shot.com\/store\/wp-json\/wp\/v2\/media\/72607"}],"wp:attachment":[{"href":"https:\/\/drop-shot.com\/store\/wp-json\/wp\/v2\/media?parent=70349"}],"wp:term":[{"taxonomy":"pwb-brand","embeddable":true,"href":"https:\/\/drop-shot.com\/store\/wp-json\/wp\/v2\/pwb-brand?post=70349"},{"taxonomy":"product_brand","embeddable":true,"href":"https:\/\/drop-shot.com\/store\/wp-json\/wp\/v2\/product_brand?post=70349"},{"taxonomy":"product_cat","embeddable":true,"href":"https:\/\/drop-shot.com\/store\/wp-json\/wp\/v2\/product_cat?post=70349"},{"taxonomy":"product_tag","embeddable":true,"href":"https:\/\/drop-shot.com\/store\/wp-json\/wp\/v2\/product_tag?post=70349"}],"curies":[{"name":"wp","href":"https:\/\/api.w.org\/{rel}","templated":true}]}}