{"id":70344,"date":"2022-12-19T11:34:06","date_gmt":"2022-12-19T11:34:06","guid":{"rendered":"https:\/\/drop-shot.com\/store\/produto\/saia-dunlop-game-skirt-senhora-branco\/"},"modified":"2026-04-09T09:19:33","modified_gmt":"2026-04-09T09:19:33","slug":"saia-dunlop-game-skirt-senhora-branco","status":"publish","type":"product","link":"https:\/\/drop-shot.com\/store\/produto\/saia-dunlop-game-skirt-senhora-branco\/","title":{"rendered":"Saia Dunlop Game Skirt Senhora (Branco)"},"content":{"rendered":"<p>Esta Saia desportiva \u00e9 feita de material el\u00e1stico leve de alta qualidade para um conforto ideal.<\/p>\n<p>Possui um material \u201clegging\u201d curto e apertado mas confort\u00e1vel, garantindo firmeza e liberdade completa de movimento mas com um ajuste ideal.<\/p>\n<p>Tamanhos: XS a XXL<br \/>\nTecido: 92% Poli\u00e9ster com 8% Spandex e 210g<\/p>\n","protected":false},"excerpt":{"rendered":"<p>A Saia \u00e9 confort\u00e1vel e elegante e pertence \u00e0 colec\u00e7\u00e3o Club Line.<\/p>\n<p>Esta colec\u00e7\u00e3o cont\u00e9m roupas modernas projectadas para jogadores de todos os n\u00edveis.<\/p>\n","protected":false},"featured_media":72943,"template":"","meta":[],"pwb-brand":[103],"product_brand":[],"product_cat":[1814,1817],"product_tag":[],"class_list":{"0":"post-70344","1":"product","2":"type-product","3":"status-publish","4":"has-post-thumbnail","6":"pwb-brand-dunlop","7":"product_cat-promocoes","8":"product_cat-textil-promocoes","10":"first","11":"instock","12":"sale","13":"taxable","14":"shipping-taxable","15":"purchasable","16":"product-type-variable","17":"wvs-archive-product-wrapper"},"brands":[{"id":103,"name":"Dunlop","slug":"dunlop"}],"_links":{"self":[{"href":"https:\/\/drop-shot.com\/store\/wp-json\/wp\/v2\/product\/70344","targetHints":{"allow":["GET"]}}],"collection":[{"href":"https:\/\/drop-shot.com\/store\/wp-json\/wp\/v2\/product"}],"about":[{"href":"https:\/\/drop-shot.com\/store\/wp-json\/wp\/v2\/types\/product"}],"version-history":[{"count":8,"href":"https:\/\/drop-shot.com\/store\/wp-json\/wp\/v2\/product\/70344\/revisions"}],"predecessor-version":[{"id":84501,"href":"https:\/\/drop-shot.com\/store\/wp-json\/wp\/v2\/product\/70344\/revisions\/84501"}],"wp:featuredmedia":[{"embeddable":true,"href":"https:\/\/drop-shot.com\/store\/wp-json\/wp\/v2\/media\/72943"}],"wp:attachment":[{"href":"https:\/\/drop-shot.com\/store\/wp-json\/wp\/v2\/media?parent=70344"}],"wp:term":[{"taxonomy":"pwb-brand","embeddable":true,"href":"https:\/\/drop-shot.com\/store\/wp-json\/wp\/v2\/pwb-brand?post=70344"},{"taxonomy":"product_brand","embeddable":true,"href":"https:\/\/drop-shot.com\/store\/wp-json\/wp\/v2\/product_brand?post=70344"},{"taxonomy":"product_cat","embeddable":true,"href":"https:\/\/drop-shot.com\/store\/wp-json\/wp\/v2\/product_cat?post=70344"},{"taxonomy":"product_tag","embeddable":true,"href":"https:\/\/drop-shot.com\/store\/wp-json\/wp\/v2\/product_tag?post=70344"}],"curies":[{"name":"wp","href":"https:\/\/api.w.org\/{rel}","templated":true}]}}